{"id":313,"date":"2025-03-20T06:42:08","date_gmt":"2025-03-20T05:42:08","guid":{"rendered":"https:\/\/www.predict.io\/kontakt\/"},"modified":"2025-10-13T07:21:15","modified_gmt":"2025-10-13T05:21:15","slug":"kontakt","status":"publish","type":"page","link":"https:\/\/www.predict.io\/de\/kontakt\/","title":{"rendered":"Kontakt"},"content":{"rendered":"\n<div class=\"wp-block-group expanded header-subpage\"><div class=\"wp-block-group__inner-container is-layout-constrained wp-block-group-is-layout-constrained\">\n<div class=\"wp-block-columns container is-layout-flex wp-container-core-columns-is-layout-9d6595d7 wp-block-columns-is-layout-flex\">\n<div class=\"wp-block-column is-vertically-aligned-center is-layout-flow wp-block-column-is-layout-flow\">\n<h1 class=\"wp-block-heading\">Kontaktieren Sie uns<\/h1>\n\n\n\n<p>Nehmen Sie Kontakt mit uns auf und lassen Sie uns wissen, wie wir Ihnen helfen k\u00f6nnen.  <br>Unser Team beantwortet gerne Ihre Fragen. F\u00fcllen Sie das Formular aus und wir werden uns so schnell wie m\u00f6glich bei Ihnen melden.<\/p>\n<\/div>\n\n\n\n<div class=\"wp-block-column is-layout-flow wp-block-column-is-layout-flow\">\n<figure class=\"wp-block-image\"><img loading=\"lazy\" decoding=\"async\" width=\"570\" height=\"405\" src=\"https:\/\/www.predict.io\/wp-content\/uploads\/2025\/03\/man_with_cup_and_notebook.png\" alt=\"Mann mit Notizbuch und Kaffee zur Kontaktaufnahme\" class=\"wp-image-205\" srcset=\"https:\/\/www.predict.io\/wp-content\/uploads\/2025\/03\/man_with_cup_and_notebook.png 570w, https:\/\/www.predict.io\/wp-content\/uploads\/2025\/03\/man_with_cup_and_notebook-300x213.png 300w\" sizes=\"auto, (max-width: 570px) 100vw, 570px\" \/><\/figure>\n<\/div>\n<\/div>\n<\/div><\/div>\n\n\n\n<div class=\"wp-block-columns big is-layout-flex wp-container-core-columns-is-layout-9d6595d7 wp-block-columns-is-layout-flex\">\n<div class=\"wp-block-column is-layout-flow wp-block-column-is-layout-flow\" style=\"flex-basis:50%\">\n<div class=\"wp-block-leadin-hubspot-form-block\">\n\t\t\t\t\t\t<script>\n\t\t\t\t\t\t\twindow.hsFormsOnReady = window.hsFormsOnReady || [];\n\t\t\t\t\t\t\twindow.hsFormsOnReady.push(()=>{\n\t\t\t\t\t\t\t\thbspt.forms.create({\n\t\t\t\t\t\t\t\t\tportalId: 140464484,\n\t\t\t\t\t\t\t\t\tformId: \"a1994d2d-999f-4231-bfda-e9179d452af1\",\n\t\t\t\t\t\t\t\t\ttarget: \"#hbspt-form-1778887063000-5671634193\",\n\t\t\t\t\t\t\t\t\tregion: \"eu1\",\n\t\t\t\t\t\t\t\t\t\n\t\t\t\t\t\t\t})});\n\t\t\t\t\t\t<\/script>\n\t\t\t\t\t\t<div class=\"hbspt-form\" id=\"hbspt-form-1778887063000-5671634193\"><\/div><\/div>\n<\/div>\n\n\n\n<div class=\"wp-block-column center-vertical is-layout-flow wp-block-column-is-layout-flow\" style=\"flex-basis:50%\">\n<h2 class=\"wp-block-heading has-large-font-size\">M\u00f6chten Sie lieber sofort mit uns sprechen?<\/h2>\n\n\n\n<p>Vereinbaren Sie jetzt einen Kennenlerntermin mit unseren Online-Marketing-Experten.<\/p>\n\n\n\n<div class=\"wp-block-buttons is-layout-flex wp-block-buttons-is-layout-flex\">\n<div class=\"wp-block-button\"><a class=\"wp-block-button__link wp-element-button\" href=\"https:\/\/meetings-eu1.hubspot.com\/antoine-clement\" target=\"_blank\" rel=\"noreferrer noopener\">Buchen Sie einen Anruf<\/a><\/div>\n<\/div>\n<\/div>\n<\/div>\n\n\n\n<div style=\"height:40px\" aria-hidden=\"true\" class=\"wp-block-spacer\"><\/div>\n\n\n\n<div class=\"wp-block-media-text has-media-on-the-right is-stacked-on-mobile green\" style=\"grid-template-columns:auto 40%\"><div class=\"wp-block-media-text__content\">\n<h2 class=\"wp-block-heading has-large-font-size\">Newsletter<\/h2>\n\n\n\n<p>Erhalten Sie die neuesten digitalen Erkenntnisse und Trends direkt in Ihren Posteingang.<\/p>\n\n\n\n<div class=\"wp-block-leadin-hubspot-form-block\">\n\t\t\t\t\t\t<script>\n\t\t\t\t\t\t\twindow.hsFormsOnReady = window.hsFormsOnReady || [];\n\t\t\t\t\t\t\twindow.hsFormsOnReady.push(()=>{\n\t\t\t\t\t\t\t\thbspt.forms.create({\n\t\t\t\t\t\t\t\t\tportalId: 140464484,\n\t\t\t\t\t\t\t\t\tformId: \"d0423c4c-f58d-4b08-8ac4-e538578d724d\",\n\t\t\t\t\t\t\t\t\ttarget: \"#hbspt-form-1778887063000-6960997375\",\n\t\t\t\t\t\t\t\t\tregion: \"eu1\",\n\t\t\t\t\t\t\t\t\t\n\t\t\t\t\t\t\t})});\n\t\t\t\t\t\t<\/script>\n\t\t\t\t\t\t<div class=\"hbspt-form\" id=\"hbspt-form-1778887063000-6960997375\"><\/div><\/div>\n<\/div><figure class=\"wp-block-media-text__media\"><img decoding=\"async\" src=\"https:\/\/www.predict.io\/wp-content\/uploads\/2025\/03\/contact-us_newsletter-bkg.svg\" alt=\"Papierflieger zum Anfassen\" class=\"wp-image-204 size-full\"\/><\/figure><\/div>\n","protected":false},"excerpt":{"rendered":"<p>Kontaktieren Sie uns Nehmen Sie Kontakt mit uns auf und lassen Sie uns wissen, wie wir Ihnen helfen k\u00f6nnen. Unser Team beantwortet gerne Ihre Fragen. F\u00fcllen Sie das Formular aus und wir werden uns so schnell wie m\u00f6glich bei Ihnen melden. M\u00f6chten Sie lieber sofort mit uns sprechen? Vereinbaren Sie jetzt einen Kennenlerntermin mit unseren <\/p>\n<p><a class=\"btn btn-secondary understrap-read-more-link\" href=\"https:\/\/www.predict.io\/de\/kontakt\/\">Read More<span class=\"screen-reader-text\"> from Kontakt<\/span><\/a><\/p>\n","protected":false},"author":1,"featured_media":0,"parent":0,"menu_order":0,"comment_status":"closed","ping_status":"closed","template":"page-templates\/fullwidthpage.php","meta":{"content-type":"","footnotes":""},"class_list":["post-313","page","type-page","status-publish","hentry"],"yoast_head":"<!-- This site is optimized with the Yoast SEO plugin v27.6 - https:\/\/yoast.com\/product\/yoast-seo-wordpress\/ -->\n<title>Jetzt Kontakt aufnehmen und unverbindlich beraten lassen | predict.io<\/title>\n<meta name=\"description\" content=\"Haben Sie Fragen oder sind Sie bereit, weiterzumachen? Lassen Sie uns reden - pers\u00f6nlich, schnell &amp; unverbindlich. Buchen Sie Ihren Termin.\" \/>\n<meta name=\"robots\" content=\"index, follow, max-snippet:-1, max-image-preview:large, max-video-preview:-1\" \/>\n<link rel=\"canonical\" href=\"https:\/\/www.predict.io\/de\/kontakt\/\" \/>\n<meta property=\"og:locale\" content=\"de_DE\" \/>\n<meta property=\"og:type\" content=\"article\" \/>\n<meta property=\"og:title\" content=\"Jetzt Kontakt aufnehmen und unverbindlich beraten lassen | predict.io\" \/>\n<meta property=\"og:description\" content=\"Haben Sie Fragen oder sind Sie bereit, weiterzumachen? Lassen Sie uns reden - pers\u00f6nlich, schnell &amp; unverbindlich. Buchen Sie Ihren Termin.\" \/>\n<meta property=\"og:url\" content=\"https:\/\/www.predict.io\/de\/kontakt\/\" \/>\n<meta property=\"og:site_name\" content=\"predict.io\" \/>\n<meta property=\"article:modified_time\" content=\"2025-10-13T05:21:15+00:00\" \/>\n<meta property=\"og:image\" content=\"https:\/\/www.predict.io\/wp-content\/uploads\/2025\/03\/man_with_cup_and_notebook.png\" \/>\n\t<meta property=\"og:image:width\" content=\"570\" \/>\n\t<meta property=\"og:image:height\" content=\"405\" \/>\n\t<meta property=\"og:image:type\" content=\"image\/png\" \/>\n<meta name=\"twitter:card\" content=\"summary_large_image\" \/>\n<meta name=\"twitter:label1\" content=\"Gesch\u00e4tzte Lesezeit\" \/>\n\t<meta name=\"twitter:data1\" content=\"1\u00a0Minute\" \/>\n<script type=\"application\/ld+json\" class=\"yoast-schema-graph\">{\"@context\":\"https:\\\/\\\/schema.org\",\"@graph\":[{\"@type\":\"WebPage\",\"@id\":\"https:\\\/\\\/www.predict.io\\\/de\\\/kontakt\\\/\",\"url\":\"https:\\\/\\\/www.predict.io\\\/de\\\/kontakt\\\/\",\"name\":\"Jetzt Kontakt aufnehmen und unverbindlich beraten lassen | predict.io\",\"isPartOf\":{\"@id\":\"https:\\\/\\\/www.predict.io\\\/de\\\/#website\"},\"primaryImageOfPage\":{\"@id\":\"https:\\\/\\\/www.predict.io\\\/de\\\/kontakt\\\/#primaryimage\"},\"image\":{\"@id\":\"https:\\\/\\\/www.predict.io\\\/de\\\/kontakt\\\/#primaryimage\"},\"thumbnailUrl\":\"https:\\\/\\\/www.predict.io\\\/wp-content\\\/uploads\\\/2025\\\/03\\\/man_with_cup_and_notebook.png\",\"datePublished\":\"2025-03-20T05:42:08+00:00\",\"dateModified\":\"2025-10-13T05:21:15+00:00\",\"description\":\"Haben Sie Fragen oder sind Sie bereit, weiterzumachen? Lassen Sie uns reden - pers\u00f6nlich, schnell & unverbindlich. Buchen Sie Ihren Termin.\",\"breadcrumb\":{\"@id\":\"https:\\\/\\\/www.predict.io\\\/de\\\/kontakt\\\/#breadcrumb\"},\"inLanguage\":\"de\",\"potentialAction\":[{\"@type\":\"ReadAction\",\"target\":[\"https:\\\/\\\/www.predict.io\\\/de\\\/kontakt\\\/\"]}]},{\"@type\":\"ImageObject\",\"inLanguage\":\"de\",\"@id\":\"https:\\\/\\\/www.predict.io\\\/de\\\/kontakt\\\/#primaryimage\",\"url\":\"https:\\\/\\\/www.predict.io\\\/wp-content\\\/uploads\\\/2025\\\/03\\\/man_with_cup_and_notebook.png\",\"contentUrl\":\"https:\\\/\\\/www.predict.io\\\/wp-content\\\/uploads\\\/2025\\\/03\\\/man_with_cup_and_notebook.png\"},{\"@type\":\"BreadcrumbList\",\"@id\":\"https:\\\/\\\/www.predict.io\\\/de\\\/kontakt\\\/#breadcrumb\",\"itemListElement\":[{\"@type\":\"ListItem\",\"position\":1,\"name\":\"Startseite\",\"item\":\"https:\\\/\\\/www.predict.io\\\/de\\\/\"},{\"@type\":\"ListItem\",\"position\":2,\"name\":\"Kontakt\"}]},{\"@type\":\"WebSite\",\"@id\":\"https:\\\/\\\/www.predict.io\\\/de\\\/#website\",\"url\":\"https:\\\/\\\/www.predict.io\\\/de\\\/\",\"name\":\"predict.io\",\"description\":\"\",\"publisher\":{\"@id\":\"https:\\\/\\\/www.predict.io\\\/de\\\/#organization\"},\"potentialAction\":[{\"@type\":\"SearchAction\",\"target\":{\"@type\":\"EntryPoint\",\"urlTemplate\":\"https:\\\/\\\/www.predict.io\\\/de\\\/?s={search_term_string}\"},\"query-input\":{\"@type\":\"PropertyValueSpecification\",\"valueRequired\":true,\"valueName\":\"search_term_string\"}}],\"inLanguage\":\"de\"},{\"@type\":\"Organization\",\"@id\":\"https:\\\/\\\/www.predict.io\\\/de\\\/#organization\",\"name\":\"predict.io\",\"url\":\"https:\\\/\\\/www.predict.io\\\/de\\\/\",\"logo\":{\"@type\":\"ImageObject\",\"inLanguage\":\"de\",\"@id\":\"https:\\\/\\\/www.predict.io\\\/de\\\/#\\\/schema\\\/logo\\\/image\\\/\",\"url\":\"https:\\\/\\\/www.predict.io\\\/wp-content\\\/uploads\\\/2025\\\/03\\\/cropped-android-chrome-512x512-1.png\",\"contentUrl\":\"https:\\\/\\\/www.predict.io\\\/wp-content\\\/uploads\\\/2025\\\/03\\\/cropped-android-chrome-512x512-1.png\",\"width\":512,\"height\":512,\"caption\":\"predict.io\"},\"image\":{\"@id\":\"https:\\\/\\\/www.predict.io\\\/de\\\/#\\\/schema\\\/logo\\\/image\\\/\"}}]}<\/script>\n<!-- \/ Yoast SEO plugin. -->","yoast_head_json":{"title":"Jetzt Kontakt aufnehmen und unverbindlich beraten lassen | predict.io","description":"Haben Sie Fragen oder sind Sie bereit, weiterzumachen? Lassen Sie uns reden - pers\u00f6nlich, schnell & unverbindlich. Buchen Sie Ihren Termin.","robots":{"index":"index","follow":"follow","max-snippet":"max-snippet:-1","max-image-preview":"max-image-preview:large","max-video-preview":"max-video-preview:-1"},"canonical":"https:\/\/www.predict.io\/de\/kontakt\/","og_locale":"de_DE","og_type":"article","og_title":"Jetzt Kontakt aufnehmen und unverbindlich beraten lassen | predict.io","og_description":"Haben Sie Fragen oder sind Sie bereit, weiterzumachen? Lassen Sie uns reden - pers\u00f6nlich, schnell & unverbindlich. Buchen Sie Ihren Termin.","og_url":"https:\/\/www.predict.io\/de\/kontakt\/","og_site_name":"predict.io","article_modified_time":"2025-10-13T05:21:15+00:00","og_image":[{"width":570,"height":405,"url":"https:\/\/www.predict.io\/wp-content\/uploads\/2025\/03\/man_with_cup_and_notebook.png","type":"image\/png"}],"twitter_card":"summary_large_image","twitter_misc":{"Gesch\u00e4tzte Lesezeit":"1\u00a0Minute"},"schema":{"@context":"https:\/\/schema.org","@graph":[{"@type":"WebPage","@id":"https:\/\/www.predict.io\/de\/kontakt\/","url":"https:\/\/www.predict.io\/de\/kontakt\/","name":"Jetzt Kontakt aufnehmen und unverbindlich beraten lassen | predict.io","isPartOf":{"@id":"https:\/\/www.predict.io\/de\/#website"},"primaryImageOfPage":{"@id":"https:\/\/www.predict.io\/de\/kontakt\/#primaryimage"},"image":{"@id":"https:\/\/www.predict.io\/de\/kontakt\/#primaryimage"},"thumbnailUrl":"https:\/\/www.predict.io\/wp-content\/uploads\/2025\/03\/man_with_cup_and_notebook.png","datePublished":"2025-03-20T05:42:08+00:00","dateModified":"2025-10-13T05:21:15+00:00","description":"Haben Sie Fragen oder sind Sie bereit, weiterzumachen? Lassen Sie uns reden - pers\u00f6nlich, schnell & unverbindlich. Buchen Sie Ihren Termin.","breadcrumb":{"@id":"https:\/\/www.predict.io\/de\/kontakt\/#breadcrumb"},"inLanguage":"de","potentialAction":[{"@type":"ReadAction","target":["https:\/\/www.predict.io\/de\/kontakt\/"]}]},{"@type":"ImageObject","inLanguage":"de","@id":"https:\/\/www.predict.io\/de\/kontakt\/#primaryimage","url":"https:\/\/www.predict.io\/wp-content\/uploads\/2025\/03\/man_with_cup_and_notebook.png","contentUrl":"https:\/\/www.predict.io\/wp-content\/uploads\/2025\/03\/man_with_cup_and_notebook.png"},{"@type":"BreadcrumbList","@id":"https:\/\/www.predict.io\/de\/kontakt\/#breadcrumb","itemListElement":[{"@type":"ListItem","position":1,"name":"Startseite","item":"https:\/\/www.predict.io\/de\/"},{"@type":"ListItem","position":2,"name":"Kontakt"}]},{"@type":"WebSite","@id":"https:\/\/www.predict.io\/de\/#website","url":"https:\/\/www.predict.io\/de\/","name":"predict.io","description":"","publisher":{"@id":"https:\/\/www.predict.io\/de\/#organization"},"potentialAction":[{"@type":"SearchAction","target":{"@type":"EntryPoint","urlTemplate":"https:\/\/www.predict.io\/de\/?s={search_term_string}"},"query-input":{"@type":"PropertyValueSpecification","valueRequired":true,"valueName":"search_term_string"}}],"inLanguage":"de"},{"@type":"Organization","@id":"https:\/\/www.predict.io\/de\/#organization","name":"predict.io","url":"https:\/\/www.predict.io\/de\/","logo":{"@type":"ImageObject","inLanguage":"de","@id":"https:\/\/www.predict.io\/de\/#\/schema\/logo\/image\/","url":"https:\/\/www.predict.io\/wp-content\/uploads\/2025\/03\/cropped-android-chrome-512x512-1.png","contentUrl":"https:\/\/www.predict.io\/wp-content\/uploads\/2025\/03\/cropped-android-chrome-512x512-1.png","width":512,"height":512,"caption":"predict.io"},"image":{"@id":"https:\/\/www.predict.io\/de\/#\/schema\/logo\/image\/"}}]}},"_links":{"self":[{"href":"https:\/\/www.predict.io\/de\/wp-json\/wp\/v2\/pages\/313","targetHints":{"allow":["GET"]}}],"collection":[{"href":"https:\/\/www.predict.io\/de\/wp-json\/wp\/v2\/pages"}],"about":[{"href":"https:\/\/www.predict.io\/de\/wp-json\/wp\/v2\/types\/page"}],"author":[{"embeddable":true,"href":"https:\/\/www.predict.io\/de\/wp-json\/wp\/v2\/users\/1"}],"replies":[{"embeddable":true,"href":"https:\/\/www.predict.io\/de\/wp-json\/wp\/v2\/comments?post=313"}],"version-history":[{"count":10,"href":"https:\/\/www.predict.io\/de\/wp-json\/wp\/v2\/pages\/313\/revisions"}],"predecessor-version":[{"id":874,"href":"https:\/\/www.predict.io\/de\/wp-json\/wp\/v2\/pages\/313\/revisions\/874"}],"wp:attachment":[{"href":"https:\/\/www.predict.io\/de\/wp-json\/wp\/v2\/media?parent=313"}],"curies":[{"name":"wp","href":"https:\/\/api.w.org\/{rel}","templated":true}]}}