{"id":319,"date":"2025-03-19T19:48:46","date_gmt":"2025-03-19T18:48:46","guid":{"rendered":"https:\/\/www.predict.io\/bildung\/"},"modified":"2025-04-08T13:20:53","modified_gmt":"2025-04-08T11:20:53","slug":"bildung","status":"publish","type":"page","link":"https:\/\/www.predict.io\/de\/loesungen\/bildung\/","title":{"rendered":"Bildung"},"content":{"rendered":"\n<div class=\"wp-block-group expanded header-subpage\"><div class=\"wp-block-group__inner-container is-layout-constrained wp-block-group-is-layout-constrained\">\n<div class=\"wp-block-columns container is-layout-flex wp-container-core-columns-is-layout-9d6595d7 wp-block-columns-is-layout-flex\">\n<div class=\"wp-block-column is-vertically-aligned-center is-layout-flow wp-block-column-is-layout-flow\">\n<h1 class=\"wp-block-heading\">Bildung<\/h1>\n\n\n\n<p>Bleiben Sie in einer sich schnell ver\u00e4ndernden Marketinglandschaft an der Spitze. Beherrschen Sie First-Party-Daten, Content-Strategien, ABM und Kanalaktivierung mit von Experten geleiteten, praktischen Kursen, die darauf ausgelegt sind, sofortige Wirkung zu erzielen.<\/p>\n\n\n\n<p class=\"invert-link\"><a href=\"#workshops\">Unsere Workshops<\/a><\/p>\n<\/div>\n\n\n\n<div class=\"wp-block-column is-layout-flow wp-block-column-is-layout-flow\"><div class=\"wp-block-image\">\n<figure class=\"alignright size-full\"><img loading=\"lazy\" decoding=\"async\" width=\"500\" height=\"526\" src=\"https:\/\/www.predict.io\/wp-content\/uploads\/2025\/03\/workshop_speaker.png\" alt=\"Frau unterrichtet eine Gruppe von Menschen\" class=\"wp-image-178\" srcset=\"https:\/\/www.predict.io\/wp-content\/uploads\/2025\/03\/workshop_speaker.png 500w, https:\/\/www.predict.io\/wp-content\/uploads\/2025\/03\/workshop_speaker-285x300.png 285w\" sizes=\"auto, (max-width: 500px) 100vw, 500px\" \/><\/figure>\n<\/div><\/div>\n<\/div>\n<\/div><\/div>\n\n<div class=\"wp-block-media-text is-stacked-on-mobile\" style=\"grid-template-columns:40% auto\"><figure class=\"wp-block-media-text__media\"><img loading=\"lazy\" decoding=\"async\" width=\"470\" height=\"572\" src=\"https:\/\/www.predict.io\/wp-content\/uploads\/2025\/03\/people_working_with_notebook.png\" alt=\"Menschen in einer Besprechung, die in einen Laptop schauen\" class=\"wp-image-179 size-full\" srcset=\"https:\/\/www.predict.io\/wp-content\/uploads\/2025\/03\/people_working_with_notebook.png 470w, https:\/\/www.predict.io\/wp-content\/uploads\/2025\/03\/people_working_with_notebook-247x300.png 247w\" sizes=\"auto, (max-width: 470px) 100vw, 470px\" \/><\/figure><div class=\"wp-block-media-text__content\">\n<h2 class=\"wp-block-heading\">Workshops zu sozialen Medien<\/h2>\n\n\n\n<p>Entwickeln Sie die richtige <strong>Social-Media-Strategie<\/strong> mit von Experten geleiteten Workshops, die f\u00fcr das Online- und Offline-Lernen konzipiert sind.<\/p>\n\n\n\n<ul class=\"wp-block-list\">\n<li id=\"workshops\"><strong>Ma\u00dfgeschneiderte Strategie<\/strong>: Bauen Sie eine starke soziale Pr\u00e4senz mit einem ma\u00dfgeschneiderten Ansatz auf.  <\/li>\n\n\n\n<li><strong>Schulungen von Experten<\/strong>: Gewinnen Sie in interaktiven Sitzungen Einblicke von Branchenexperten. <\/li>\n\n\n\n<li><strong>Fortlaufende Unterst\u00fctzung<\/strong>: Zugang zu Referenzmaterialien und direkte Beratung f\u00fcr kontinuierliches Lernen.<\/li>\n<\/ul>\n\n\n\n<p>Beherrschen Sie die Grundlagen und <strong>nutzen Sie soziale Medien f\u00fcr Markenwachstum<\/strong> und <strong>Engagement<\/strong>.<\/p>\n<\/div><\/div>\n\n<div class=\"wp-block-group expanded light\"><div class=\"wp-block-group__inner-container is-layout-constrained wp-block-group-is-layout-constrained\">\n<div class=\"wp-block-media-text has-media-on-the-right is-stacked-on-mobile container\" style=\"grid-template-columns:auto 40%\"><div class=\"wp-block-media-text__content\">\n<h2 class=\"wp-block-heading\">SEO-Schulung<\/h2>\n\n\n\n<p>Da<strong> 68% aller Online-Erfahrungen mit einer Suchmaschine beginnen<\/strong>, ist SEO der Schl\u00fcssel zu nachhaltigem Erfolg.<\/p>\n\n\n\n<ul class=\"wp-block-list\">\n<li><strong>Erh\u00f6hen Sie den organischen Traffic<\/strong>: H\u00f6her ranken und Werbekosten reduzieren.  <\/li>\n\n\n\n<li><strong>Langfristige Ergebnisse<\/strong>: SEO liefert im Laufe der Zeit ein best\u00e4ndiges Gesch\u00e4ftswachstum.  <\/li>\n\n\n\n<li><strong>Anleitung von Experten<\/strong>: Lernen Sie von zertifizierten Spezialisten bei Krick Interactive Media.<\/li>\n<\/ul>\n\n\n\n<p>SEO ist mehr als Rankings &#8211; es geht darum, Anrufe, Ladenbesuche und Verk\u00e4ufe zu f\u00f6rdern, Tag f\u00fcr Tag, Jahr f\u00fcr Jahr.<\/p>\n<\/div><figure class=\"wp-block-media-text__media\"><img loading=\"lazy\" decoding=\"async\" width=\"470\" height=\"546\" src=\"https:\/\/www.predict.io\/wp-content\/uploads\/2025\/03\/young_people_with_notebook.png\" alt=\"Junge Menschen bilden ein Team\" class=\"wp-image-181 size-full\" srcset=\"https:\/\/www.predict.io\/wp-content\/uploads\/2025\/03\/young_people_with_notebook.png 470w, https:\/\/www.predict.io\/wp-content\/uploads\/2025\/03\/young_people_with_notebook-258x300.png 258w\" sizes=\"auto, (max-width: 470px) 100vw, 470px\" \/><\/figure><\/div>\n<\/div><\/div>\n\n<div class=\"wp-block-media-text is-stacked-on-mobile\" style=\"grid-template-columns:40% auto\"><figure class=\"wp-block-media-text__media\"><img loading=\"lazy\" decoding=\"async\" width=\"470\" height=\"572\" src=\"https:\/\/www.predict.io\/wp-content\/uploads\/2025\/03\/three_people_with_notebook.png\" alt=\"Drei Personen schauen auf einen Laptop\" class=\"wp-image-180 size-full\" srcset=\"https:\/\/www.predict.io\/wp-content\/uploads\/2025\/03\/three_people_with_notebook.png 470w, https:\/\/www.predict.io\/wp-content\/uploads\/2025\/03\/three_people_with_notebook-247x300.png 247w\" sizes=\"auto, (max-width: 470px) 100vw, 470px\" \/><\/figure><div class=\"wp-block-media-text__content\">\n<h2 class=\"wp-block-heading\">CMS Anwenderschulung<\/h2>\n\n\n\n<p>Wir bieten <strong>professionelle, praxisnahen Schulungen zu TYPO3 und WordPress<\/strong>, in denen Sie alles lernen, was Sie f\u00fcr den ffektiven Einsatz ben\u00f6tigen.<\/p>\n\n\n\n<ul class=\"wp-block-list\">\n<li><strong>Hands-on-Sitzungen<\/strong>: Training direkt an Ihrem eigenen System.<\/li>\n\n\n\n<li><strong>Effiziente Verwaltung von Inhalten:<\/strong> Bearbeiten Sie Beitr\u00e4ge, Bilder und Seiten schnell und einfach.<\/li>\n\n\n\n<li><strong>Pers\u00f6nlicher Support:<\/strong> Beantworten Sie Ihre Fragen und l\u00f6sen Sie Ihre Probleme live.<\/li>\n<\/ul>\n\n\n\n<p>Unsere Schulungen <strong>bereiten Sie auf die t\u00e4gliche Arbeit mit TYPO3 und WordPress vor<\/strong> &#8211; anschaulich, praxisnah und sofort anwendbar.<\/p>\n<\/div><\/div>\n\n<figure class=\"wp-block-pullquote\"><blockquote><p><strong>Verwandeln Sie Daten in Aktionen<\/strong><br\/>Ihr Marketing sollte genauso hart arbeiten wie Sie selbst. <br\/>Lassen Sie uns gemeinsam Erkenntnisse nutzen, um ein vorhersehbares Wachstum zu erzielen &#8211; melden Sie sich noch heute!<\/p><cite><a href=\"https:\/\/www.predict.io\/de\/kontakt\/\">Kontakt aufnehmen<\/a><\/cite><\/blockquote><\/figure>\n\n<div style=\"height:270px\" aria-hidden=\"true\" class=\"wp-block-spacer expanded\"><\/div>\n","protected":false},"excerpt":{"rendered":"<p>Bildung Bleiben Sie in einer sich schnell ver\u00e4ndernden Marketinglandschaft an der Spitze. Beherrschen Sie First-Party-Daten, Content-Strategien, ABM und Kanalaktivierung mit von Experten geleiteten, praktischen Kursen, die darauf ausgelegt sind, sofortige Wirkung zu erzielen. Unsere Workshops SEO-Schulung Da 68% aller Online-Erfahrungen mit einer Suchmaschine beginnen, ist SEO der Schl\u00fcssel zu nachhaltigem Erfolg. SEO ist mehr als <\/p>\n<p><a class=\"btn btn-secondary understrap-read-more-link\" href=\"https:\/\/www.predict.io\/de\/loesungen\/bildung\/\">Read More<span class=\"screen-reader-text\"> from Bildung<\/span><\/a><\/p>\n","protected":false},"author":1,"featured_media":0,"parent":340,"menu_order":0,"comment_status":"closed","ping_status":"closed","template":"page-templates\/fullwidthpage.php","meta":{"content-type":"","footnotes":""},"class_list":["post-319","page","type-page","status-publish","hentry"],"yoast_head":"<!-- This site is optimized with the Yoast SEO plugin v27.6 - https:\/\/yoast.com\/product\/yoast-seo-wordpress\/ -->\n<title>Marketing Know-how aufbauen \u2013 mit unseren Workshops | predict.io<\/title>\n<meta name=\"description\" content=\"Weiterbildungen f\u00fcr Ihr Team: In unseren Workshops vermitteln wir praxisnahes Marketingwissen \u2013 individuell, effektiv und aktuell.\" \/>\n<meta name=\"robots\" content=\"index, follow, max-snippet:-1, max-image-preview:large, max-video-preview:-1\" \/>\n<link rel=\"canonical\" href=\"https:\/\/www.predict.io\/de\/loesungen\/bildung\/\" \/>\n<meta property=\"og:locale\" content=\"de_DE\" \/>\n<meta property=\"og:type\" content=\"article\" \/>\n<meta property=\"og:title\" content=\"Marketing Know-how aufbauen \u2013 mit unseren Workshops | predict.io\" \/>\n<meta property=\"og:description\" content=\"Weiterbildungen f\u00fcr Ihr Team: In unseren Workshops vermitteln wir praxisnahes Marketingwissen \u2013 individuell, effektiv und aktuell.\" \/>\n<meta property=\"og:url\" content=\"https:\/\/www.predict.io\/de\/loesungen\/bildung\/\" \/>\n<meta property=\"og:site_name\" content=\"predict.io\" \/>\n<meta property=\"article:modified_time\" content=\"2025-04-08T11:20:53+00:00\" \/>\n<meta property=\"og:image\" content=\"https:\/\/www.predict.io\/wp-content\/uploads\/2025\/03\/workshop_speaker.png\" \/>\n\t<meta property=\"og:image:width\" content=\"500\" \/>\n\t<meta property=\"og:image:height\" content=\"526\" \/>\n\t<meta property=\"og:image:type\" content=\"image\/png\" \/>\n<meta name=\"twitter:card\" content=\"summary_large_image\" \/>\n<meta name=\"twitter:label1\" content=\"Gesch\u00e4tzte Lesezeit\" \/>\n\t<meta name=\"twitter:data1\" content=\"2\u00a0Minuten\" \/>\n<script type=\"application\/ld+json\" class=\"yoast-schema-graph\">{\"@context\":\"https:\\\/\\\/schema.org\",\"@graph\":[{\"@type\":\"WebPage\",\"@id\":\"https:\\\/\\\/www.predict.io\\\/de\\\/loesungen\\\/bildung\\\/\",\"url\":\"https:\\\/\\\/www.predict.io\\\/de\\\/loesungen\\\/bildung\\\/\",\"name\":\"Marketing Know-how aufbauen \u2013 mit unseren Workshops | predict.io\",\"isPartOf\":{\"@id\":\"https:\\\/\\\/www.predict.io\\\/de\\\/#website\"},\"primaryImageOfPage\":{\"@id\":\"https:\\\/\\\/www.predict.io\\\/de\\\/loesungen\\\/bildung\\\/#primaryimage\"},\"image\":{\"@id\":\"https:\\\/\\\/www.predict.io\\\/de\\\/loesungen\\\/bildung\\\/#primaryimage\"},\"thumbnailUrl\":\"https:\\\/\\\/www.predict.io\\\/wp-content\\\/uploads\\\/2025\\\/03\\\/workshop_speaker.png\",\"datePublished\":\"2025-03-19T18:48:46+00:00\",\"dateModified\":\"2025-04-08T11:20:53+00:00\",\"description\":\"Weiterbildungen f\u00fcr Ihr Team: In unseren Workshops vermitteln wir praxisnahes Marketingwissen \u2013 individuell, effektiv und aktuell.\",\"breadcrumb\":{\"@id\":\"https:\\\/\\\/www.predict.io\\\/de\\\/loesungen\\\/bildung\\\/#breadcrumb\"},\"inLanguage\":\"de\",\"potentialAction\":[{\"@type\":\"ReadAction\",\"target\":[\"https:\\\/\\\/www.predict.io\\\/de\\\/loesungen\\\/bildung\\\/\"]}]},{\"@type\":\"ImageObject\",\"inLanguage\":\"de\",\"@id\":\"https:\\\/\\\/www.predict.io\\\/de\\\/loesungen\\\/bildung\\\/#primaryimage\",\"url\":\"https:\\\/\\\/www.predict.io\\\/wp-content\\\/uploads\\\/2025\\\/03\\\/workshop_speaker.png\",\"contentUrl\":\"https:\\\/\\\/www.predict.io\\\/wp-content\\\/uploads\\\/2025\\\/03\\\/workshop_speaker.png\"},{\"@type\":\"BreadcrumbList\",\"@id\":\"https:\\\/\\\/www.predict.io\\\/de\\\/loesungen\\\/bildung\\\/#breadcrumb\",\"itemListElement\":[{\"@type\":\"ListItem\",\"position\":1,\"name\":\"Startseite\",\"item\":\"https:\\\/\\\/www.predict.io\\\/de\\\/\"},{\"@type\":\"ListItem\",\"position\":2,\"name\":\"L\u00f6sungen\",\"item\":\"https:\\\/\\\/www.predict.io\\\/de\\\/loesungen\\\/\"},{\"@type\":\"ListItem\",\"position\":3,\"name\":\"Bildung\"}]},{\"@type\":\"WebSite\",\"@id\":\"https:\\\/\\\/www.predict.io\\\/de\\\/#website\",\"url\":\"https:\\\/\\\/www.predict.io\\\/de\\\/\",\"name\":\"predict.io\",\"description\":\"\",\"publisher\":{\"@id\":\"https:\\\/\\\/www.predict.io\\\/de\\\/#organization\"},\"potentialAction\":[{\"@type\":\"SearchAction\",\"target\":{\"@type\":\"EntryPoint\",\"urlTemplate\":\"https:\\\/\\\/www.predict.io\\\/de\\\/?s={search_term_string}\"},\"query-input\":{\"@type\":\"PropertyValueSpecification\",\"valueRequired\":true,\"valueName\":\"search_term_string\"}}],\"inLanguage\":\"de\"},{\"@type\":\"Organization\",\"@id\":\"https:\\\/\\\/www.predict.io\\\/de\\\/#organization\",\"name\":\"predict.io\",\"url\":\"https:\\\/\\\/www.predict.io\\\/de\\\/\",\"logo\":{\"@type\":\"ImageObject\",\"inLanguage\":\"de\",\"@id\":\"https:\\\/\\\/www.predict.io\\\/de\\\/#\\\/schema\\\/logo\\\/image\\\/\",\"url\":\"https:\\\/\\\/www.predict.io\\\/wp-content\\\/uploads\\\/2025\\\/03\\\/cropped-android-chrome-512x512-1.png\",\"contentUrl\":\"https:\\\/\\\/www.predict.io\\\/wp-content\\\/uploads\\\/2025\\\/03\\\/cropped-android-chrome-512x512-1.png\",\"width\":512,\"height\":512,\"caption\":\"predict.io\"},\"image\":{\"@id\":\"https:\\\/\\\/www.predict.io\\\/de\\\/#\\\/schema\\\/logo\\\/image\\\/\"}}]}<\/script>\n<!-- \/ Yoast SEO plugin. -->","yoast_head_json":{"title":"Marketing Know-how aufbauen \u2013 mit unseren Workshops | predict.io","description":"Weiterbildungen f\u00fcr Ihr Team: In unseren Workshops vermitteln wir praxisnahes Marketingwissen \u2013 individuell, effektiv und aktuell.","robots":{"index":"index","follow":"follow","max-snippet":"max-snippet:-1","max-image-preview":"max-image-preview:large","max-video-preview":"max-video-preview:-1"},"canonical":"https:\/\/www.predict.io\/de\/loesungen\/bildung\/","og_locale":"de_DE","og_type":"article","og_title":"Marketing Know-how aufbauen \u2013 mit unseren Workshops | predict.io","og_description":"Weiterbildungen f\u00fcr Ihr Team: In unseren Workshops vermitteln wir praxisnahes Marketingwissen \u2013 individuell, effektiv und aktuell.","og_url":"https:\/\/www.predict.io\/de\/loesungen\/bildung\/","og_site_name":"predict.io","article_modified_time":"2025-04-08T11:20:53+00:00","og_image":[{"width":500,"height":526,"url":"https:\/\/www.predict.io\/wp-content\/uploads\/2025\/03\/workshop_speaker.png","type":"image\/png"}],"twitter_card":"summary_large_image","twitter_misc":{"Gesch\u00e4tzte Lesezeit":"2\u00a0Minuten"},"schema":{"@context":"https:\/\/schema.org","@graph":[{"@type":"WebPage","@id":"https:\/\/www.predict.io\/de\/loesungen\/bildung\/","url":"https:\/\/www.predict.io\/de\/loesungen\/bildung\/","name":"Marketing Know-how aufbauen \u2013 mit unseren Workshops | predict.io","isPartOf":{"@id":"https:\/\/www.predict.io\/de\/#website"},"primaryImageOfPage":{"@id":"https:\/\/www.predict.io\/de\/loesungen\/bildung\/#primaryimage"},"image":{"@id":"https:\/\/www.predict.io\/de\/loesungen\/bildung\/#primaryimage"},"thumbnailUrl":"https:\/\/www.predict.io\/wp-content\/uploads\/2025\/03\/workshop_speaker.png","datePublished":"2025-03-19T18:48:46+00:00","dateModified":"2025-04-08T11:20:53+00:00","description":"Weiterbildungen f\u00fcr Ihr Team: In unseren Workshops vermitteln wir praxisnahes Marketingwissen \u2013 individuell, effektiv und aktuell.","breadcrumb":{"@id":"https:\/\/www.predict.io\/de\/loesungen\/bildung\/#breadcrumb"},"inLanguage":"de","potentialAction":[{"@type":"ReadAction","target":["https:\/\/www.predict.io\/de\/loesungen\/bildung\/"]}]},{"@type":"ImageObject","inLanguage":"de","@id":"https:\/\/www.predict.io\/de\/loesungen\/bildung\/#primaryimage","url":"https:\/\/www.predict.io\/wp-content\/uploads\/2025\/03\/workshop_speaker.png","contentUrl":"https:\/\/www.predict.io\/wp-content\/uploads\/2025\/03\/workshop_speaker.png"},{"@type":"BreadcrumbList","@id":"https:\/\/www.predict.io\/de\/loesungen\/bildung\/#breadcrumb","itemListElement":[{"@type":"ListItem","position":1,"name":"Startseite","item":"https:\/\/www.predict.io\/de\/"},{"@type":"ListItem","position":2,"name":"L\u00f6sungen","item":"https:\/\/www.predict.io\/de\/loesungen\/"},{"@type":"ListItem","position":3,"name":"Bildung"}]},{"@type":"WebSite","@id":"https:\/\/www.predict.io\/de\/#website","url":"https:\/\/www.predict.io\/de\/","name":"predict.io","description":"","publisher":{"@id":"https:\/\/www.predict.io\/de\/#organization"},"potentialAction":[{"@type":"SearchAction","target":{"@type":"EntryPoint","urlTemplate":"https:\/\/www.predict.io\/de\/?s={search_term_string}"},"query-input":{"@type":"PropertyValueSpecification","valueRequired":true,"valueName":"search_term_string"}}],"inLanguage":"de"},{"@type":"Organization","@id":"https:\/\/www.predict.io\/de\/#organization","name":"predict.io","url":"https:\/\/www.predict.io\/de\/","logo":{"@type":"ImageObject","inLanguage":"de","@id":"https:\/\/www.predict.io\/de\/#\/schema\/logo\/image\/","url":"https:\/\/www.predict.io\/wp-content\/uploads\/2025\/03\/cropped-android-chrome-512x512-1.png","contentUrl":"https:\/\/www.predict.io\/wp-content\/uploads\/2025\/03\/cropped-android-chrome-512x512-1.png","width":512,"height":512,"caption":"predict.io"},"image":{"@id":"https:\/\/www.predict.io\/de\/#\/schema\/logo\/image\/"}}]}},"_links":{"self":[{"href":"https:\/\/www.predict.io\/de\/wp-json\/wp\/v2\/pages\/319","targetHints":{"allow":["GET"]}}],"collection":[{"href":"https:\/\/www.predict.io\/de\/wp-json\/wp\/v2\/pages"}],"about":[{"href":"https:\/\/www.predict.io\/de\/wp-json\/wp\/v2\/types\/page"}],"author":[{"embeddable":true,"href":"https:\/\/www.predict.io\/de\/wp-json\/wp\/v2\/users\/1"}],"replies":[{"embeddable":true,"href":"https:\/\/www.predict.io\/de\/wp-json\/wp\/v2\/comments?post=319"}],"version-history":[{"count":8,"href":"https:\/\/www.predict.io\/de\/wp-json\/wp\/v2\/pages\/319\/revisions"}],"predecessor-version":[{"id":705,"href":"https:\/\/www.predict.io\/de\/wp-json\/wp\/v2\/pages\/319\/revisions\/705"}],"up":[{"embeddable":true,"href":"https:\/\/www.predict.io\/de\/wp-json\/wp\/v2\/pages\/340"}],"wp:attachment":[{"href":"https:\/\/www.predict.io\/de\/wp-json\/wp\/v2\/media?parent=319"}],"curies":[{"name":"wp","href":"https:\/\/api.w.org\/{rel}","templated":true}]}}