{"id":321,"date":"2025-03-19T19:48:02","date_gmt":"2025-03-19T18:48:02","guid":{"rendered":"https:\/\/www.predict.io\/brand-marketing\/"},"modified":"2025-04-14T13:21:16","modified_gmt":"2025-04-14T11:21:16","slug":"brand-marketing","status":"publish","type":"page","link":"https:\/\/www.predict.io\/de\/loesungen\/brand-marketing\/","title":{"rendered":"Brand Marketing"},"content":{"rendered":"\n<div class=\"wp-block-group expanded header-subpage\"><div class=\"wp-block-group__inner-container is-layout-constrained wp-block-group-is-layout-constrained\">\n<div class=\"wp-block-columns container is-layout-flex wp-container-core-columns-is-layout-9d6595d7 wp-block-columns-is-layout-flex\">\n<div class=\"wp-block-column is-vertically-aligned-center is-layout-flow wp-block-column-is-layout-flow\">\n<h1 class=\"wp-block-heading\">Brand Marketing<\/h1>\n\n\n\n<p>Bei effektivem Markenmarketing geht es darum, Ihr <strong>Unternehmen<\/strong> \u00fcber alle Kan\u00e4le hinweg <strong>sichtbar, einpr\u00e4gsam<\/strong> und <strong>konsistent<\/strong> zu machen. Mit der richtigen Strategie sorgen wir daf\u00fcr, dass <strong>Ihre Marke auff\u00e4llt<\/strong> und <strong>im Ged\u00e4chtnis bleibt<\/strong>. <\/p>\n\n\n\n<p class=\"invert-link\"><a href=\"#atv\">Jetzt loslegen<\/a><\/p>\n<\/div>\n\n\n\n<div class=\"wp-block-column is-layout-flow wp-block-column-is-layout-flow\"><div class=\"wp-block-image\">\n<figure class=\"alignright size-full\"><img loading=\"lazy\" decoding=\"async\" width=\"700\" height=\"736\" src=\"https:\/\/www.predict.io\/wp-content\/uploads\/2025\/04\/demand-generation_display_1_70.webp\" alt=\"Frau mit Telefon\" class=\"wp-image-517\" srcset=\"https:\/\/www.predict.io\/wp-content\/uploads\/2025\/04\/demand-generation_display_1_70.webp 700w, https:\/\/www.predict.io\/wp-content\/uploads\/2025\/04\/demand-generation_display_1_70-285x300.webp 285w\" sizes=\"auto, (max-width: 700px) 100vw, 700px\" \/><\/figure>\n<\/div><\/div>\n<\/div>\n<\/div><\/div>\n\n<div class=\"wp-block-media-text is-stacked-on-mobile\" style=\"grid-template-columns:40% auto\"><figure class=\"wp-block-media-text__media\"><img loading=\"lazy\" decoding=\"async\" width=\"658\" height=\"759\" src=\"https:\/\/www.predict.io\/wp-content\/uploads\/2025\/04\/brand-marketing_hero_img_1_70.webp\" alt=\"Frau mit Markenlogos\" class=\"wp-image-519 size-full\" srcset=\"https:\/\/www.predict.io\/wp-content\/uploads\/2025\/04\/brand-marketing_hero_img_1_70.webp 658w, https:\/\/www.predict.io\/wp-content\/uploads\/2025\/04\/brand-marketing_hero_img_1_70-260x300.webp 260w\" sizes=\"auto, (max-width: 658px) 100vw, 658px\" \/><\/figure><div class=\"wp-block-media-text__content\">\n<h2 class=\"wp-block-heading\">ATV Werbung<\/h2>\n\n\n\n<p>Mit <strong>mehr als 30 RTL- und ProSieben Sat.1-Sendern<\/strong> bleibt das Fernsehen eine dominierende Kraft bei der Markenbildung und sorgt f\u00fcr eine hohe Sichtbarkeit und Glaubw\u00fcrdigkeit.<\/p>\n\n\n\n<ul class=\"wp-block-list\">\n<li id=\"atv\"><strong>Gro\u00dfes Publikum<\/strong>: Rund 70 % der deutschen Haushalte verf\u00fcgen \u00fcber Smart TVs mit Internetanschluss, was eine gro\u00dfe Reichweite garantiert. <\/li>\n\n\n\n<li><strong>Premium-Platzierung<\/strong>: Hochwirksames L-Banner-Format mit markensicheren Umgebungen und sehr hohen Sichtbarkeits- und Durchsichtsraten (VTRs).<\/li>\n\n\n\n<li><strong>Pr\u00e4zises Targeting<\/strong>: Geo-Targeting, demografische Daten, interessenbasierte Platzierungen und zeitabh\u00e4ngige Auslieferung optimieren das Engagement der Zielgruppe.  <\/li>\n\n\n\n<li><strong>Umfassende Analytik<\/strong>: Leistungsverfolgung und detaillierte Berichte f\u00fcr die Kampagnenoptimierung.<\/li>\n<\/ul>\n<\/div><\/div>\n\n<div class=\"wp-block-group expanded light\"><div class=\"wp-block-group__inner-container is-layout-constrained wp-block-group-is-layout-constrained\">\n<div class=\"wp-block-media-text has-media-on-the-right is-stacked-on-mobile container\" style=\"grid-template-columns:auto 40%\"><div class=\"wp-block-media-text__content\">\n<h2 class=\"wp-block-heading\">Audio Ads<\/h2>\n\n\n\n<p>Werben Sie auf den <strong>weltweit gr\u00f6\u00dften Audio-Streaming-Plattformen<\/strong> mit <strong>mehr als 675 Millionen monatlich aktiven H\u00f6rern<\/strong>.<\/p>\n\n\n\n<ul class=\"wp-block-list\">\n<li><strong>Exklusive Aufmerksamkeit<\/strong>: Die Werbung wird zwischen den Inhalten abgespielt und kann nicht \u00fcbersprungen werden, so dass die Aufmerksamkeit voll erhalten bleibt.  <\/li>\n\n\n\n<li><strong>Intelligentes Targeting<\/strong>: Passen Sie die Lieferung an Alter, Musikrichtung, Standort und Aktivit\u00e4t (z. B. Sport, Pendeln, Kochen) an.  <\/li>\n\n\n\n<li><strong>Immersives Erlebnis<\/strong>: Die Zuh\u00f6rer sind fokussiert, was die Erinnerung an die Marke st\u00e4rkt.  <\/li>\n\n\n\n<li><strong>Transparente Leistung<\/strong>: Sie erhalten detaillierte Berichte und strategische Empfehlungen von unseren Experten.<\/li>\n<\/ul>\n<\/div><figure class=\"wp-block-media-text__media\"><img loading=\"lazy\" decoding=\"async\" width=\"875\" height=\"1024\" src=\"https:\/\/www.predict.io\/wp-content\/uploads\/2025\/04\/brand-marketing_audio-ad@2x-875x1024.webp\" alt=\"Frau mit Kopfh\u00f6rern\" class=\"wp-image-504 size-full\" srcset=\"https:\/\/www.predict.io\/wp-content\/uploads\/2025\/04\/brand-marketing_audio-ad@2x-875x1024.webp 875w, https:\/\/www.predict.io\/wp-content\/uploads\/2025\/04\/brand-marketing_audio-ad@2x-256x300.webp 256w, https:\/\/www.predict.io\/wp-content\/uploads\/2025\/04\/brand-marketing_audio-ad@2x-768x899.webp 768w, https:\/\/www.predict.io\/wp-content\/uploads\/2025\/04\/brand-marketing_audio-ad@2x.webp 940w\" sizes=\"auto, (max-width: 875px) 100vw, 875px\" \/><\/figure><\/div>\n<\/div><\/div>\n\n<div class=\"wp-block-media-text is-stacked-on-mobile\" style=\"grid-template-columns:40% auto\"><figure class=\"wp-block-media-text__media\"><img loading=\"lazy\" decoding=\"async\" width=\"687\" height=\"717\" src=\"https:\/\/www.predict.io\/wp-content\/uploads\/2025\/04\/brand-marketing_atv-ad_1_70.webp\" alt=\"Gesch\u00e4ftsmann mit Markenlogos\" class=\"wp-image-521 size-full\" srcset=\"https:\/\/www.predict.io\/wp-content\/uploads\/2025\/04\/brand-marketing_atv-ad_1_70.webp 687w, https:\/\/www.predict.io\/wp-content\/uploads\/2025\/04\/brand-marketing_atv-ad_1_70-287x300.webp 287w\" sizes=\"auto, (max-width: 687px) 100vw, 687px\" \/><\/figure><div class=\"wp-block-media-text__content\">\n<h2 class=\"wp-block-heading\">Display &amp; Video Ads<\/h2>\n\n\n\n<p>Display- und Videowerbung schaffen <strong>\u00fcberzeugende Markenerlebnisse<\/strong> im Internet, in sozialen Netzwerken und auf mobilen Ger\u00e4ten.<\/p>\n\n\n\n<ul class=\"wp-block-list\">\n<li><strong>Hohe visuelle Wirkung<\/strong>: Auff\u00e4llige Bilder und Videos erh\u00f6hen die Markenbekanntheit und -erinnerung.  <\/li>\n\n\n\n<li><strong>Multi-Channel-Reichweite<\/strong>: Nutzen Sie die Google-Suche, YouTube, Gmail und \u00fcber 2 Mio. Partnerseiten sowie die einzigartigen Zielgruppen von Microsoft (MSN, Edge, Outlook, Netflix, LinkedIn, Xbox).<\/li>\n\n\n\n<li><strong>Datengesteuertes Targeting<\/strong>: Optimieren Sie Ihre Kampagnen anhand von demografischen und verhaltensbasierten Daten sowie Echtzeit-Analysen.  <\/li>\n\n\n\n<li><strong>Nahtloses Storytelling<\/strong>: Behalten Sie auf allen Plattformen ein konsistentes Messaging bei, das die Markenidentit\u00e4t st\u00e4rkt.<\/li>\n<\/ul>\n<\/div><\/div>\n\n<figure class=\"wp-block-pullquote\"><blockquote><p><strong>Verwandeln Sie Daten in Aktionen<\/strong><br\/>Ihr Marketing sollte genauso hart arbeiten wie Sie selbst. <br\/>Lassen Sie uns gemeinsam Erkenntnisse nutzen, um ein vorhersehbares Wachstum zu erzielen &#8211; melden Sie sich noch heute!<\/p><cite><a href=\"https:\/\/www.predict.io\/de\/kontakt\/\">Kontakt aufnehmen<\/a><\/cite><\/blockquote><\/figure>\n\n<div style=\"height:270px\" aria-hidden=\"true\" class=\"wp-block-spacer expanded\"><\/div>\n","protected":false},"excerpt":{"rendered":"<p>Brand Marketing Bei effektivem Markenmarketing geht es darum, Ihr Unternehmen \u00fcber alle Kan\u00e4le hinweg sichtbar, einpr\u00e4gsam und konsistent zu machen. Mit der richtigen Strategie sorgen wir daf\u00fcr, dass Ihre Marke auff\u00e4llt und im Ged\u00e4chtnis bleibt. Jetzt loslegen Audio Ads Werben Sie auf den weltweit gr\u00f6\u00dften Audio-Streaming-Plattformen mit mehr als 675 Millionen monatlich aktiven H\u00f6rern. Verwandeln <\/p>\n<p><a class=\"btn btn-secondary understrap-read-more-link\" href=\"https:\/\/www.predict.io\/de\/loesungen\/brand-marketing\/\">Read More<span class=\"screen-reader-text\"> from Brand Marketing<\/span><\/a><\/p>\n","protected":false},"author":1,"featured_media":0,"parent":340,"menu_order":0,"comment_status":"closed","ping_status":"closed","template":"page-templates\/fullwidthpage.php","meta":{"content-type":"","footnotes":""},"class_list":["post-321","page","type-page","status-publish","hentry"],"yoast_head":"<!-- This site is optimized with the Yoast SEO plugin v27.6 - https:\/\/yoast.com\/product\/yoast-seo-wordpress\/ -->\n<title>Steigern Sie Ihre Markenbekanntheit mit einer datengesteuerten Strategie | predict.io<\/title>\n<meta name=\"description\" content=\"Steigern Sie die Sichtbarkeit Ihrer Marke mit gezielter, datengesteuerter Kommunikation. Lernen Sie, wie Sie eine moderne und effektive Markenstrategie entwickeln.\" \/>\n<meta name=\"robots\" content=\"index, follow, max-snippet:-1, max-image-preview:large, max-video-preview:-1\" \/>\n<link rel=\"canonical\" href=\"https:\/\/www.predict.io\/de\/loesungen\/brand-marketing\/\" \/>\n<meta property=\"og:locale\" content=\"de_DE\" \/>\n<meta property=\"og:type\" content=\"article\" \/>\n<meta property=\"og:title\" content=\"Steigern Sie Ihre Markenbekanntheit mit einer datengesteuerten Strategie | predict.io\" \/>\n<meta property=\"og:description\" content=\"Steigern Sie die Sichtbarkeit Ihrer Marke mit gezielter, datengesteuerter Kommunikation. Lernen Sie, wie Sie eine moderne und effektive Markenstrategie entwickeln.\" \/>\n<meta property=\"og:url\" content=\"https:\/\/www.predict.io\/de\/loesungen\/brand-marketing\/\" \/>\n<meta property=\"og:site_name\" content=\"predict.io\" \/>\n<meta property=\"article:modified_time\" content=\"2025-04-14T11:21:16+00:00\" \/>\n<meta property=\"og:image\" content=\"https:\/\/www.predict.io\/wp-content\/uploads\/2025\/04\/demand-generation_display_1_70.webp\" \/>\n\t<meta property=\"og:image:width\" content=\"700\" \/>\n\t<meta property=\"og:image:height\" content=\"736\" \/>\n\t<meta property=\"og:image:type\" content=\"image\/webp\" \/>\n<meta name=\"twitter:card\" content=\"summary_large_image\" \/>\n<meta name=\"twitter:label1\" content=\"Gesch\u00e4tzte Lesezeit\" \/>\n\t<meta name=\"twitter:data1\" content=\"2\u00a0Minuten\" \/>\n<script type=\"application\/ld+json\" class=\"yoast-schema-graph\">{\"@context\":\"https:\\\/\\\/schema.org\",\"@graph\":[{\"@type\":\"WebPage\",\"@id\":\"https:\\\/\\\/www.predict.io\\\/de\\\/loesungen\\\/brand-marketing\\\/\",\"url\":\"https:\\\/\\\/www.predict.io\\\/de\\\/loesungen\\\/brand-marketing\\\/\",\"name\":\"Steigern Sie Ihre Markenbekanntheit mit einer datengesteuerten Strategie | predict.io\",\"isPartOf\":{\"@id\":\"https:\\\/\\\/www.predict.io\\\/de\\\/#website\"},\"primaryImageOfPage\":{\"@id\":\"https:\\\/\\\/www.predict.io\\\/de\\\/loesungen\\\/brand-marketing\\\/#primaryimage\"},\"image\":{\"@id\":\"https:\\\/\\\/www.predict.io\\\/de\\\/loesungen\\\/brand-marketing\\\/#primaryimage\"},\"thumbnailUrl\":\"https:\\\/\\\/www.predict.io\\\/wp-content\\\/uploads\\\/2025\\\/04\\\/demand-generation_display_1_70.webp\",\"datePublished\":\"2025-03-19T18:48:02+00:00\",\"dateModified\":\"2025-04-14T11:21:16+00:00\",\"description\":\"Steigern Sie die Sichtbarkeit Ihrer Marke mit gezielter, datengesteuerter Kommunikation. Lernen Sie, wie Sie eine moderne und effektive Markenstrategie entwickeln.\",\"breadcrumb\":{\"@id\":\"https:\\\/\\\/www.predict.io\\\/de\\\/loesungen\\\/brand-marketing\\\/#breadcrumb\"},\"inLanguage\":\"de\",\"potentialAction\":[{\"@type\":\"ReadAction\",\"target\":[\"https:\\\/\\\/www.predict.io\\\/de\\\/loesungen\\\/brand-marketing\\\/\"]}]},{\"@type\":\"ImageObject\",\"inLanguage\":\"de\",\"@id\":\"https:\\\/\\\/www.predict.io\\\/de\\\/loesungen\\\/brand-marketing\\\/#primaryimage\",\"url\":\"https:\\\/\\\/www.predict.io\\\/wp-content\\\/uploads\\\/2025\\\/04\\\/demand-generation_display_1_70.webp\",\"contentUrl\":\"https:\\\/\\\/www.predict.io\\\/wp-content\\\/uploads\\\/2025\\\/04\\\/demand-generation_display_1_70.webp\"},{\"@type\":\"BreadcrumbList\",\"@id\":\"https:\\\/\\\/www.predict.io\\\/de\\\/loesungen\\\/brand-marketing\\\/#breadcrumb\",\"itemListElement\":[{\"@type\":\"ListItem\",\"position\":1,\"name\":\"Startseite\",\"item\":\"https:\\\/\\\/www.predict.io\\\/de\\\/\"},{\"@type\":\"ListItem\",\"position\":2,\"name\":\"L\u00f6sungen\",\"item\":\"https:\\\/\\\/www.predict.io\\\/de\\\/loesungen\\\/\"},{\"@type\":\"ListItem\",\"position\":3,\"name\":\"Brand Marketing\"}]},{\"@type\":\"WebSite\",\"@id\":\"https:\\\/\\\/www.predict.io\\\/de\\\/#website\",\"url\":\"https:\\\/\\\/www.predict.io\\\/de\\\/\",\"name\":\"predict.io\",\"description\":\"\",\"publisher\":{\"@id\":\"https:\\\/\\\/www.predict.io\\\/de\\\/#organization\"},\"potentialAction\":[{\"@type\":\"SearchAction\",\"target\":{\"@type\":\"EntryPoint\",\"urlTemplate\":\"https:\\\/\\\/www.predict.io\\\/de\\\/?s={search_term_string}\"},\"query-input\":{\"@type\":\"PropertyValueSpecification\",\"valueRequired\":true,\"valueName\":\"search_term_string\"}}],\"inLanguage\":\"de\"},{\"@type\":\"Organization\",\"@id\":\"https:\\\/\\\/www.predict.io\\\/de\\\/#organization\",\"name\":\"predict.io\",\"url\":\"https:\\\/\\\/www.predict.io\\\/de\\\/\",\"logo\":{\"@type\":\"ImageObject\",\"inLanguage\":\"de\",\"@id\":\"https:\\\/\\\/www.predict.io\\\/de\\\/#\\\/schema\\\/logo\\\/image\\\/\",\"url\":\"https:\\\/\\\/www.predict.io\\\/wp-content\\\/uploads\\\/2025\\\/03\\\/cropped-android-chrome-512x512-1.png\",\"contentUrl\":\"https:\\\/\\\/www.predict.io\\\/wp-content\\\/uploads\\\/2025\\\/03\\\/cropped-android-chrome-512x512-1.png\",\"width\":512,\"height\":512,\"caption\":\"predict.io\"},\"image\":{\"@id\":\"https:\\\/\\\/www.predict.io\\\/de\\\/#\\\/schema\\\/logo\\\/image\\\/\"}}]}<\/script>\n<!-- \/ Yoast SEO plugin. -->","yoast_head_json":{"title":"Steigern Sie Ihre Markenbekanntheit mit einer datengesteuerten Strategie | predict.io","description":"Steigern Sie die Sichtbarkeit Ihrer Marke mit gezielter, datengesteuerter Kommunikation. Lernen Sie, wie Sie eine moderne und effektive Markenstrategie entwickeln.","robots":{"index":"index","follow":"follow","max-snippet":"max-snippet:-1","max-image-preview":"max-image-preview:large","max-video-preview":"max-video-preview:-1"},"canonical":"https:\/\/www.predict.io\/de\/loesungen\/brand-marketing\/","og_locale":"de_DE","og_type":"article","og_title":"Steigern Sie Ihre Markenbekanntheit mit einer datengesteuerten Strategie | predict.io","og_description":"Steigern Sie die Sichtbarkeit Ihrer Marke mit gezielter, datengesteuerter Kommunikation. Lernen Sie, wie Sie eine moderne und effektive Markenstrategie entwickeln.","og_url":"https:\/\/www.predict.io\/de\/loesungen\/brand-marketing\/","og_site_name":"predict.io","article_modified_time":"2025-04-14T11:21:16+00:00","og_image":[{"width":700,"height":736,"url":"https:\/\/www.predict.io\/wp-content\/uploads\/2025\/04\/demand-generation_display_1_70.webp","type":"image\/webp"}],"twitter_card":"summary_large_image","twitter_misc":{"Gesch\u00e4tzte Lesezeit":"2\u00a0Minuten"},"schema":{"@context":"https:\/\/schema.org","@graph":[{"@type":"WebPage","@id":"https:\/\/www.predict.io\/de\/loesungen\/brand-marketing\/","url":"https:\/\/www.predict.io\/de\/loesungen\/brand-marketing\/","name":"Steigern Sie Ihre Markenbekanntheit mit einer datengesteuerten Strategie | predict.io","isPartOf":{"@id":"https:\/\/www.predict.io\/de\/#website"},"primaryImageOfPage":{"@id":"https:\/\/www.predict.io\/de\/loesungen\/brand-marketing\/#primaryimage"},"image":{"@id":"https:\/\/www.predict.io\/de\/loesungen\/brand-marketing\/#primaryimage"},"thumbnailUrl":"https:\/\/www.predict.io\/wp-content\/uploads\/2025\/04\/demand-generation_display_1_70.webp","datePublished":"2025-03-19T18:48:02+00:00","dateModified":"2025-04-14T11:21:16+00:00","description":"Steigern Sie die Sichtbarkeit Ihrer Marke mit gezielter, datengesteuerter Kommunikation. Lernen Sie, wie Sie eine moderne und effektive Markenstrategie entwickeln.","breadcrumb":{"@id":"https:\/\/www.predict.io\/de\/loesungen\/brand-marketing\/#breadcrumb"},"inLanguage":"de","potentialAction":[{"@type":"ReadAction","target":["https:\/\/www.predict.io\/de\/loesungen\/brand-marketing\/"]}]},{"@type":"ImageObject","inLanguage":"de","@id":"https:\/\/www.predict.io\/de\/loesungen\/brand-marketing\/#primaryimage","url":"https:\/\/www.predict.io\/wp-content\/uploads\/2025\/04\/demand-generation_display_1_70.webp","contentUrl":"https:\/\/www.predict.io\/wp-content\/uploads\/2025\/04\/demand-generation_display_1_70.webp"},{"@type":"BreadcrumbList","@id":"https:\/\/www.predict.io\/de\/loesungen\/brand-marketing\/#breadcrumb","itemListElement":[{"@type":"ListItem","position":1,"name":"Startseite","item":"https:\/\/www.predict.io\/de\/"},{"@type":"ListItem","position":2,"name":"L\u00f6sungen","item":"https:\/\/www.predict.io\/de\/loesungen\/"},{"@type":"ListItem","position":3,"name":"Brand Marketing"}]},{"@type":"WebSite","@id":"https:\/\/www.predict.io\/de\/#website","url":"https:\/\/www.predict.io\/de\/","name":"predict.io","description":"","publisher":{"@id":"https:\/\/www.predict.io\/de\/#organization"},"potentialAction":[{"@type":"SearchAction","target":{"@type":"EntryPoint","urlTemplate":"https:\/\/www.predict.io\/de\/?s={search_term_string}"},"query-input":{"@type":"PropertyValueSpecification","valueRequired":true,"valueName":"search_term_string"}}],"inLanguage":"de"},{"@type":"Organization","@id":"https:\/\/www.predict.io\/de\/#organization","name":"predict.io","url":"https:\/\/www.predict.io\/de\/","logo":{"@type":"ImageObject","inLanguage":"de","@id":"https:\/\/www.predict.io\/de\/#\/schema\/logo\/image\/","url":"https:\/\/www.predict.io\/wp-content\/uploads\/2025\/03\/cropped-android-chrome-512x512-1.png","contentUrl":"https:\/\/www.predict.io\/wp-content\/uploads\/2025\/03\/cropped-android-chrome-512x512-1.png","width":512,"height":512,"caption":"predict.io"},"image":{"@id":"https:\/\/www.predict.io\/de\/#\/schema\/logo\/image\/"}}]}},"_links":{"self":[{"href":"https:\/\/www.predict.io\/de\/wp-json\/wp\/v2\/pages\/321","targetHints":{"allow":["GET"]}}],"collection":[{"href":"https:\/\/www.predict.io\/de\/wp-json\/wp\/v2\/pages"}],"about":[{"href":"https:\/\/www.predict.io\/de\/wp-json\/wp\/v2\/types\/page"}],"author":[{"embeddable":true,"href":"https:\/\/www.predict.io\/de\/wp-json\/wp\/v2\/users\/1"}],"replies":[{"embeddable":true,"href":"https:\/\/www.predict.io\/de\/wp-json\/wp\/v2\/comments?post=321"}],"version-history":[{"count":8,"href":"https:\/\/www.predict.io\/de\/wp-json\/wp\/v2\/pages\/321\/revisions"}],"predecessor-version":[{"id":740,"href":"https:\/\/www.predict.io\/de\/wp-json\/wp\/v2\/pages\/321\/revisions\/740"}],"up":[{"embeddable":true,"href":"https:\/\/www.predict.io\/de\/wp-json\/wp\/v2\/pages\/340"}],"wp:attachment":[{"href":"https:\/\/www.predict.io\/de\/wp-json\/wp\/v2\/media?parent=321"}],"curies":[{"name":"wp","href":"https:\/\/api.w.org\/{rel}","templated":true}]}}