{"id":340,"date":"2025-03-19T19:47:27","date_gmt":"2025-03-19T18:47:27","guid":{"rendered":"https:\/\/www.predict.io\/loesungen\/"},"modified":"2025-04-24T09:29:02","modified_gmt":"2025-04-24T07:29:02","slug":"loesungen","status":"publish","type":"page","link":"https:\/\/www.predict.io\/de\/loesungen\/","title":{"rendered":"L\u00f6sungen"},"content":{"rendered":"\n<div class=\"wp-block-group expanded header-subpage\"><div class=\"wp-block-group__inner-container is-layout-constrained wp-block-group-is-layout-constrained\">\n<div class=\"wp-block-columns container is-layout-flex wp-container-core-columns-is-layout-9d6595d7 wp-block-columns-is-layout-flex\">\n<div class=\"wp-block-column is-vertically-aligned-center is-layout-flow wp-block-column-is-layout-flow\">\n<h1 class=\"wp-block-heading\">Intelligente<br\/>Werbel\u00f6sungen<\/h1>\n\n\n\n<p>Wir versorgen Marken mit <strong>datengesteuerter Werbung<\/strong> in den Bereichen TV, Audio, Display und Video. Maximieren Sie Ihre Wirkung mit ABM, Nachfragegenerierung und professionellem Kampagnenmanagement. <\/p>\n\n\n\n<p class=\"invert-link\"><a href=\"#solution\">Mehr erfahren<\/a><\/p>\n<\/div>\n\n\n\n<div class=\"wp-block-column is-layout-flow wp-block-column-is-layout-flow\"><div class=\"wp-block-image\">\n<figure class=\"alignright size-full\"><img loading=\"lazy\" decoding=\"async\" width=\"500\" height=\"526\" src=\"https:\/\/www.predict.io\/wp-content\/uploads\/2025\/04\/business_man_with_phone.webp\" alt=\"Datenspezialist\" class=\"wp-image-437\" srcset=\"https:\/\/www.predict.io\/wp-content\/uploads\/2025\/04\/business_man_with_phone.webp 500w, https:\/\/www.predict.io\/wp-content\/uploads\/2025\/04\/business_man_with_phone-285x300.webp 285w\" sizes=\"auto, (max-width: 500px) 100vw, 500px\" \/><\/figure>\n<\/div><\/div>\n<\/div>\n<\/div><\/div>\n\n<div class=\"wp-block-columns solutions-container is-layout-flex wp-container-core-columns-is-layout-9d6595d7 wp-block-columns-is-layout-flex\">\n<div class=\"wp-block-column is-layout-flow wp-block-column-is-layout-flow\" id=\"solution\">\n<figure class=\"wp-block-image alignfull size-full\"><img loading=\"lazy\" decoding=\"async\" width=\"370\" height=\"280\" src=\"https:\/\/www.predict.io\/wp-content\/uploads\/2025\/03\/woman_with_phone-e1742803745971.png\" alt=\"Frau pr&#xFC;ft Daten\" class=\"wp-image-169\" srcset=\"https:\/\/www.predict.io\/wp-content\/uploads\/2025\/03\/woman_with_phone-e1742803745971.png 370w, https:\/\/www.predict.io\/wp-content\/uploads\/2025\/03\/woman_with_phone-e1742803745971-300x227.png 300w\" sizes=\"auto, (max-width: 370px) 100vw, 370px\" \/><\/figure>\n\n\n\n<h3 class=\"wp-block-heading\">Brand Marketing<\/h3>\n\n\n\n<p>Bei effektivem Markenmarketing geht es darum, Ihr Unternehmen \u00fcber alle Kan\u00e4le hinweg sichtbar, einpr\u00e4gsam und konsistent zu machen. Mit der richtigen Strategie sorgen wir daf\u00fcr, dass Ihre Marke auff\u00e4llt und im Ged\u00e4chtnis bleibt.<\/p>\n\n\n\n<p><a href=\"https:\/\/www.predict.io\/de\/loesungen\/brand-marketing\/\" data-type=\"page\" data-id=\"111\">Mehr lesen<\/a><\/p>\n<\/div>\n\n\n\n<div class=\"wp-block-column is-layout-flow wp-block-column-is-layout-flow\">\n<figure class=\"wp-block-image alignfull size-full\"><img loading=\"lazy\" decoding=\"async\" width=\"370\" height=\"280\" src=\"https:\/\/www.predict.io\/wp-content\/uploads\/2025\/03\/man_with_orange_shirt.png\" alt=\"Mann mit Dateninfo\" class=\"wp-image-166\" srcset=\"https:\/\/www.predict.io\/wp-content\/uploads\/2025\/03\/man_with_orange_shirt.png 370w, https:\/\/www.predict.io\/wp-content\/uploads\/2025\/03\/man_with_orange_shirt-300x227.png 300w\" sizes=\"auto, (max-width: 370px) 100vw, 370px\" \/><\/figure>\n\n\n\n<h3 class=\"wp-block-heading\">Steigerung der Nachfrage<\/h3>\n\n\n\n<p>Nachfragegenerierung f\u00f6rdert das langfristige Interesse Ihrer Zielgruppe. Sie legt den Grundstein f\u00fcr das Vertrauen in Ihre Marke, informiert Ihr Publikum und schafft nachhaltiges Umsatzpotenzial. <\/p>\n\n\n\n<p><a href=\"https:\/\/www.predict.io\/de\/loesungen\/steigerung-der-nachfrage\/\" data-type=\"page\" data-id=\"113\">Mehr lesen<\/a><\/p>\n<\/div>\n\n\n\n<div class=\"wp-block-column is-layout-flow wp-block-column-is-layout-flow\">\n<figure class=\"wp-block-image alignfull size-full\"><img loading=\"lazy\" decoding=\"async\" width=\"370\" height=\"280\" src=\"https:\/\/www.predict.io\/wp-content\/uploads\/2025\/03\/therr_pictures_from_people.png\" alt=\"drei Bilder\" class=\"wp-image-168\" srcset=\"https:\/\/www.predict.io\/wp-content\/uploads\/2025\/03\/therr_pictures_from_people.png 370w, https:\/\/www.predict.io\/wp-content\/uploads\/2025\/03\/therr_pictures_from_people-300x227.png 300w\" sizes=\"auto, (max-width: 370px) 100vw, 370px\" \/><\/figure>\n\n\n\n<h3 class=\"wp-block-heading\">Rekrutierung<\/h3>\n\n\n\n<p>Erreichen Sie aktive und passive Kandidaten durch Stellenanzeigen, Employer Branding und Unternehmensnachrichten. Binden Sie junge Talente, steigern Sie die Zahl der Bewerbungen und bek\u00e4mpfen Sie den Fachkr\u00e4ftemangel mit der richtigen Plattform. <\/p>\n\n\n\n<p><a href=\"https:\/\/www.predict.io\/de\/loesungen\/recruting\/\">Mehr lesen<\/a><\/p>\n<\/div>\n<\/div>\n\n<div class=\"wp-block-columns solutions-container is-layout-flex wp-container-core-columns-is-layout-9d6595d7 wp-block-columns-is-layout-flex\">\n<div class=\"wp-block-column is-layout-flow wp-block-column-is-layout-flow\">\n<figure class=\"wp-block-image alignfull size-full\"><img loading=\"lazy\" decoding=\"async\" width=\"370\" height=\"280\" src=\"https:\/\/www.predict.io\/wp-content\/uploads\/2025\/03\/meeting_with_teacher.png\" alt=\"Datentraining\" class=\"wp-image-167\" srcset=\"https:\/\/www.predict.io\/wp-content\/uploads\/2025\/03\/meeting_with_teacher.png 370w, https:\/\/www.predict.io\/wp-content\/uploads\/2025\/03\/meeting_with_teacher-300x227.png 300w\" sizes=\"auto, (max-width: 370px) 100vw, 370px\" \/><\/figure>\n\n\n\n<h3 class=\"wp-block-heading\">Bildung<\/h3>\n\n\n\n<p>Bleiben Sie in einer sich schnell ver\u00e4ndernden Marketinglandschaft an der Spitze. Beherrschen Sie First-Party-Daten, Content-Strategie, ABM und Kanalaktivierung mit von Experten geleiteten, praxisorientierten Kursen, die sofortige Wirkung zeigen.<\/p>\n\n\n\n<p><a href=\"https:\/\/www.predict.io\/de\/loesungen\/bildung\/\" data-type=\"page\" data-id=\"111\">Mehr lesen<\/a><\/p>\n<\/div>\n\n\n\n<div class=\"wp-block-column hide is-layout-flow wp-block-column-is-layout-flow\">\n<figure class=\"wp-block-image alignfull size-full\"><img loading=\"lazy\" decoding=\"async\" width=\"370\" height=\"280\" src=\"https:\/\/www.predict.io\/wp-content\/uploads\/2025\/04\/business_man.webp\" alt=\"alter Mann\" class=\"wp-image-495\" srcset=\"https:\/\/www.predict.io\/wp-content\/uploads\/2025\/04\/business_man.webp 370w, https:\/\/www.predict.io\/wp-content\/uploads\/2025\/04\/business_man-300x227.webp 300w\" sizes=\"auto, (max-width: 370px) 100vw, 370px\" \/><\/figure>\n\n\n\n<h3 class=\"wp-block-heading\">ABM<\/h3>\n\n\n\n<p>Account-Based Marketing spricht die richtigen Kunden mit der richtigen Botschaft an. Mit den Erkenntnissen aus \u00fcber 40.000 Kampagnen sorgen wir f\u00fcr eine effiziente, wirkungsvolle Ansprache, die aus Interessenten Kunden macht. <\/p>\n\n\n\n<p><a href=\"\/solutions\/abm\/\" data-type=\"page\" data-id=\"111\">Mehr lesen<\/a><\/p>\n\n\n\n<p><\/p>\n<\/div>\n<\/div>\n\n<figure class=\"wp-block-pullquote\"><blockquote><p><strong>Verwandeln Sie Daten in Aktionen<\/strong><br\/>Ihr Marketing sollte genauso hart arbeiten wie Sie selbst. <br\/>Lassen Sie uns gemeinsam Erkenntnisse nutzen, um ein vorhersehbares Wachstum zu erzielen &#8211; melden Sie sich noch heute!<\/p><cite><a href=\"https:\/\/www.predict.io\/de\/kontakt\/\">Kontakt aufnehmen<\/a><\/cite><\/blockquote><\/figure>\n\n<div style=\"height:270px\" aria-hidden=\"true\" class=\"wp-block-spacer expanded\"><\/div>\n","protected":false},"excerpt":{"rendered":"<p>IntelligenteWerbel\u00f6sungen Wir versorgen Marken mit datengesteuerter Werbung in den Bereichen TV, Audio, Display und Video. Maximieren Sie Ihre Wirkung mit ABM, Nachfragegenerierung und professionellem Kampagnenmanagement. Mehr erfahren Brand Marketing Bei effektivem Markenmarketing geht es darum, Ihr Unternehmen \u00fcber alle Kan\u00e4le hinweg sichtbar, einpr\u00e4gsam und konsistent zu machen. Mit der richtigen Strategie sorgen wir daf\u00fcr, dass <\/p>\n<p><a class=\"btn btn-secondary understrap-read-more-link\" href=\"https:\/\/www.predict.io\/de\/loesungen\/\">Read More<span class=\"screen-reader-text\"> from L\u00f6sungen<\/span><\/a><\/p>\n","protected":false},"author":1,"featured_media":0,"parent":0,"menu_order":0,"comment_status":"closed","ping_status":"closed","template":"page-templates\/fullwidthpage.php","meta":{"content-type":"","footnotes":""},"class_list":["post-340","page","type-page","status-publish","hentry"],"yoast_head":"<!-- This site is optimized with the Yoast SEO plugin v27.4 - https:\/\/yoast.com\/product\/yoast-seo-wordpress\/ -->\n<title>Datengesteuerte Marketingl\u00f6sungen f\u00fcr Ihre Gesch\u00e4ftsziele<\/title>\n<meta name=\"description\" content=\"Von Reichweite und Rekrutierung bis hin zu Workshops - entdecken Sie L\u00f6sungen, die Ihren Zielen entsprechen und den Erfolg durch datengest\u00fctzte Strategien f\u00f6rdern.\" \/>\n<meta name=\"robots\" content=\"index, follow, max-snippet:-1, max-image-preview:large, max-video-preview:-1\" \/>\n<link rel=\"canonical\" href=\"https:\/\/www.predict.io\/de\/loesungen\/\" \/>\n<meta property=\"og:locale\" content=\"de_DE\" \/>\n<meta property=\"og:type\" content=\"article\" \/>\n<meta property=\"og:title\" content=\"Datengesteuerte Marketingl\u00f6sungen f\u00fcr Ihre Gesch\u00e4ftsziele\" \/>\n<meta property=\"og:description\" content=\"Von Reichweite und Rekrutierung bis hin zu Workshops - entdecken Sie L\u00f6sungen, die Ihren Zielen entsprechen und den Erfolg durch datengest\u00fctzte Strategien f\u00f6rdern.\" \/>\n<meta property=\"og:url\" content=\"https:\/\/www.predict.io\/de\/loesungen\/\" \/>\n<meta property=\"og:site_name\" content=\"predict.io\" \/>\n<meta property=\"article:modified_time\" content=\"2025-04-24T07:29:02+00:00\" \/>\n<meta property=\"og:image\" content=\"https:\/\/www.predict.io\/wp-content\/uploads\/2025\/04\/business_man_with_phone.webp\" \/>\n\t<meta property=\"og:image:width\" content=\"500\" \/>\n\t<meta property=\"og:image:height\" content=\"526\" \/>\n\t<meta property=\"og:image:type\" content=\"image\/webp\" \/>\n<meta name=\"twitter:card\" content=\"summary_large_image\" \/>\n<meta name=\"twitter:label1\" content=\"Gesch\u00e4tzte Lesezeit\" \/>\n\t<meta name=\"twitter:data1\" content=\"1\u00a0Minute\" \/>\n<script type=\"application\/ld+json\" class=\"yoast-schema-graph\">{\"@context\":\"https:\\\/\\\/schema.org\",\"@graph\":[{\"@type\":\"WebPage\",\"@id\":\"https:\\\/\\\/www.predict.io\\\/de\\\/loesungen\\\/\",\"url\":\"https:\\\/\\\/www.predict.io\\\/de\\\/loesungen\\\/\",\"name\":\"Datengesteuerte Marketingl\u00f6sungen f\u00fcr Ihre Gesch\u00e4ftsziele\",\"isPartOf\":{\"@id\":\"https:\\\/\\\/www.predict.io\\\/de\\\/#website\"},\"primaryImageOfPage\":{\"@id\":\"https:\\\/\\\/www.predict.io\\\/de\\\/loesungen\\\/#primaryimage\"},\"image\":{\"@id\":\"https:\\\/\\\/www.predict.io\\\/de\\\/loesungen\\\/#primaryimage\"},\"thumbnailUrl\":\"https:\\\/\\\/www.predict.io\\\/wp-content\\\/uploads\\\/2025\\\/04\\\/business_man_with_phone.webp\",\"datePublished\":\"2025-03-19T18:47:27+00:00\",\"dateModified\":\"2025-04-24T07:29:02+00:00\",\"description\":\"Von Reichweite und Rekrutierung bis hin zu Workshops - entdecken Sie L\u00f6sungen, die Ihren Zielen entsprechen und den Erfolg durch datengest\u00fctzte Strategien f\u00f6rdern.\",\"breadcrumb\":{\"@id\":\"https:\\\/\\\/www.predict.io\\\/de\\\/loesungen\\\/#breadcrumb\"},\"inLanguage\":\"de\",\"potentialAction\":[{\"@type\":\"ReadAction\",\"target\":[\"https:\\\/\\\/www.predict.io\\\/de\\\/loesungen\\\/\"]}]},{\"@type\":\"ImageObject\",\"inLanguage\":\"de\",\"@id\":\"https:\\\/\\\/www.predict.io\\\/de\\\/loesungen\\\/#primaryimage\",\"url\":\"https:\\\/\\\/www.predict.io\\\/wp-content\\\/uploads\\\/2025\\\/04\\\/business_man_with_phone.webp\",\"contentUrl\":\"https:\\\/\\\/www.predict.io\\\/wp-content\\\/uploads\\\/2025\\\/04\\\/business_man_with_phone.webp\"},{\"@type\":\"BreadcrumbList\",\"@id\":\"https:\\\/\\\/www.predict.io\\\/de\\\/loesungen\\\/#breadcrumb\",\"itemListElement\":[{\"@type\":\"ListItem\",\"position\":1,\"name\":\"Startseite\",\"item\":\"https:\\\/\\\/www.predict.io\\\/de\\\/\"},{\"@type\":\"ListItem\",\"position\":2,\"name\":\"L\u00f6sungen\"}]},{\"@type\":\"WebSite\",\"@id\":\"https:\\\/\\\/www.predict.io\\\/de\\\/#website\",\"url\":\"https:\\\/\\\/www.predict.io\\\/de\\\/\",\"name\":\"predict.io\",\"description\":\"\",\"publisher\":{\"@id\":\"https:\\\/\\\/www.predict.io\\\/de\\\/#organization\"},\"potentialAction\":[{\"@type\":\"SearchAction\",\"target\":{\"@type\":\"EntryPoint\",\"urlTemplate\":\"https:\\\/\\\/www.predict.io\\\/de\\\/?s={search_term_string}\"},\"query-input\":{\"@type\":\"PropertyValueSpecification\",\"valueRequired\":true,\"valueName\":\"search_term_string\"}}],\"inLanguage\":\"de\"},{\"@type\":\"Organization\",\"@id\":\"https:\\\/\\\/www.predict.io\\\/de\\\/#organization\",\"name\":\"predict.io\",\"url\":\"https:\\\/\\\/www.predict.io\\\/de\\\/\",\"logo\":{\"@type\":\"ImageObject\",\"inLanguage\":\"de\",\"@id\":\"https:\\\/\\\/www.predict.io\\\/de\\\/#\\\/schema\\\/logo\\\/image\\\/\",\"url\":\"https:\\\/\\\/www.predict.io\\\/wp-content\\\/uploads\\\/2025\\\/03\\\/cropped-android-chrome-512x512-1.png\",\"contentUrl\":\"https:\\\/\\\/www.predict.io\\\/wp-content\\\/uploads\\\/2025\\\/03\\\/cropped-android-chrome-512x512-1.png\",\"width\":512,\"height\":512,\"caption\":\"predict.io\"},\"image\":{\"@id\":\"https:\\\/\\\/www.predict.io\\\/de\\\/#\\\/schema\\\/logo\\\/image\\\/\"}}]}<\/script>\n<!-- \/ Yoast SEO plugin. -->","yoast_head_json":{"title":"Datengesteuerte Marketingl\u00f6sungen f\u00fcr Ihre Gesch\u00e4ftsziele","description":"Von Reichweite und Rekrutierung bis hin zu Workshops - entdecken Sie L\u00f6sungen, die Ihren Zielen entsprechen und den Erfolg durch datengest\u00fctzte Strategien f\u00f6rdern.","robots":{"index":"index","follow":"follow","max-snippet":"max-snippet:-1","max-image-preview":"max-image-preview:large","max-video-preview":"max-video-preview:-1"},"canonical":"https:\/\/www.predict.io\/de\/loesungen\/","og_locale":"de_DE","og_type":"article","og_title":"Datengesteuerte Marketingl\u00f6sungen f\u00fcr Ihre Gesch\u00e4ftsziele","og_description":"Von Reichweite und Rekrutierung bis hin zu Workshops - entdecken Sie L\u00f6sungen, die Ihren Zielen entsprechen und den Erfolg durch datengest\u00fctzte Strategien f\u00f6rdern.","og_url":"https:\/\/www.predict.io\/de\/loesungen\/","og_site_name":"predict.io","article_modified_time":"2025-04-24T07:29:02+00:00","og_image":[{"width":500,"height":526,"url":"https:\/\/www.predict.io\/wp-content\/uploads\/2025\/04\/business_man_with_phone.webp","type":"image\/webp"}],"twitter_card":"summary_large_image","twitter_misc":{"Gesch\u00e4tzte Lesezeit":"1\u00a0Minute"},"schema":{"@context":"https:\/\/schema.org","@graph":[{"@type":"WebPage","@id":"https:\/\/www.predict.io\/de\/loesungen\/","url":"https:\/\/www.predict.io\/de\/loesungen\/","name":"Datengesteuerte Marketingl\u00f6sungen f\u00fcr Ihre Gesch\u00e4ftsziele","isPartOf":{"@id":"https:\/\/www.predict.io\/de\/#website"},"primaryImageOfPage":{"@id":"https:\/\/www.predict.io\/de\/loesungen\/#primaryimage"},"image":{"@id":"https:\/\/www.predict.io\/de\/loesungen\/#primaryimage"},"thumbnailUrl":"https:\/\/www.predict.io\/wp-content\/uploads\/2025\/04\/business_man_with_phone.webp","datePublished":"2025-03-19T18:47:27+00:00","dateModified":"2025-04-24T07:29:02+00:00","description":"Von Reichweite und Rekrutierung bis hin zu Workshops - entdecken Sie L\u00f6sungen, die Ihren Zielen entsprechen und den Erfolg durch datengest\u00fctzte Strategien f\u00f6rdern.","breadcrumb":{"@id":"https:\/\/www.predict.io\/de\/loesungen\/#breadcrumb"},"inLanguage":"de","potentialAction":[{"@type":"ReadAction","target":["https:\/\/www.predict.io\/de\/loesungen\/"]}]},{"@type":"ImageObject","inLanguage":"de","@id":"https:\/\/www.predict.io\/de\/loesungen\/#primaryimage","url":"https:\/\/www.predict.io\/wp-content\/uploads\/2025\/04\/business_man_with_phone.webp","contentUrl":"https:\/\/www.predict.io\/wp-content\/uploads\/2025\/04\/business_man_with_phone.webp"},{"@type":"BreadcrumbList","@id":"https:\/\/www.predict.io\/de\/loesungen\/#breadcrumb","itemListElement":[{"@type":"ListItem","position":1,"name":"Startseite","item":"https:\/\/www.predict.io\/de\/"},{"@type":"ListItem","position":2,"name":"L\u00f6sungen"}]},{"@type":"WebSite","@id":"https:\/\/www.predict.io\/de\/#website","url":"https:\/\/www.predict.io\/de\/","name":"predict.io","description":"","publisher":{"@id":"https:\/\/www.predict.io\/de\/#organization"},"potentialAction":[{"@type":"SearchAction","target":{"@type":"EntryPoint","urlTemplate":"https:\/\/www.predict.io\/de\/?s={search_term_string}"},"query-input":{"@type":"PropertyValueSpecification","valueRequired":true,"valueName":"search_term_string"}}],"inLanguage":"de"},{"@type":"Organization","@id":"https:\/\/www.predict.io\/de\/#organization","name":"predict.io","url":"https:\/\/www.predict.io\/de\/","logo":{"@type":"ImageObject","inLanguage":"de","@id":"https:\/\/www.predict.io\/de\/#\/schema\/logo\/image\/","url":"https:\/\/www.predict.io\/wp-content\/uploads\/2025\/03\/cropped-android-chrome-512x512-1.png","contentUrl":"https:\/\/www.predict.io\/wp-content\/uploads\/2025\/03\/cropped-android-chrome-512x512-1.png","width":512,"height":512,"caption":"predict.io"},"image":{"@id":"https:\/\/www.predict.io\/de\/#\/schema\/logo\/image\/"}}]}},"_links":{"self":[{"href":"https:\/\/www.predict.io\/de\/wp-json\/wp\/v2\/pages\/340","targetHints":{"allow":["GET"]}}],"collection":[{"href":"https:\/\/www.predict.io\/de\/wp-json\/wp\/v2\/pages"}],"about":[{"href":"https:\/\/www.predict.io\/de\/wp-json\/wp\/v2\/types\/page"}],"author":[{"embeddable":true,"href":"https:\/\/www.predict.io\/de\/wp-json\/wp\/v2\/users\/1"}],"replies":[{"embeddable":true,"href":"https:\/\/www.predict.io\/de\/wp-json\/wp\/v2\/comments?post=340"}],"version-history":[{"count":6,"href":"https:\/\/www.predict.io\/de\/wp-json\/wp\/v2\/pages\/340\/revisions"}],"predecessor-version":[{"id":806,"href":"https:\/\/www.predict.io\/de\/wp-json\/wp\/v2\/pages\/340\/revisions\/806"}],"wp:attachment":[{"href":"https:\/\/www.predict.io\/de\/wp-json\/wp\/v2\/media?parent=340"}],"curies":[{"name":"wp","href":"https:\/\/api.w.org\/{rel}","templated":true}]}}