{"id":345,"date":"2025-03-19T09:31:41","date_gmt":"2025-03-19T08:31:41","guid":{"rendered":"https:\/\/www.predict.io\/wie-koennen-wir-helfen\/"},"modified":"2025-04-07T13:32:23","modified_gmt":"2025-04-07T11:32:23","slug":"wie-koennen-wir-helfen","status":"publish","type":"page","link":"https:\/\/www.predict.io\/de\/wie-koennen-wir-helfen\/","title":{"rendered":"Wie k\u00f6nnen wir helfen?"},"content":{"rendered":"\n<div class=\"wp-block-group expanded header-subpage\"><div class=\"wp-block-group__inner-container is-layout-constrained wp-block-group-is-layout-constrained\">\n<div class=\"wp-block-columns container is-layout-flex wp-container-core-columns-is-layout-9d6595d7 wp-block-columns-is-layout-flex\">\n<div class=\"wp-block-column is-vertically-aligned-center is-layout-flow wp-block-column-is-layout-flow\">\n<h1 class=\"wp-block-heading\">Wie k\u00f6nnen wir helfen?<\/h1>\n\n\n\n<p>Wir helfen Ihnen dabei, fundierte Entscheidungen zu treffen, die Ihre Marketingaktivit\u00e4ten auf ein neues Level bringen!<\/p>\n\n\n\n<p class=\"invert-link\"><a href=\"#goals\">Hier starten<\/a><\/p>\n<\/div>\n\n\n\n<div class=\"wp-block-column is-layout-flow wp-block-column-is-layout-flow\"><div class=\"wp-block-image\">\n<figure class=\"alignright size-full\"><img loading=\"lazy\" decoding=\"async\" width=\"940\" height=\"1080\" src=\"https:\/\/www.predict.io\/wp-content\/uploads\/2025\/04\/homepage_img1.webp\" alt=\"Menschen in einer Besprechung\" class=\"wp-image-524\" srcset=\"https:\/\/www.predict.io\/wp-content\/uploads\/2025\/04\/homepage_img1.webp 940w, https:\/\/www.predict.io\/wp-content\/uploads\/2025\/04\/homepage_img1-261x300.webp 261w, https:\/\/www.predict.io\/wp-content\/uploads\/2025\/04\/homepage_img1-891x1024.webp 891w, https:\/\/www.predict.io\/wp-content\/uploads\/2025\/04\/homepage_img1-768x882.webp 768w\" sizes=\"auto, (max-width: 940px) 100vw, 940px\" \/><\/figure>\n<\/div><\/div>\n<\/div>\n<\/div><\/div>\n\n<div class=\"wp-block-media-text is-stacked-on-mobile\" style=\"grid-template-columns:40% auto\" id=\"goals\"><figure class=\"wp-block-media-text__media\"><img loading=\"lazy\" decoding=\"async\" width=\"470\" height=\"540\" src=\"https:\/\/www.predict.io\/wp-content\/uploads\/2025\/04\/old_business_man.webp\" alt=\"alter Gesch\u00e4ftsmann\" class=\"wp-image-472 size-full\" srcset=\"https:\/\/www.predict.io\/wp-content\/uploads\/2025\/04\/old_business_man.webp 470w, https:\/\/www.predict.io\/wp-content\/uploads\/2025\/04\/old_business_man-261x300.webp 261w\" sizes=\"auto, (max-width: 470px) 100vw, 470px\" \/><\/figure><div class=\"wp-block-media-text__content\">\n<h2 class=\"wp-block-heading\">Ihre Ziele?<\/h2>\n\n\n\n<p>Wenn Sie ein neues Produkt auf den Markt bringen, in neue M\u00e4rkte expandieren oder wettbewerbsf\u00e4hig bleiben wollen, m\u00fcssen Sie <strong>sich dem Wandel stellen<\/strong> und <strong>Ihre Marketingstrategie<\/strong> auf die <strong>Bed\u00fcrfnisse und Verhaltensweisen<\/strong> Ihrer Zielgruppe <strong>abstimmen<\/strong>.  <br\/><br\/>Aufkommende Trends wie <strong>KI-gesteuerte Automatisierung, konversationelle Suche<\/strong> und <strong>personalisiertes mobiles Marketing<\/strong> sind von Dauer. Unser Team hilft Ihnen dabei, von diesen Trends zu profitieren und diese Vorteile zu optimieren.<\/p>\n<\/div><\/div>\n\n<div class=\"wp-block-group expanded list\"><div class=\"wp-block-group__inner-container is-layout-constrained wp-block-group-is-layout-constrained\">\n<h2 class=\"wp-block-heading container\">Wir machen einen Unterschied<\/h2>\n\n\n\n<div class=\"wp-block-columns container is-layout-flex wp-container-core-columns-is-layout-9d6595d7 wp-block-columns-is-layout-flex\">\n<div class=\"wp-block-column is-layout-flow wp-block-column-is-layout-flow\">\n<div class=\"wp-block-media-text is-vertically-aligned-top\" style=\"grid-template-columns:15% auto\"><figure class=\"wp-block-media-text__media\"><img decoding=\"async\" src=\"https:\/\/www.predict.io\/wp-content\/uploads\/2025\/03\/How-can-we-help-Icon-AI.svg\" alt=\"ai-Symbol\" class=\"wp-image-398 size-full\"\/><\/figure><div class=\"wp-block-media-text__content\">\n<h3 class=\"wp-block-heading\">K\u00fcnstliche Intelligenz<\/h3>\n\n\n\n<p>KI ver\u00e4ndert die Industrie und hilft Unternehmen, Daten zu analysieren, Dienstleistungen zu verbessern und gezielte Kampagnen durchzuf\u00fchren. Unsere Experten f\u00fcr maschinelles Lernen und voraussagende Analysen stehen bereit, um Ihre n\u00e4chste KI-gesteuerte Initiative zu unterst\u00fctzen. Lassen Sie uns reden!<\/p>\n<\/div><\/div>\n\n\n\n<div class=\"wp-block-media-text is-vertically-aligned-top\" style=\"grid-template-columns:15% auto\"><figure class=\"wp-block-media-text__media\"><img loading=\"lazy\" decoding=\"async\" width=\"128\" height=\"128\" src=\"https:\/\/www.predict.io\/wp-content\/uploads\/2025\/04\/ic_social-media@2x.webp\" alt=\"Symbol soziale Medien\" class=\"wp-image-482 size-full\"\/><\/figure><div class=\"wp-block-media-text__content\">\n<h3 class=\"wp-block-heading\">Social Media<\/h3>\n\n\n\n<p>Die Ausweitung der lokalen Pr\u00e4senz Ihrer Marke war noch nie so wichtig wie heute, denn die sozialen Medien bieten ungeahnte M\u00f6glichkeiten. Brauchen Sie eine Strategie, um die Rekrutierung und das Engagement zu beschleunigen?<\/p>\n<\/div><\/div>\n\n\n\n<div class=\"wp-block-media-text is-vertically-aligned-top\" style=\"grid-template-columns:15% auto\"><figure class=\"wp-block-media-text__media\"><img loading=\"lazy\" decoding=\"async\" width=\"128\" height=\"128\" src=\"https:\/\/www.predict.io\/wp-content\/uploads\/2025\/04\/ic_interactive-mkt@2x.webp\" alt=\"Icon Marketing\" class=\"wp-image-478 size-full\"\/><\/figure><div class=\"wp-block-media-text__content\">\n<h3 class=\"wp-block-heading\">Interaktives Marketing<\/h3>\n\n\n\n<p>Es ist einfacher, die Aufmerksamkeit des Publikums mit spielerischen Inhalten und fesselnden Erlebnissen zu gewinnen und zu halten. Sind Sie bereit, mit einem Gewinnerteam an Ihrer Seite aufzusteigen?<\/p>\n<\/div><\/div>\n<\/div>\n\n\n\n<div class=\"wp-block-column is-layout-flow wp-block-column-is-layout-flow\">\n<div class=\"wp-block-media-text is-vertically-aligned-top\" style=\"grid-template-columns:15% auto\"><figure class=\"wp-block-media-text__media\"><img loading=\"lazy\" decoding=\"async\" width=\"128\" height=\"128\" src=\"https:\/\/www.predict.io\/wp-content\/uploads\/2025\/04\/ic_search@2x.webp\" alt=\"Icon Suche\" class=\"wp-image-484 size-full\"\/><\/figure><div class=\"wp-block-media-text__content\">\n<h3 class=\"wp-block-heading\">Suche<\/h3>\n\n\n\n<p>Die Suchlandschaft entwickelt sich st\u00e4ndig weiter, so dass Marken mit aktualisierten Keyword-Strategien immer einen Schritt voraus sein m\u00fcssen. Sind Sie bereit, Ihren Ansatz zu verfeinern und die Konkurrenz auszustechen?<\/p>\n<\/div><\/div>\n\n\n\n<div class=\"wp-block-media-text is-vertically-aligned-top\" style=\"grid-template-columns:15% auto\"><figure class=\"wp-block-media-text__media\"><img loading=\"lazy\" decoding=\"async\" width=\"128\" height=\"128\" src=\"https:\/\/www.predict.io\/wp-content\/uploads\/2025\/04\/ic_personnalisation@2x.webp\" alt=\"Icon Personalisierung\" class=\"wp-image-480 size-full\"\/><\/figure><div class=\"wp-block-media-text__content\">\n<h3 class=\"wp-block-heading\">Personalisierung<\/h3>\n\n\n\n<p>Die Nutzung von Mobiltelefonen ist so hoch wie nie zuvor, was die Bereitstellung ma\u00dfgeschneiderter Inhalte unerl\u00e4sslich macht. K\u00f6nnte ein modernes und lohnendes Channel-Marketing-Programm Ihre Reichweite erh\u00f6hen?<\/p>\n<\/div><\/div>\n\n\n\n<div class=\"wp-block-media-text is-vertically-aligned-top\" style=\"grid-template-columns:15% auto\"><figure class=\"wp-block-media-text__media\"><img loading=\"lazy\" decoding=\"async\" width=\"128\" height=\"128\" src=\"https:\/\/www.predict.io\/wp-content\/uploads\/2025\/04\/ic_privacy-first@2x.webp\" alt=\"Icon Datenstrategie\" class=\"wp-image-476 size-full\"\/><\/figure><div class=\"wp-block-media-text__content\">\n<h3 class=\"wp-block-heading\">Strategie zum Schutz der Daten<\/h3>\n\n\n\n<p>Um in einer Welt ohne Cookies von Drittanbietern erfolgreich zu sein, ist eine starke Datenstrategie erforderlich. Als datenschutzorientierter Herausgeber helfen wir Marken, ihre Daten zu generieren, zu organisieren und anzureichern, um sie nahtlos anzupassen. Lassen Sie uns Ihren Marketingansatz verfeinern!<\/p>\n<\/div><\/div>\n<\/div>\n<\/div>\n<\/div><\/div>\n\n<div style=\"height:275px\" aria-hidden=\"true\" class=\"wp-block-spacer expanded light\"><\/div>\n\n<figure class=\"wp-block-pullquote\"><blockquote><p><strong>Verwandeln Sie Daten in Aktionen<\/strong><br\/>Ihr Marketing sollte genauso hart arbeiten wie Sie selbst. <br\/>Lassen Sie uns gemeinsam Erkenntnisse nutzen, um ein vorhersehbares Wachstum zu erzielen &#8211; melden Sie sich noch heute!<\/p><cite><a href=\"https:\/\/www.predict.io\/de\/kontakt\/\">Kontakt aufnehmen<\/a><\/cite><\/blockquote><\/figure>\n\n<div style=\"height:270px\" aria-hidden=\"true\" class=\"wp-block-spacer expanded\"><\/div>\n","protected":false},"excerpt":{"rendered":"<p>Wie k\u00f6nnen wir helfen? Wir helfen Ihnen dabei, fundierte Entscheidungen zu treffen, die Ihre Marketingaktivit\u00e4ten auf ein neues Level bringen! Hier starten Ihre Ziele? Wenn Sie ein neues Produkt auf den Markt bringen, in neue M\u00e4rkte expandieren oder wettbewerbsf\u00e4hig bleiben wollen, m\u00fcssen Sie sich dem Wandel stellen und Ihre Marketingstrategie auf die Bed\u00fcrfnisse und Verhaltensweisen <\/p>\n<p><a class=\"btn btn-secondary understrap-read-more-link\" href=\"https:\/\/www.predict.io\/de\/wie-koennen-wir-helfen\/\">Read More<span class=\"screen-reader-text\"> from Wie k\u00f6nnen wir helfen?<\/span><\/a><\/p>\n","protected":false},"author":1,"featured_media":0,"parent":0,"menu_order":0,"comment_status":"closed","ping_status":"closed","template":"page-templates\/fullwidthpage.php","meta":{"content-type":"","footnotes":""},"class_list":["post-345","page","type-page","status-publish","hentry"],"yoast_head":"<!-- This site is optimized with the Yoast SEO plugin v27.4 - https:\/\/yoast.com\/product\/yoast-seo-wordpress\/ -->\n<title>Wir unterst\u00fctzen Sie gezielt bei Ihren Marketingzielen | predict.io<\/title>\n<meta name=\"description\" content=\"Sie suchen nach L\u00f6sungen, die weiterhelfen? Wir analysieren Ihre Herausforderungen und liefern passende Marketingstrategien.\" \/>\n<meta name=\"robots\" content=\"index, follow, max-snippet:-1, max-image-preview:large, max-video-preview:-1\" \/>\n<link rel=\"canonical\" href=\"https:\/\/www.predict.io\/de\/wie-koennen-wir-helfen\/\" \/>\n<meta property=\"og:locale\" content=\"de_DE\" \/>\n<meta property=\"og:type\" content=\"article\" \/>\n<meta property=\"og:title\" content=\"Wir unterst\u00fctzen Sie gezielt bei Ihren Marketingzielen | predict.io\" \/>\n<meta property=\"og:description\" content=\"Sie suchen nach L\u00f6sungen, die weiterhelfen? Wir analysieren Ihre Herausforderungen und liefern passende Marketingstrategien.\" \/>\n<meta property=\"og:url\" content=\"https:\/\/www.predict.io\/de\/wie-koennen-wir-helfen\/\" \/>\n<meta property=\"og:site_name\" content=\"predict.io\" \/>\n<meta property=\"article:modified_time\" content=\"2025-04-07T11:32:23+00:00\" \/>\n<meta property=\"og:image\" content=\"https:\/\/www.predict.io\/wp-content\/uploads\/2025\/04\/homepage_img1.webp\" \/>\n\t<meta property=\"og:image:width\" content=\"940\" \/>\n\t<meta property=\"og:image:height\" content=\"1080\" \/>\n\t<meta property=\"og:image:type\" content=\"image\/webp\" \/>\n<meta name=\"twitter:card\" content=\"summary_large_image\" \/>\n<meta name=\"twitter:label1\" content=\"Gesch\u00e4tzte Lesezeit\" \/>\n\t<meta name=\"twitter:data1\" content=\"2\u00a0Minuten\" \/>\n<script type=\"application\/ld+json\" class=\"yoast-schema-graph\">{\"@context\":\"https:\\\/\\\/schema.org\",\"@graph\":[{\"@type\":\"WebPage\",\"@id\":\"https:\\\/\\\/www.predict.io\\\/de\\\/wie-koennen-wir-helfen\\\/\",\"url\":\"https:\\\/\\\/www.predict.io\\\/de\\\/wie-koennen-wir-helfen\\\/\",\"name\":\"Wir unterst\u00fctzen Sie gezielt bei Ihren Marketingzielen | predict.io\",\"isPartOf\":{\"@id\":\"https:\\\/\\\/www.predict.io\\\/de\\\/#website\"},\"primaryImageOfPage\":{\"@id\":\"https:\\\/\\\/www.predict.io\\\/de\\\/wie-koennen-wir-helfen\\\/#primaryimage\"},\"image\":{\"@id\":\"https:\\\/\\\/www.predict.io\\\/de\\\/wie-koennen-wir-helfen\\\/#primaryimage\"},\"thumbnailUrl\":\"https:\\\/\\\/www.predict.io\\\/wp-content\\\/uploads\\\/2025\\\/04\\\/homepage_img1.webp\",\"datePublished\":\"2025-03-19T08:31:41+00:00\",\"dateModified\":\"2025-04-07T11:32:23+00:00\",\"description\":\"Sie suchen nach L\u00f6sungen, die weiterhelfen? Wir analysieren Ihre Herausforderungen und liefern passende Marketingstrategien.\",\"breadcrumb\":{\"@id\":\"https:\\\/\\\/www.predict.io\\\/de\\\/wie-koennen-wir-helfen\\\/#breadcrumb\"},\"inLanguage\":\"de\",\"potentialAction\":[{\"@type\":\"ReadAction\",\"target\":[\"https:\\\/\\\/www.predict.io\\\/de\\\/wie-koennen-wir-helfen\\\/\"]}]},{\"@type\":\"ImageObject\",\"inLanguage\":\"de\",\"@id\":\"https:\\\/\\\/www.predict.io\\\/de\\\/wie-koennen-wir-helfen\\\/#primaryimage\",\"url\":\"https:\\\/\\\/www.predict.io\\\/wp-content\\\/uploads\\\/2025\\\/04\\\/homepage_img1.webp\",\"contentUrl\":\"https:\\\/\\\/www.predict.io\\\/wp-content\\\/uploads\\\/2025\\\/04\\\/homepage_img1.webp\"},{\"@type\":\"BreadcrumbList\",\"@id\":\"https:\\\/\\\/www.predict.io\\\/de\\\/wie-koennen-wir-helfen\\\/#breadcrumb\",\"itemListElement\":[{\"@type\":\"ListItem\",\"position\":1,\"name\":\"Startseite\",\"item\":\"https:\\\/\\\/www.predict.io\\\/de\\\/\"},{\"@type\":\"ListItem\",\"position\":2,\"name\":\"Wie k\u00f6nnen wir helfen?\"}]},{\"@type\":\"WebSite\",\"@id\":\"https:\\\/\\\/www.predict.io\\\/de\\\/#website\",\"url\":\"https:\\\/\\\/www.predict.io\\\/de\\\/\",\"name\":\"predict.io\",\"description\":\"\",\"publisher\":{\"@id\":\"https:\\\/\\\/www.predict.io\\\/de\\\/#organization\"},\"potentialAction\":[{\"@type\":\"SearchAction\",\"target\":{\"@type\":\"EntryPoint\",\"urlTemplate\":\"https:\\\/\\\/www.predict.io\\\/de\\\/?s={search_term_string}\"},\"query-input\":{\"@type\":\"PropertyValueSpecification\",\"valueRequired\":true,\"valueName\":\"search_term_string\"}}],\"inLanguage\":\"de\"},{\"@type\":\"Organization\",\"@id\":\"https:\\\/\\\/www.predict.io\\\/de\\\/#organization\",\"name\":\"predict.io\",\"url\":\"https:\\\/\\\/www.predict.io\\\/de\\\/\",\"logo\":{\"@type\":\"ImageObject\",\"inLanguage\":\"de\",\"@id\":\"https:\\\/\\\/www.predict.io\\\/de\\\/#\\\/schema\\\/logo\\\/image\\\/\",\"url\":\"https:\\\/\\\/www.predict.io\\\/wp-content\\\/uploads\\\/2025\\\/03\\\/cropped-android-chrome-512x512-1.png\",\"contentUrl\":\"https:\\\/\\\/www.predict.io\\\/wp-content\\\/uploads\\\/2025\\\/03\\\/cropped-android-chrome-512x512-1.png\",\"width\":512,\"height\":512,\"caption\":\"predict.io\"},\"image\":{\"@id\":\"https:\\\/\\\/www.predict.io\\\/de\\\/#\\\/schema\\\/logo\\\/image\\\/\"}}]}<\/script>\n<!-- \/ Yoast SEO plugin. -->","yoast_head_json":{"title":"Wir unterst\u00fctzen Sie gezielt bei Ihren Marketingzielen | predict.io","description":"Sie suchen nach L\u00f6sungen, die weiterhelfen? Wir analysieren Ihre Herausforderungen und liefern passende Marketingstrategien.","robots":{"index":"index","follow":"follow","max-snippet":"max-snippet:-1","max-image-preview":"max-image-preview:large","max-video-preview":"max-video-preview:-1"},"canonical":"https:\/\/www.predict.io\/de\/wie-koennen-wir-helfen\/","og_locale":"de_DE","og_type":"article","og_title":"Wir unterst\u00fctzen Sie gezielt bei Ihren Marketingzielen | predict.io","og_description":"Sie suchen nach L\u00f6sungen, die weiterhelfen? Wir analysieren Ihre Herausforderungen und liefern passende Marketingstrategien.","og_url":"https:\/\/www.predict.io\/de\/wie-koennen-wir-helfen\/","og_site_name":"predict.io","article_modified_time":"2025-04-07T11:32:23+00:00","og_image":[{"width":940,"height":1080,"url":"https:\/\/www.predict.io\/wp-content\/uploads\/2025\/04\/homepage_img1.webp","type":"image\/webp"}],"twitter_card":"summary_large_image","twitter_misc":{"Gesch\u00e4tzte Lesezeit":"2\u00a0Minuten"},"schema":{"@context":"https:\/\/schema.org","@graph":[{"@type":"WebPage","@id":"https:\/\/www.predict.io\/de\/wie-koennen-wir-helfen\/","url":"https:\/\/www.predict.io\/de\/wie-koennen-wir-helfen\/","name":"Wir unterst\u00fctzen Sie gezielt bei Ihren Marketingzielen | predict.io","isPartOf":{"@id":"https:\/\/www.predict.io\/de\/#website"},"primaryImageOfPage":{"@id":"https:\/\/www.predict.io\/de\/wie-koennen-wir-helfen\/#primaryimage"},"image":{"@id":"https:\/\/www.predict.io\/de\/wie-koennen-wir-helfen\/#primaryimage"},"thumbnailUrl":"https:\/\/www.predict.io\/wp-content\/uploads\/2025\/04\/homepage_img1.webp","datePublished":"2025-03-19T08:31:41+00:00","dateModified":"2025-04-07T11:32:23+00:00","description":"Sie suchen nach L\u00f6sungen, die weiterhelfen? Wir analysieren Ihre Herausforderungen und liefern passende Marketingstrategien.","breadcrumb":{"@id":"https:\/\/www.predict.io\/de\/wie-koennen-wir-helfen\/#breadcrumb"},"inLanguage":"de","potentialAction":[{"@type":"ReadAction","target":["https:\/\/www.predict.io\/de\/wie-koennen-wir-helfen\/"]}]},{"@type":"ImageObject","inLanguage":"de","@id":"https:\/\/www.predict.io\/de\/wie-koennen-wir-helfen\/#primaryimage","url":"https:\/\/www.predict.io\/wp-content\/uploads\/2025\/04\/homepage_img1.webp","contentUrl":"https:\/\/www.predict.io\/wp-content\/uploads\/2025\/04\/homepage_img1.webp"},{"@type":"BreadcrumbList","@id":"https:\/\/www.predict.io\/de\/wie-koennen-wir-helfen\/#breadcrumb","itemListElement":[{"@type":"ListItem","position":1,"name":"Startseite","item":"https:\/\/www.predict.io\/de\/"},{"@type":"ListItem","position":2,"name":"Wie k\u00f6nnen wir helfen?"}]},{"@type":"WebSite","@id":"https:\/\/www.predict.io\/de\/#website","url":"https:\/\/www.predict.io\/de\/","name":"predict.io","description":"","publisher":{"@id":"https:\/\/www.predict.io\/de\/#organization"},"potentialAction":[{"@type":"SearchAction","target":{"@type":"EntryPoint","urlTemplate":"https:\/\/www.predict.io\/de\/?s={search_term_string}"},"query-input":{"@type":"PropertyValueSpecification","valueRequired":true,"valueName":"search_term_string"}}],"inLanguage":"de"},{"@type":"Organization","@id":"https:\/\/www.predict.io\/de\/#organization","name":"predict.io","url":"https:\/\/www.predict.io\/de\/","logo":{"@type":"ImageObject","inLanguage":"de","@id":"https:\/\/www.predict.io\/de\/#\/schema\/logo\/image\/","url":"https:\/\/www.predict.io\/wp-content\/uploads\/2025\/03\/cropped-android-chrome-512x512-1.png","contentUrl":"https:\/\/www.predict.io\/wp-content\/uploads\/2025\/03\/cropped-android-chrome-512x512-1.png","width":512,"height":512,"caption":"predict.io"},"image":{"@id":"https:\/\/www.predict.io\/de\/#\/schema\/logo\/image\/"}}]}},"_links":{"self":[{"href":"https:\/\/www.predict.io\/de\/wp-json\/wp\/v2\/pages\/345","targetHints":{"allow":["GET"]}}],"collection":[{"href":"https:\/\/www.predict.io\/de\/wp-json\/wp\/v2\/pages"}],"about":[{"href":"https:\/\/www.predict.io\/de\/wp-json\/wp\/v2\/types\/page"}],"author":[{"embeddable":true,"href":"https:\/\/www.predict.io\/de\/wp-json\/wp\/v2\/users\/1"}],"replies":[{"embeddable":true,"href":"https:\/\/www.predict.io\/de\/wp-json\/wp\/v2\/comments?post=345"}],"version-history":[{"count":7,"href":"https:\/\/www.predict.io\/de\/wp-json\/wp\/v2\/pages\/345\/revisions"}],"predecessor-version":[{"id":636,"href":"https:\/\/www.predict.io\/de\/wp-json\/wp\/v2\/pages\/345\/revisions\/636"}],"wp:attachment":[{"href":"https:\/\/www.predict.io\/de\/wp-json\/wp\/v2\/media?parent=345"}],"curies":[{"name":"wp","href":"https:\/\/api.w.org\/{rel}","templated":true}]}}