{"id":349,"date":"2025-03-18T18:36:08","date_gmt":"2025-03-18T17:36:08","guid":{"rendered":"https:\/\/www.predict.io\/startseite\/"},"modified":"2025-04-17T11:10:15","modified_gmt":"2025-04-17T09:10:15","slug":"startseite","status":"publish","type":"page","link":"https:\/\/www.predict.io\/de\/","title":{"rendered":"Startseite"},"content":{"rendered":"\n<div class=\"wp-block-group expanded header\"><div class=\"wp-block-group__inner-container is-layout-constrained wp-block-group-is-layout-constrained\">\n<div class=\"wp-block-columns container is-layout-flex wp-container-core-columns-is-layout-9d6595d7 wp-block-columns-is-layout-flex\">\n<div class=\"wp-block-column is-vertically-aligned-center is-layout-flow wp-block-column-is-layout-flow\">\n<h1 class=\"wp-block-heading\">Datengesteuerte Werbung <br>f\u00fcr maximale Wirkung<\/h1>\n\n\n\n<p>Wir sorgen f\u00fcr intelligentere Kampagnen mit pr\u00e4zisem Targeting, Multi-Channel-Reichweite und messbaren Ergebnissen.<\/p>\n\n\n\n<p class=\"invert-link\"><a href=\"https:\/\/www.predict.io\/de\/loesungen\/\">Unsere L\u00f6sungen<\/a> <a href=\"https:\/\/www.predict.io\/de\/kontakt\/\">Kontakt aufnehmen<\/a><\/p>\n<\/div>\n\n\n\n<div class=\"wp-block-column is-layout-flow wp-block-column-is-layout-flow\">\n<div style=\"text-align: right;\"><lottie-player src=\"\/wp-content\/themes\/predict\/js\/homepage_hero_anim-bkg.json\" background=\"transparent\" speed=\"1\" class=\"lottie\" loop=\"\" autoplay=\"\"><\/lottie-player><\/div>\n\n\n\n<figure class=\"wp-block-image size-full desktop-only\"><img loading=\"lazy\" decoding=\"async\" width=\"513\" height=\"517\" src=\"https:\/\/www.predict.io\/wp-content\/uploads\/2025\/04\/woman_with_cup_and_phone-1.webp\" alt=\"Frau mit Telefon zur Datenkontrolle\" class=\"wp-image-433\" srcset=\"https:\/\/www.predict.io\/wp-content\/uploads\/2025\/04\/woman_with_cup_and_phone-1.webp 513w, https:\/\/www.predict.io\/wp-content\/uploads\/2025\/04\/woman_with_cup_and_phone-1-298x300.webp 298w, https:\/\/www.predict.io\/wp-content\/uploads\/2025\/04\/woman_with_cup_and_phone-1-150x150.webp 150w\" sizes=\"auto, (max-width: 513px) 100vw, 513px\" \/><\/figure>\n\n\n\n<figure class=\"wp-block-image size-large device-only\"><img loading=\"lazy\" decoding=\"async\" width=\"897\" height=\"1024\" src=\"https:\/\/www.predict.io\/wp-content\/uploads\/2025\/04\/homepage_hero_img-standalone-897x1024.webp\" alt=\"Frau mit Telefon zur Datenkontrolle\" class=\"wp-image-610\" srcset=\"https:\/\/www.predict.io\/wp-content\/uploads\/2025\/04\/homepage_hero_img-standalone-897x1024.webp 897w, https:\/\/www.predict.io\/wp-content\/uploads\/2025\/04\/homepage_hero_img-standalone-263x300.webp 263w, https:\/\/www.predict.io\/wp-content\/uploads\/2025\/04\/homepage_hero_img-standalone-768x877.webp 768w, https:\/\/www.predict.io\/wp-content\/uploads\/2025\/04\/homepage_hero_img-standalone.webp 1154w\" sizes=\"auto, (max-width: 897px) 100vw, 897px\" \/><\/figure>\n<\/div>\n<\/div>\n<\/div><\/div>\n\n\n\n<div class=\"wp-block-media-text is-stacked-on-mobile\" style=\"grid-template-columns:40% auto\"><figure class=\"wp-block-media-text__media\"><img loading=\"lazy\" decoding=\"async\" width=\"891\" height=\"1024\" src=\"https:\/\/www.predict.io\/wp-content\/uploads\/2025\/04\/homepage_img1-891x1024.webp\" alt=\"Menschen in einem Meeting mit Daten\" class=\"wp-image-524 size-full\" srcset=\"https:\/\/www.predict.io\/wp-content\/uploads\/2025\/04\/homepage_img1-891x1024.webp 891w, https:\/\/www.predict.io\/wp-content\/uploads\/2025\/04\/homepage_img1-261x300.webp 261w, https:\/\/www.predict.io\/wp-content\/uploads\/2025\/04\/homepage_img1-768x882.webp 768w, https:\/\/www.predict.io\/wp-content\/uploads\/2025\/04\/homepage_img1.webp 940w\" sizes=\"auto, (max-width: 891px) 100vw, 891px\" \/><\/figure><div class=\"wp-block-media-text__content\">\n<h2 class=\"wp-block-heading\">Wie k\u00f6nnen wir helfen?<\/h2>\n\n\n\n<p>Wir helfen Ihnen dabei, <strong>fundierte Entscheidungen<\/strong> zu treffen, die Ihre Marketingaktivit\u00e4ten aufwerten und deren Wert auf ein neues Level bringen!<\/p>\n\n\n\n<div class=\"wp-block-buttons is-layout-flex wp-block-buttons-is-layout-flex\">\n<div class=\"wp-block-button\"><a class=\"wp-block-button__link wp-element-button\" href=\"https:\/\/www.predict.io\/de\/wie-koennen-wir-helfen\/\">So helfen wir<\/a><\/div>\n<\/div>\n<\/div><\/div>\n\n\n\n<div class=\"wp-block-media-text has-media-on-the-right is-stacked-on-mobile\" style=\"grid-template-columns:auto 40%\"><div class=\"wp-block-media-text__content\">\n<h2 class=\"wp-block-heading\">Intelligente<br>Werbel\u00f6sungen<\/h2>\n\n\n\n<p>Wir versorgen Marken mit <strong>datengesteuerter Werbung<\/strong> in den Bereichen TV, Audio, Display und Video. Maximieren Sie Ihre Wirkung mit ABM, Nachfragegenerierung und professionellem Kampagnenmanagement. <\/p>\n\n\n\n<div class=\"wp-block-buttons is-layout-flex wp-block-buttons-is-layout-flex\">\n<div class=\"wp-block-button\"><a class=\"wp-block-button__link wp-element-button\" href=\"https:\/\/www.predict.io\/de\/loesungen\/\">Zum \u00dcberblick<\/a><\/div>\n<\/div>\n<\/div><figure class=\"wp-block-media-text__media\"><img loading=\"lazy\" decoding=\"async\" width=\"891\" height=\"1024\" src=\"https:\/\/www.predict.io\/wp-content\/uploads\/2025\/04\/homepage_img2-891x1024.webp\" alt=\"Gesch\u00e4ftsdatenmann\" class=\"wp-image-526 size-full\" srcset=\"https:\/\/www.predict.io\/wp-content\/uploads\/2025\/04\/homepage_img2-891x1024.webp 891w, https:\/\/www.predict.io\/wp-content\/uploads\/2025\/04\/homepage_img2-261x300.webp 261w, https:\/\/www.predict.io\/wp-content\/uploads\/2025\/04\/homepage_img2-768x882.webp 768w, https:\/\/www.predict.io\/wp-content\/uploads\/2025\/04\/homepage_img2.webp 940w\" sizes=\"auto, (max-width: 891px) 100vw, 891px\" \/><\/figure><\/div>\n\n\n\n<div class=\"wp-block-group expanded\"><div class=\"wp-block-group__inner-container is-layout-constrained wp-block-group-is-layout-constrained\">\n<div class=\"wp-block-columns container is-layout-flex wp-container-core-columns-is-layout-9d6595d7 wp-block-columns-is-layout-flex\">\n<div class=\"wp-block-column is-layout-flow wp-block-column-is-layout-flow\">\n<div class=\"wp-block-columns is-layout-flex wp-container-core-columns-is-layout-9d6595d7 wp-block-columns-is-layout-flex\">\n<div class=\"wp-block-column is-layout-flow wp-block-column-is-layout-flow\">\n<p class=\"counter-number count-1\"><\/p>\n\n\n\n<p>Jahre Verlagstradition<\/p>\n<\/div>\n\n\n\n<div class=\"wp-block-column is-layout-flow wp-block-column-is-layout-flow\">\n<p class=\"counter-number count-2\"><\/p>\n\n\n\n<p>Kunden auf der ganzen Welt<\/p>\n<\/div>\n<\/div>\n<\/div>\n\n\n\n<div class=\"wp-block-column is-layout-flow wp-block-column-is-layout-flow\">\n<div class=\"wp-block-columns is-layout-flex wp-container-core-columns-is-layout-9d6595d7 wp-block-columns-is-layout-flex\">\n<div class=\"wp-block-column is-layout-flow wp-block-column-is-layout-flow\">\n<p class=\"counter-number count-3\"><\/p>\n\n\n\n<p>Kampagnen pro Jahr<\/p>\n<\/div>\n\n\n\n<div class=\"wp-block-column is-layout-flow wp-block-column-is-layout-flow\">\n<p class=\"counter-number\">1.<span class=\"counter-number count-4\"><\/span> <\/p>\n\n\n\n<p>Ad Impressions pro Jahr<\/p>\n<\/div>\n<\/div>\n<\/div>\n<\/div>\n<\/div><\/div>\n\n\n\n<h2 class=\"wp-block-heading has-text-align-center\">Unsere Kunden<\/h2>\n\n\n\n<p class=\"has-text-align-center\">Predict.io und die <a href=\"https:\/\/krick.com\" target=\"_blank\" rel=\"noreferrer noopener\">Krick Corporate Familie<\/a> arbeiten mit <strong>\u00fcber 15.000 globalen und lokalen Marken<\/strong>, Agenturen und Verlagen zusammen.<\/p>\n\n\n\n<div class=\"wp-block-group customer-grid-grey grayscale is-layout-grid wp-container-core-group-is-layout-a4cfb915 wp-block-group-is-layout-grid\">\n<figure class=\"wp-block-image size-full\"><img loading=\"lazy\" decoding=\"async\" width=\"760\" height=\"120\" src=\"https:\/\/www.predict.io\/wp-content\/uploads\/2025\/04\/pressetreff-1.webp\" alt=\"logo pressetreff\" class=\"wp-image-581\" srcset=\"https:\/\/www.predict.io\/wp-content\/uploads\/2025\/04\/pressetreff-1.webp 760w, https:\/\/www.predict.io\/wp-content\/uploads\/2025\/04\/pressetreff-1-300x47.webp 300w\" sizes=\"auto, (max-width: 760px) 100vw, 760px\" \/><\/figure>\n\n\n\n<figure class=\"wp-block-image size-full\"><img loading=\"lazy\" decoding=\"async\" width=\"1182\" height=\"1182\" src=\"https:\/\/www.predict.io\/wp-content\/uploads\/2025\/04\/baskets-1.webp\" alt=\"Logo-K\u00f6rbe\" class=\"wp-image-583\" srcset=\"https:\/\/www.predict.io\/wp-content\/uploads\/2025\/04\/baskets-1.webp 1182w, https:\/\/www.predict.io\/wp-content\/uploads\/2025\/04\/baskets-1-300x300.webp 300w, https:\/\/www.predict.io\/wp-content\/uploads\/2025\/04\/baskets-1-1024x1024.webp 1024w, https:\/\/www.predict.io\/wp-content\/uploads\/2025\/04\/baskets-1-150x150.webp 150w, https:\/\/www.predict.io\/wp-content\/uploads\/2025\/04\/baskets-1-768x768.webp 768w\" sizes=\"auto, (max-width: 1182px) 100vw, 1182px\" \/><\/figure>\n\n\n\n<figure class=\"wp-block-image size-full\"><img decoding=\"async\" src=\"https:\/\/www.predict.io\/wp-content\/uploads\/2025\/04\/logo_Fraport-1.svg\" alt=\"logo fraport\" class=\"wp-image-585\"\/><\/figure>\n\n\n\n<figure class=\"wp-block-image size-full wp-container-content-22a8b0d6\"><img decoding=\"async\" src=\"https:\/\/www.predict.io\/wp-content\/uploads\/2025\/04\/awo-1.svg\" alt=\"Logo awo\" class=\"wp-image-587\"\/><\/figure>\n\n\n\n<figure class=\"wp-block-image size-full wp-container-content-22a8b0d6\"><img loading=\"lazy\" decoding=\"async\" width=\"752\" height=\"479\" src=\"https:\/\/www.predict.io\/wp-content\/uploads\/2025\/04\/autoscout24.webp\" alt=\"Logo autoscout24\" class=\"wp-image-724\" srcset=\"https:\/\/www.predict.io\/wp-content\/uploads\/2025\/04\/autoscout24.webp 752w, https:\/\/www.predict.io\/wp-content\/uploads\/2025\/04\/autoscout24-300x191.webp 300w\" sizes=\"auto, (max-width: 752px) 100vw, 752px\" \/><\/figure>\n\n\n\n<figure class=\"wp-block-image size-full\"><img decoding=\"async\" src=\"https:\/\/www.predict.io\/wp-content\/uploads\/2025\/03\/logo_kabelscheune.svg\" alt=\"Logo KabelScheune\" class=\"wp-image-87\"\/><\/figure>\n\n\n\n<figure class=\"wp-block-image size-full\"><img decoding=\"async\" src=\"https:\/\/www.predict.io\/wp-content\/uploads\/2025\/03\/logo_t-system.svg\" alt=\"Logo T-Systems\" class=\"wp-image-88\"\/><\/figure>\n\n\n\n<figure class=\"wp-block-image size-full\"><img decoding=\"async\" src=\"https:\/\/www.predict.io\/wp-content\/uploads\/2025\/03\/logo_volkswagen.svg\" alt=\"Logo VW\" class=\"wp-image-89\"\/><\/figure>\n\n\n\n<figure class=\"wp-block-image size-full\"><img decoding=\"async\" src=\"https:\/\/www.predict.io\/wp-content\/uploads\/2025\/03\/logo_rewe.svg\" alt=\"Logo Rewe\" class=\"wp-image-90\"\/><\/figure>\n\n\n\n<figure class=\"wp-block-image size-full\"><img loading=\"lazy\" decoding=\"async\" width=\"850\" height=\"195\" src=\"https:\/\/www.predict.io\/wp-content\/uploads\/2025\/04\/tega-1.webp\" alt=\"Logo tega\" class=\"wp-image-589\" srcset=\"https:\/\/www.predict.io\/wp-content\/uploads\/2025\/04\/tega-1.webp 850w, https:\/\/www.predict.io\/wp-content\/uploads\/2025\/04\/tega-1-300x69.webp 300w, https:\/\/www.predict.io\/wp-content\/uploads\/2025\/04\/tega-1-768x176.webp 768w\" sizes=\"auto, (max-width: 850px) 100vw, 850px\" \/><\/figure>\n\n\n\n<figure class=\"wp-block-image size-full\"><img decoding=\"async\" src=\"https:\/\/www.predict.io\/wp-content\/uploads\/2025\/03\/logo_allianz.svg\" alt=\"Logo Allianz\" class=\"wp-image-92\"\/><\/figure>\n\n\n\n<figure class=\"wp-block-image size-full\"><img decoding=\"async\" src=\"https:\/\/www.predict.io\/wp-content\/uploads\/2025\/03\/logo_warema.svg\" alt=\"Logo Warema\" class=\"wp-image-93\"\/><\/figure>\n\n\n\n<figure class=\"wp-block-image size-full\"><img decoding=\"async\" src=\"https:\/\/www.predict.io\/wp-content\/uploads\/2025\/03\/logo_aok.svg\" alt=\"Logo AOK\" class=\"wp-image-94\"\/><\/figure>\n\n\n\n<figure class=\"wp-block-image size-full\"><img decoding=\"async\" src=\"https:\/\/www.predict.io\/wp-content\/uploads\/2025\/03\/logo_edeka.svg\" alt=\"Logo EDEKA\" class=\"wp-image-95\"\/><\/figure>\n\n\n\n<figure class=\"wp-block-image size-full\"><img decoding=\"async\" src=\"https:\/\/www.predict.io\/wp-content\/uploads\/2025\/03\/logo_kneipp.svg\" alt=\"Logo Kneipp\" class=\"wp-image-96\"\/><\/figure>\n<\/div>\n\n\n\n<figure class=\"wp-block-pullquote\"><blockquote><p><strong>Verwandeln Sie Daten in Aktionen<\/strong><br>Ihr Marketing sollte genauso hart arbeiten wie Sie selbst. <br>Lassen Sie uns Erkenntnisse nutzen, um ein vorhersehbares Wachstum zu erzielen &#8211;<br>sprechen Sie uns noch heute an!<\/p><cite><a href=\"https:\/\/www.predict.io\/de\/kontakt\/\">Kontakt aufnehmen<\/a><\/cite><\/blockquote><\/figure>\n\n\n\n<div style=\"height:270px\" aria-hidden=\"true\" class=\"wp-block-spacer expanded\"><\/div>\n","protected":false},"excerpt":{"rendered":"<p>Datengesteuerte Werbung f\u00fcr maximale Wirkung Wir sorgen f\u00fcr intelligentere Kampagnen mit pr\u00e4zisem Targeting, Multi-Channel-Reichweite und messbaren Ergebnissen. Unsere L\u00f6sungen Kontakt aufnehmen Jahre Verlagstradition Kunden auf der ganzen Welt Kampagnen pro Jahr 1. Ad Impressions pro Jahr Unsere Kunden Predict.io und die Krick Corporate Familie arbeiten mit \u00fcber 15.000 globalen und lokalen Marken, Agenturen und Verlagen <\/p>\n<p><a class=\"btn btn-secondary understrap-read-more-link\" href=\"https:\/\/www.predict.io\/de\/\">Read More<span class=\"screen-reader-text\"> from Startseite<\/span><\/a><\/p>\n","protected":false},"author":1,"featured_media":0,"parent":0,"menu_order":0,"comment_status":"closed","ping_status":"closed","template":"page-templates\/fullwidthpage.php","meta":{"content-type":"","footnotes":""},"class_list":["post-349","page","type-page","status-publish","hentry"],"yoast_head":"<!-- This site is optimized with the Yoast SEO plugin v27.4 - https:\/\/yoast.com\/product\/yoast-seo-wordpress\/ -->\n<title>Datengetriebene Werbung f\u00fcr messbaren Marketingerfolg | predict.io<\/title>\n<meta name=\"description\" content=\"Erreichen Sie Ihre Zielgruppe punktgenau \u2013 mit datengetriebener Werbung. Erfahren Sie, wie Sie Ihre Performance steigern.\" \/>\n<meta name=\"robots\" content=\"index, follow, max-snippet:-1, max-image-preview:large, max-video-preview:-1\" \/>\n<link rel=\"canonical\" href=\"https:\/\/www.predict.io\/de\/\" \/>\n<meta property=\"og:locale\" content=\"de_DE\" \/>\n<meta property=\"og:type\" content=\"article\" \/>\n<meta property=\"og:title\" content=\"Datengetriebene Werbung f\u00fcr messbaren Marketingerfolg | predict.io\" \/>\n<meta property=\"og:description\" content=\"Erreichen Sie Ihre Zielgruppe punktgenau \u2013 mit datengetriebener Werbung. Erfahren Sie, wie Sie Ihre Performance steigern.\" \/>\n<meta property=\"og:url\" content=\"https:\/\/www.predict.io\/de\/\" \/>\n<meta property=\"og:site_name\" content=\"predict.io\" \/>\n<meta property=\"article:modified_time\" content=\"2025-04-17T09:10:15+00:00\" \/>\n<meta property=\"og:image\" content=\"https:\/\/www.predict.io\/wp-content\/uploads\/2025\/04\/woman_with_cup_and_phone-1.webp\" \/>\n\t<meta property=\"og:image:width\" content=\"513\" \/>\n\t<meta property=\"og:image:height\" content=\"517\" \/>\n\t<meta property=\"og:image:type\" content=\"image\/webp\" \/>\n<meta name=\"twitter:card\" content=\"summary_large_image\" \/>\n<meta name=\"twitter:label1\" content=\"Gesch\u00e4tzte Lesezeit\" \/>\n\t<meta name=\"twitter:data1\" content=\"5\u00a0Minuten\" \/>\n<script type=\"application\/ld+json\" class=\"yoast-schema-graph\">{\"@context\":\"https:\\\/\\\/schema.org\",\"@graph\":[{\"@type\":\"WebPage\",\"@id\":\"https:\\\/\\\/www.predict.io\\\/de\\\/\",\"url\":\"https:\\\/\\\/www.predict.io\\\/de\\\/\",\"name\":\"Datengetriebene Werbung f\u00fcr messbaren Marketingerfolg | predict.io\",\"isPartOf\":{\"@id\":\"https:\\\/\\\/www.predict.io\\\/de\\\/#website\"},\"primaryImageOfPage\":{\"@id\":\"https:\\\/\\\/www.predict.io\\\/de\\\/#primaryimage\"},\"image\":{\"@id\":\"https:\\\/\\\/www.predict.io\\\/de\\\/#primaryimage\"},\"thumbnailUrl\":\"https:\\\/\\\/www.predict.io\\\/wp-content\\\/uploads\\\/2025\\\/04\\\/woman_with_cup_and_phone-1.webp\",\"datePublished\":\"2025-03-18T17:36:08+00:00\",\"dateModified\":\"2025-04-17T09:10:15+00:00\",\"description\":\"Erreichen Sie Ihre Zielgruppe punktgenau \u2013 mit datengetriebener Werbung. Erfahren Sie, wie Sie Ihre Performance steigern.\",\"breadcrumb\":{\"@id\":\"https:\\\/\\\/www.predict.io\\\/de\\\/#breadcrumb\"},\"inLanguage\":\"de\",\"potentialAction\":[{\"@type\":\"ReadAction\",\"target\":[\"https:\\\/\\\/www.predict.io\\\/de\\\/\"]}]},{\"@type\":\"ImageObject\",\"inLanguage\":\"de\",\"@id\":\"https:\\\/\\\/www.predict.io\\\/de\\\/#primaryimage\",\"url\":\"https:\\\/\\\/www.predict.io\\\/wp-content\\\/uploads\\\/2025\\\/04\\\/woman_with_cup_and_phone-1.webp\",\"contentUrl\":\"https:\\\/\\\/www.predict.io\\\/wp-content\\\/uploads\\\/2025\\\/04\\\/woman_with_cup_and_phone-1.webp\"},{\"@type\":\"BreadcrumbList\",\"@id\":\"https:\\\/\\\/www.predict.io\\\/de\\\/#breadcrumb\",\"itemListElement\":[{\"@type\":\"ListItem\",\"position\":1,\"name\":\"Startseite\",\"item\":\"https:\\\/\\\/www.predict.io\\\/de\\\/\"},{\"@type\":\"ListItem\",\"position\":2,\"name\":\"Startseite\"}]},{\"@type\":\"WebSite\",\"@id\":\"https:\\\/\\\/www.predict.io\\\/de\\\/#website\",\"url\":\"https:\\\/\\\/www.predict.io\\\/de\\\/\",\"name\":\"predict.io\",\"description\":\"\",\"publisher\":{\"@id\":\"https:\\\/\\\/www.predict.io\\\/de\\\/#organization\"},\"potentialAction\":[{\"@type\":\"SearchAction\",\"target\":{\"@type\":\"EntryPoint\",\"urlTemplate\":\"https:\\\/\\\/www.predict.io\\\/de\\\/?s={search_term_string}\"},\"query-input\":{\"@type\":\"PropertyValueSpecification\",\"valueRequired\":true,\"valueName\":\"search_term_string\"}}],\"inLanguage\":\"de\"},{\"@type\":\"Organization\",\"@id\":\"https:\\\/\\\/www.predict.io\\\/de\\\/#organization\",\"name\":\"predict.io\",\"url\":\"https:\\\/\\\/www.predict.io\\\/de\\\/\",\"logo\":{\"@type\":\"ImageObject\",\"inLanguage\":\"de\",\"@id\":\"https:\\\/\\\/www.predict.io\\\/de\\\/#\\\/schema\\\/logo\\\/image\\\/\",\"url\":\"https:\\\/\\\/www.predict.io\\\/wp-content\\\/uploads\\\/2025\\\/03\\\/cropped-android-chrome-512x512-1.png\",\"contentUrl\":\"https:\\\/\\\/www.predict.io\\\/wp-content\\\/uploads\\\/2025\\\/03\\\/cropped-android-chrome-512x512-1.png\",\"width\":512,\"height\":512,\"caption\":\"predict.io\"},\"image\":{\"@id\":\"https:\\\/\\\/www.predict.io\\\/de\\\/#\\\/schema\\\/logo\\\/image\\\/\"}}]}<\/script>\n<!-- \/ Yoast SEO plugin. -->","yoast_head_json":{"title":"Datengetriebene Werbung f\u00fcr messbaren Marketingerfolg | predict.io","description":"Erreichen Sie Ihre Zielgruppe punktgenau \u2013 mit datengetriebener Werbung. Erfahren Sie, wie Sie Ihre Performance steigern.","robots":{"index":"index","follow":"follow","max-snippet":"max-snippet:-1","max-image-preview":"max-image-preview:large","max-video-preview":"max-video-preview:-1"},"canonical":"https:\/\/www.predict.io\/de\/","og_locale":"de_DE","og_type":"article","og_title":"Datengetriebene Werbung f\u00fcr messbaren Marketingerfolg | predict.io","og_description":"Erreichen Sie Ihre Zielgruppe punktgenau \u2013 mit datengetriebener Werbung. Erfahren Sie, wie Sie Ihre Performance steigern.","og_url":"https:\/\/www.predict.io\/de\/","og_site_name":"predict.io","article_modified_time":"2025-04-17T09:10:15+00:00","og_image":[{"width":513,"height":517,"url":"https:\/\/www.predict.io\/wp-content\/uploads\/2025\/04\/woman_with_cup_and_phone-1.webp","type":"image\/webp"}],"twitter_card":"summary_large_image","twitter_misc":{"Gesch\u00e4tzte Lesezeit":"5\u00a0Minuten"},"schema":{"@context":"https:\/\/schema.org","@graph":[{"@type":"WebPage","@id":"https:\/\/www.predict.io\/de\/","url":"https:\/\/www.predict.io\/de\/","name":"Datengetriebene Werbung f\u00fcr messbaren Marketingerfolg | predict.io","isPartOf":{"@id":"https:\/\/www.predict.io\/de\/#website"},"primaryImageOfPage":{"@id":"https:\/\/www.predict.io\/de\/#primaryimage"},"image":{"@id":"https:\/\/www.predict.io\/de\/#primaryimage"},"thumbnailUrl":"https:\/\/www.predict.io\/wp-content\/uploads\/2025\/04\/woman_with_cup_and_phone-1.webp","datePublished":"2025-03-18T17:36:08+00:00","dateModified":"2025-04-17T09:10:15+00:00","description":"Erreichen Sie Ihre Zielgruppe punktgenau \u2013 mit datengetriebener Werbung. Erfahren Sie, wie Sie Ihre Performance steigern.","breadcrumb":{"@id":"https:\/\/www.predict.io\/de\/#breadcrumb"},"inLanguage":"de","potentialAction":[{"@type":"ReadAction","target":["https:\/\/www.predict.io\/de\/"]}]},{"@type":"ImageObject","inLanguage":"de","@id":"https:\/\/www.predict.io\/de\/#primaryimage","url":"https:\/\/www.predict.io\/wp-content\/uploads\/2025\/04\/woman_with_cup_and_phone-1.webp","contentUrl":"https:\/\/www.predict.io\/wp-content\/uploads\/2025\/04\/woman_with_cup_and_phone-1.webp"},{"@type":"BreadcrumbList","@id":"https:\/\/www.predict.io\/de\/#breadcrumb","itemListElement":[{"@type":"ListItem","position":1,"name":"Startseite","item":"https:\/\/www.predict.io\/de\/"},{"@type":"ListItem","position":2,"name":"Startseite"}]},{"@type":"WebSite","@id":"https:\/\/www.predict.io\/de\/#website","url":"https:\/\/www.predict.io\/de\/","name":"predict.io","description":"","publisher":{"@id":"https:\/\/www.predict.io\/de\/#organization"},"potentialAction":[{"@type":"SearchAction","target":{"@type":"EntryPoint","urlTemplate":"https:\/\/www.predict.io\/de\/?s={search_term_string}"},"query-input":{"@type":"PropertyValueSpecification","valueRequired":true,"valueName":"search_term_string"}}],"inLanguage":"de"},{"@type":"Organization","@id":"https:\/\/www.predict.io\/de\/#organization","name":"predict.io","url":"https:\/\/www.predict.io\/de\/","logo":{"@type":"ImageObject","inLanguage":"de","@id":"https:\/\/www.predict.io\/de\/#\/schema\/logo\/image\/","url":"https:\/\/www.predict.io\/wp-content\/uploads\/2025\/03\/cropped-android-chrome-512x512-1.png","contentUrl":"https:\/\/www.predict.io\/wp-content\/uploads\/2025\/03\/cropped-android-chrome-512x512-1.png","width":512,"height":512,"caption":"predict.io"},"image":{"@id":"https:\/\/www.predict.io\/de\/#\/schema\/logo\/image\/"}}]}},"_links":{"self":[{"href":"https:\/\/www.predict.io\/de\/wp-json\/wp\/v2\/pages\/349","targetHints":{"allow":["GET"]}}],"collection":[{"href":"https:\/\/www.predict.io\/de\/wp-json\/wp\/v2\/pages"}],"about":[{"href":"https:\/\/www.predict.io\/de\/wp-json\/wp\/v2\/types\/page"}],"author":[{"embeddable":true,"href":"https:\/\/www.predict.io\/de\/wp-json\/wp\/v2\/users\/1"}],"replies":[{"embeddable":true,"href":"https:\/\/www.predict.io\/de\/wp-json\/wp\/v2\/comments?post=349"}],"version-history":[{"count":10,"href":"https:\/\/www.predict.io\/de\/wp-json\/wp\/v2\/pages\/349\/revisions"}],"predecessor-version":[{"id":770,"href":"https:\/\/www.predict.io\/de\/wp-json\/wp\/v2\/pages\/349\/revisions\/770"}],"wp:attachment":[{"href":"https:\/\/www.predict.io\/de\/wp-json\/wp\/v2\/media?parent=349"}],"curies":[{"name":"wp","href":"https:\/\/api.w.org\/{rel}","templated":true}]}}