{"id":670,"date":"2025-03-19T12:13:36","date_gmt":"2025-03-19T11:13:36","guid":{"rendered":"https:\/\/www.predict.io\/impressum\/"},"modified":"2025-04-16T09:04:12","modified_gmt":"2025-04-16T07:04:12","slug":"impressum","status":"publish","type":"page","link":"https:\/\/www.predict.io\/de\/impressum\/","title":{"rendered":"Impressum"},"content":{"rendered":"\n<div class=\"wp-block-group expanded header-subpage\"><div class=\"wp-block-group__inner-container is-layout-constrained wp-block-group-is-layout-constrained\">\n<div class=\"wp-block-columns container is-layout-flex wp-container-core-columns-is-layout-9d6595d7 wp-block-columns-is-layout-flex\">\n<div class=\"wp-block-column is-vertically-aligned-center text-header is-layout-flow wp-block-column-is-layout-flow\">\n<h1 class=\"wp-block-heading has-text-align-center\"><strong>Impressum<\/strong><\/h1>\n\n\n\n<p class=\"has-text-align-center\"><\/p>\n<\/div>\n<\/div>\n<\/div><\/div>\n\n\n\n<h2 class=\"wp-block-heading\"><strong>predict.io GmbH<\/strong><\/h2>\n\n\n\n<p>Mainparkring 4<br>97246 Eibelstadt<br>Deutschland<\/p>\n\n\n\n<div style=\"height:20px\" aria-hidden=\"true\" class=\"wp-block-spacer\"><\/div>\n\n\n\n<p>Telefon: +49 800 005 7425<br>E-Mail: <a href=\"mailto:hello@predict.io\"><\/a><a href=\"mailto:service@krick.com\" target=\"_blank\" rel=\"noreferrer noopener\">service@krick.com<\/a><\/p>\n\n\n\n<div style=\"height:20px\" aria-hidden=\"true\" class=\"wp-block-spacer\"><\/div>\n\n\n\n<p>AG W\u00fcrzburg HRB 9339<br>USt.-ID-Nr. DE 252674910<\/p>\n\n\n\n<div style=\"height:40px\" aria-hidden=\"true\" class=\"wp-block-spacer\"><\/div>\n\n\n\n<p><strong><strong>Gesch\u00e4ftsf\u00fchrer:<\/strong><\/strong><\/p>\n\n\n\n<p>Dr. Klaus D. Mapara<br>Antoine Cl\u00e9ment<\/p>\n\n\n\n<div style=\"height:40px\" aria-hidden=\"true\" class=\"wp-block-spacer\"><\/div>\n\n\n\n<p><strong>Inhaltlich Verantwortlicher gem\u00e4\u00df \u00a7 18 Abs. 2 MStV:<\/strong><\/p>\n\n\n\n<p>Dr. Klaus D. Mapara<br>(Anschrift siehe oben)<\/p>\n\n\n\n<div style=\"height:40px\" aria-hidden=\"true\" class=\"wp-block-spacer\"><\/div>\n\n\n\n<p>Die Europ\u00e4ische Kommission stellt eine Plattform f\u00fcr die au\u00dfergerichtliche Online-Streitbeilegung (OS-Plattform) bereit, die unter&nbsp;<a href=\"https:\/\/ec.europa.eu\/consumers\/odr\/main\/index.cfm?event=main.home2.show&amp;lng=DE\" target=\"_blank\" rel=\"noreferrer noopener\">www.ec.europa.eu\/consumers\/odr<\/a>&nbsp;aufrufbar ist. Unsere E-Mail-Adresse finden Sie in unserem Impressum. Wir sind weder verpflichtet noch bereit, an dem Streitschlichtungsverfahren teilzunehmen.<\/p>\n\n\n\n<p>Alle Rechte vorbehalten. Die auf der Website verwendeten Texte, Bilder, Grafiken, Dateien usw. unterliegen dem Urheberrecht und anderen Gesetzen zum Schutz des geistigen Eigentums. Ihre Weitergabe, Ver\u00e4nderung, gewerbliche Nutzung oder Verwendung in anderen Websites oder Medien ist nicht gestattet.<\/p>\n\n\n\n<div style=\"height:100px\" aria-hidden=\"true\" class=\"wp-block-spacer\"><\/div>\n\n\n<div class=\"wp-block-image\">\n<figure class=\"aligncenter size-full\"><img decoding=\"async\" src=\"https:\/\/www.predict.io\/wp-content\/uploads\/2025\/03\/logo_predict.io_.svg\" alt=\"predict.io logo\" class=\"wp-image-237\"\/><\/figure>\n<\/div>\n\n\n<div style=\"height:100px\" aria-hidden=\"true\" class=\"wp-block-spacer\"><\/div>\n\n\n\n<p><\/p>\n","protected":false},"excerpt":{"rendered":"<p>Impressum predict.io GmbH Mainparkring 497246 EibelstadtDeutschland Telefon: +49 800 005 7425E-Mail: service@krick.com AG W\u00fcrzburg HRB 9339USt.-ID-Nr. DE 252674910 Gesch\u00e4ftsf\u00fchrer: Dr. Klaus D. MaparaAntoine Cl\u00e9ment Inhaltlich Verantwortlicher gem\u00e4\u00df \u00a7 18 Abs. 2 MStV: Dr. Klaus D. Mapara(Anschrift siehe oben) Die Europ\u00e4ische Kommission stellt eine Plattform f\u00fcr die au\u00dfergerichtliche Online-Streitbeilegung (OS-Plattform) bereit, die unter&nbsp;www.ec.europa.eu\/consumers\/odr&nbsp;aufrufbar ist. Unsere E-Mail-Adresse <\/p>\n<p><a class=\"btn btn-secondary understrap-read-more-link\" href=\"https:\/\/www.predict.io\/de\/impressum\/\">Read More<span class=\"screen-reader-text\"> from Impressum<\/span><\/a><\/p>\n","protected":false},"author":1,"featured_media":0,"parent":0,"menu_order":0,"comment_status":"closed","ping_status":"closed","template":"page-templates\/fullwidthpage.php","meta":{"content-type":"","footnotes":""},"class_list":["post-670","page","type-page","status-publish","hentry"],"yoast_head":"<!-- This site is optimized with the Yoast SEO plugin v27.6 - https:\/\/yoast.com\/product\/yoast-seo-wordpress\/ -->\n<title>Impressum mit den PflichtangabenImpressum | predict.io<\/title>\n<meta name=\"description\" content=\"Hier finden Sie das Impressum mit den Pflichtangaben von predict.io. Inklusive Kontaktpersonen und Verantwortliche.\" \/>\n<meta name=\"robots\" content=\"index, follow, max-snippet:-1, max-image-preview:large, max-video-preview:-1\" \/>\n<link rel=\"canonical\" href=\"https:\/\/www.predict.io\/de\/impressum\/\" \/>\n<meta property=\"og:locale\" content=\"de_DE\" \/>\n<meta property=\"og:type\" content=\"article\" \/>\n<meta property=\"og:title\" content=\"Impressum mit den PflichtangabenImpressum | predict.io\" \/>\n<meta property=\"og:description\" content=\"Hier finden Sie das Impressum mit den Pflichtangaben von predict.io. Inklusive Kontaktpersonen und Verantwortliche.\" \/>\n<meta property=\"og:url\" content=\"https:\/\/www.predict.io\/de\/impressum\/\" \/>\n<meta property=\"og:site_name\" content=\"predict.io\" \/>\n<meta property=\"article:modified_time\" content=\"2025-04-16T07:04:12+00:00\" \/>\n<meta name=\"twitter:card\" content=\"summary_large_image\" \/>\n<meta name=\"twitter:label1\" content=\"Gesch\u00e4tzte Lesezeit\" \/>\n\t<meta name=\"twitter:data1\" content=\"1\u00a0Minute\" \/>\n<script type=\"application\/ld+json\" class=\"yoast-schema-graph\">{\"@context\":\"https:\\\/\\\/schema.org\",\"@graph\":[{\"@type\":\"WebPage\",\"@id\":\"https:\\\/\\\/www.predict.io\\\/de\\\/impressum\\\/\",\"url\":\"https:\\\/\\\/www.predict.io\\\/de\\\/impressum\\\/\",\"name\":\"Impressum mit den PflichtangabenImpressum | predict.io\",\"isPartOf\":{\"@id\":\"https:\\\/\\\/www.predict.io\\\/de\\\/#website\"},\"primaryImageOfPage\":{\"@id\":\"https:\\\/\\\/www.predict.io\\\/de\\\/impressum\\\/#primaryimage\"},\"image\":{\"@id\":\"https:\\\/\\\/www.predict.io\\\/de\\\/impressum\\\/#primaryimage\"},\"thumbnailUrl\":\"https:\\\/\\\/www.predict.io\\\/wp-content\\\/uploads\\\/2025\\\/03\\\/logo_predict.io_.svg\",\"datePublished\":\"2025-03-19T11:13:36+00:00\",\"dateModified\":\"2025-04-16T07:04:12+00:00\",\"description\":\"Hier finden Sie das Impressum mit den Pflichtangaben von predict.io. Inklusive Kontaktpersonen und Verantwortliche.\",\"breadcrumb\":{\"@id\":\"https:\\\/\\\/www.predict.io\\\/de\\\/impressum\\\/#breadcrumb\"},\"inLanguage\":\"de\",\"potentialAction\":[{\"@type\":\"ReadAction\",\"target\":[\"https:\\\/\\\/www.predict.io\\\/de\\\/impressum\\\/\"]}]},{\"@type\":\"ImageObject\",\"inLanguage\":\"de\",\"@id\":\"https:\\\/\\\/www.predict.io\\\/de\\\/impressum\\\/#primaryimage\",\"url\":\"https:\\\/\\\/www.predict.io\\\/wp-content\\\/uploads\\\/2025\\\/03\\\/logo_predict.io_.svg\",\"contentUrl\":\"https:\\\/\\\/www.predict.io\\\/wp-content\\\/uploads\\\/2025\\\/03\\\/logo_predict.io_.svg\"},{\"@type\":\"BreadcrumbList\",\"@id\":\"https:\\\/\\\/www.predict.io\\\/de\\\/impressum\\\/#breadcrumb\",\"itemListElement\":[{\"@type\":\"ListItem\",\"position\":1,\"name\":\"Startseite\",\"item\":\"https:\\\/\\\/www.predict.io\\\/de\\\/\"},{\"@type\":\"ListItem\",\"position\":2,\"name\":\"Impressum\"}]},{\"@type\":\"WebSite\",\"@id\":\"https:\\\/\\\/www.predict.io\\\/de\\\/#website\",\"url\":\"https:\\\/\\\/www.predict.io\\\/de\\\/\",\"name\":\"predict.io\",\"description\":\"\",\"publisher\":{\"@id\":\"https:\\\/\\\/www.predict.io\\\/de\\\/#organization\"},\"potentialAction\":[{\"@type\":\"SearchAction\",\"target\":{\"@type\":\"EntryPoint\",\"urlTemplate\":\"https:\\\/\\\/www.predict.io\\\/de\\\/?s={search_term_string}\"},\"query-input\":{\"@type\":\"PropertyValueSpecification\",\"valueRequired\":true,\"valueName\":\"search_term_string\"}}],\"inLanguage\":\"de\"},{\"@type\":\"Organization\",\"@id\":\"https:\\\/\\\/www.predict.io\\\/de\\\/#organization\",\"name\":\"predict.io\",\"url\":\"https:\\\/\\\/www.predict.io\\\/de\\\/\",\"logo\":{\"@type\":\"ImageObject\",\"inLanguage\":\"de\",\"@id\":\"https:\\\/\\\/www.predict.io\\\/de\\\/#\\\/schema\\\/logo\\\/image\\\/\",\"url\":\"https:\\\/\\\/www.predict.io\\\/wp-content\\\/uploads\\\/2025\\\/03\\\/cropped-android-chrome-512x512-1.png\",\"contentUrl\":\"https:\\\/\\\/www.predict.io\\\/wp-content\\\/uploads\\\/2025\\\/03\\\/cropped-android-chrome-512x512-1.png\",\"width\":512,\"height\":512,\"caption\":\"predict.io\"},\"image\":{\"@id\":\"https:\\\/\\\/www.predict.io\\\/de\\\/#\\\/schema\\\/logo\\\/image\\\/\"}}]}<\/script>\n<!-- \/ Yoast SEO plugin. -->","yoast_head_json":{"title":"Impressum mit den PflichtangabenImpressum | predict.io","description":"Hier finden Sie das Impressum mit den Pflichtangaben von predict.io. Inklusive Kontaktpersonen und Verantwortliche.","robots":{"index":"index","follow":"follow","max-snippet":"max-snippet:-1","max-image-preview":"max-image-preview:large","max-video-preview":"max-video-preview:-1"},"canonical":"https:\/\/www.predict.io\/de\/impressum\/","og_locale":"de_DE","og_type":"article","og_title":"Impressum mit den PflichtangabenImpressum | predict.io","og_description":"Hier finden Sie das Impressum mit den Pflichtangaben von predict.io. Inklusive Kontaktpersonen und Verantwortliche.","og_url":"https:\/\/www.predict.io\/de\/impressum\/","og_site_name":"predict.io","article_modified_time":"2025-04-16T07:04:12+00:00","twitter_card":"summary_large_image","twitter_misc":{"Gesch\u00e4tzte Lesezeit":"1\u00a0Minute"},"schema":{"@context":"https:\/\/schema.org","@graph":[{"@type":"WebPage","@id":"https:\/\/www.predict.io\/de\/impressum\/","url":"https:\/\/www.predict.io\/de\/impressum\/","name":"Impressum mit den PflichtangabenImpressum | predict.io","isPartOf":{"@id":"https:\/\/www.predict.io\/de\/#website"},"primaryImageOfPage":{"@id":"https:\/\/www.predict.io\/de\/impressum\/#primaryimage"},"image":{"@id":"https:\/\/www.predict.io\/de\/impressum\/#primaryimage"},"thumbnailUrl":"https:\/\/www.predict.io\/wp-content\/uploads\/2025\/03\/logo_predict.io_.svg","datePublished":"2025-03-19T11:13:36+00:00","dateModified":"2025-04-16T07:04:12+00:00","description":"Hier finden Sie das Impressum mit den Pflichtangaben von predict.io. Inklusive Kontaktpersonen und Verantwortliche.","breadcrumb":{"@id":"https:\/\/www.predict.io\/de\/impressum\/#breadcrumb"},"inLanguage":"de","potentialAction":[{"@type":"ReadAction","target":["https:\/\/www.predict.io\/de\/impressum\/"]}]},{"@type":"ImageObject","inLanguage":"de","@id":"https:\/\/www.predict.io\/de\/impressum\/#primaryimage","url":"https:\/\/www.predict.io\/wp-content\/uploads\/2025\/03\/logo_predict.io_.svg","contentUrl":"https:\/\/www.predict.io\/wp-content\/uploads\/2025\/03\/logo_predict.io_.svg"},{"@type":"BreadcrumbList","@id":"https:\/\/www.predict.io\/de\/impressum\/#breadcrumb","itemListElement":[{"@type":"ListItem","position":1,"name":"Startseite","item":"https:\/\/www.predict.io\/de\/"},{"@type":"ListItem","position":2,"name":"Impressum"}]},{"@type":"WebSite","@id":"https:\/\/www.predict.io\/de\/#website","url":"https:\/\/www.predict.io\/de\/","name":"predict.io","description":"","publisher":{"@id":"https:\/\/www.predict.io\/de\/#organization"},"potentialAction":[{"@type":"SearchAction","target":{"@type":"EntryPoint","urlTemplate":"https:\/\/www.predict.io\/de\/?s={search_term_string}"},"query-input":{"@type":"PropertyValueSpecification","valueRequired":true,"valueName":"search_term_string"}}],"inLanguage":"de"},{"@type":"Organization","@id":"https:\/\/www.predict.io\/de\/#organization","name":"predict.io","url":"https:\/\/www.predict.io\/de\/","logo":{"@type":"ImageObject","inLanguage":"de","@id":"https:\/\/www.predict.io\/de\/#\/schema\/logo\/image\/","url":"https:\/\/www.predict.io\/wp-content\/uploads\/2025\/03\/cropped-android-chrome-512x512-1.png","contentUrl":"https:\/\/www.predict.io\/wp-content\/uploads\/2025\/03\/cropped-android-chrome-512x512-1.png","width":512,"height":512,"caption":"predict.io"},"image":{"@id":"https:\/\/www.predict.io\/de\/#\/schema\/logo\/image\/"}}]}},"_links":{"self":[{"href":"https:\/\/www.predict.io\/de\/wp-json\/wp\/v2\/pages\/670","targetHints":{"allow":["GET"]}}],"collection":[{"href":"https:\/\/www.predict.io\/de\/wp-json\/wp\/v2\/pages"}],"about":[{"href":"https:\/\/www.predict.io\/de\/wp-json\/wp\/v2\/types\/page"}],"author":[{"embeddable":true,"href":"https:\/\/www.predict.io\/de\/wp-json\/wp\/v2\/users\/1"}],"replies":[{"embeddable":true,"href":"https:\/\/www.predict.io\/de\/wp-json\/wp\/v2\/comments?post=670"}],"version-history":[{"count":5,"href":"https:\/\/www.predict.io\/de\/wp-json\/wp\/v2\/pages\/670\/revisions"}],"predecessor-version":[{"id":764,"href":"https:\/\/www.predict.io\/de\/wp-json\/wp\/v2\/pages\/670\/revisions\/764"}],"wp:attachment":[{"href":"https:\/\/www.predict.io\/de\/wp-json\/wp\/v2\/media?parent=670"}],"curies":[{"name":"wp","href":"https:\/\/api.w.org\/{rel}","templated":true}]}}