{"id":878,"date":"2026-01-28T07:46:37","date_gmt":"2026-01-28T06:46:37","guid":{"rendered":"https:\/\/www.predict.io\/?page_id=878"},"modified":"2026-02-23T11:38:09","modified_gmt":"2026-02-23T10:38:09","slug":"referenzen","status":"publish","type":"page","link":"https:\/\/www.predict.io\/de\/referenzen\/","title":{"rendered":"Referenzen"},"content":{"rendered":"\n<div class=\"wp-block-group expanded header-subpage\"><div class=\"wp-block-group__inner-container is-layout-constrained wp-block-group-is-layout-constrained\">\n<div class=\"wp-block-columns container is-layout-flex wp-container-core-columns-is-layout-9d6595d7 wp-block-columns-is-layout-flex\">\n<div class=\"wp-block-column is-vertically-aligned-center text-header is-layout-flow wp-block-column-is-layout-flow\">\n<h1 class=\"wp-block-heading has-text-align-center\">Referenzen<\/h1>\n\n\n\n<p class=\"has-text-align-center\">Wir begleiten Unternehmen dabei auf Basis pr\u00e4ziser Verhaltensdaten nahtlose Multi-Channel-Kampagnen zu realisieren. Diese sprechen Kunden digital als auch pers\u00f6nlich am Point of Sale effektiv an und generieren so messbare Erfolge f\u00fcr nachhaltiges Wachstum.<\/p>\n<\/div>\n<\/div>\n<\/div><\/div>\n\n\n\n<div style=\"height:100px\" aria-hidden=\"true\" class=\"wp-block-spacer\"><\/div>\n\n\n\n<h2 class=\"wp-block-heading\">Case Studies<\/h2>\n\n\n\n<div style=\"height:30px\" aria-hidden=\"true\" class=\"wp-block-spacer\"><\/div>\n\n\n\n<div class=\"wp-block-media-text has-media-on-the-right is-stacked-on-mobile p-40 has-background\" style=\"background-color:#fafafa;grid-template-columns:auto 40%\"><div class=\"wp-block-media-text__content\">\n<h3 class=\"wp-block-heading\">Pfalzwerke &amp; predict.io: Effiziente Leadgen im Fokus<\/h3>\n\n\n\n<p>Im harten Energiemarkt entscheiden die Qualit\u00e4t der Leads. Durch die pr\u00e4zise Technologie von predict.io erzielen die Pfalzwerke eine gezielte <strong>datenbasierte Vorqualifizierung<\/strong> potenzieller Kunden.<\/p>\n\n\n\n<div style=\"height:15px\" aria-hidden=\"true\" class=\"wp-block-spacer\"><\/div>\n\n\n\n<p><strong>75%+<\/strong> Abschlussquote<br>+25%<strong> Umsatzsteigerung<\/strong> im Photovoltaik-Bereich<\/p>\n\n\n\n<div class=\"wp-block-buttons is-layout-flex wp-block-buttons-is-layout-flex\">\n<div class=\"wp-block-button\"><a class=\"wp-block-button__link wp-element-button\" href=\"https:\/\/www.predict.io\/de\/referenzen\/pfalzwerke\">Case Study anzeigen<\/a><\/div>\n<\/div>\n<\/div><figure class=\"wp-block-media-text__media\"><a href=\"\/de\/referenzen\/pfalzwerke\"><img loading=\"lazy\" decoding=\"async\" width=\"894\" height=\"601\" src=\"https:\/\/www.predict.io\/wp-content\/uploads\/2026\/02\/pfalzwerkepredict.webp\" alt=\"\" class=\"wp-image-960 size-full\" srcset=\"https:\/\/www.predict.io\/wp-content\/uploads\/2026\/02\/pfalzwerkepredict.webp 894w, https:\/\/www.predict.io\/wp-content\/uploads\/2026\/02\/pfalzwerkepredict-300x202.webp 300w, https:\/\/www.predict.io\/wp-content\/uploads\/2026\/02\/pfalzwerkepredict-768x516.webp 768w\" sizes=\"auto, (max-width: 894px) 100vw, 894px\" \/><\/a><\/figure><\/div>\n\n\n\n<p><\/p>\n","protected":false},"excerpt":{"rendered":"<p>Referenzen Wir begleiten Unternehmen dabei auf Basis pr\u00e4ziser Verhaltensdaten nahtlose Multi-Channel-Kampagnen zu realisieren. Diese sprechen Kunden digital als auch pers\u00f6nlich am Point of Sale effektiv an und generieren so messbare Erfolge f\u00fcr nachhaltiges Wachstum. Case Studies [&#8230;]<\/p>\n<p><a class=\"btn btn-secondary understrap-read-more-link\" href=\"https:\/\/www.predict.io\/de\/referenzen\/\">Weiterlesen\u00a0\u2026<span class=\"screen-reader-text\"> from Referenzen<\/span><\/a><\/p>\n","protected":false},"author":1,"featured_media":0,"parent":0,"menu_order":0,"comment_status":"closed","ping_status":"closed","template":"page-templates\/fullwidthpage.php","meta":{"content-type":"","footnotes":""},"class_list":["post-878","page","type-page","status-publish","hentry"],"yoast_head":"<!-- This site is optimized with the Yoast SEO plugin v26.8 - https:\/\/yoast.com\/product\/yoast-seo-wordpress\/ -->\n<title>Referenzen | predict.io<\/title>\n<meta name=\"robots\" content=\"index, follow, max-snippet:-1, max-image-preview:large, max-video-preview:-1\" \/>\n<link rel=\"canonical\" href=\"https:\/\/www.predict.io\/de\/referenzen\/\" \/>\n<meta property=\"og:locale\" content=\"de_DE\" \/>\n<meta property=\"og:type\" content=\"article\" \/>\n<meta property=\"og:title\" content=\"Referenzen | predict.io\" \/>\n<meta property=\"og:description\" content=\"Referenzen Wir begleiten Unternehmen dabei auf Basis pr\u00e4ziser Verhaltensdaten nahtlose Multi-Channel-Kampagnen zu realisieren. Diese sprechen Kunden digital als auch pers\u00f6nlich am Point of Sale effektiv an und generieren so messbare Erfolge f\u00fcr nachhaltiges Wachstum. Case Studies [...]Weiterlesen\u00a0\u2026 from Referenzen\" \/>\n<meta property=\"og:url\" content=\"https:\/\/www.predict.io\/de\/referenzen\/\" \/>\n<meta property=\"og:site_name\" content=\"predict.io\" \/>\n<meta property=\"article:modified_time\" content=\"2026-02-23T10:38:09+00:00\" \/>\n<meta property=\"og:image\" content=\"https:\/\/www.predict.io\/wp-content\/uploads\/2026\/02\/pfalzwerkepredict.webp\" \/>\n\t<meta property=\"og:image:width\" content=\"894\" \/>\n\t<meta property=\"og:image:height\" content=\"601\" \/>\n\t<meta property=\"og:image:type\" content=\"image\/webp\" \/>\n<meta name=\"twitter:card\" content=\"summary_large_image\" \/>\n<meta name=\"twitter:label1\" content=\"Gesch\u00e4tzte Lesezeit\" \/>\n\t<meta name=\"twitter:data1\" content=\"1\u00a0Minute\" \/>\n<script type=\"application\/ld+json\" class=\"yoast-schema-graph\">{\"@context\":\"https:\/\/schema.org\",\"@graph\":[{\"@type\":\"WebPage\",\"@id\":\"https:\/\/www.predict.io\/de\/referenzen\/\",\"url\":\"https:\/\/www.predict.io\/de\/referenzen\/\",\"name\":\"Referenzen | predict.io\",\"isPartOf\":{\"@id\":\"https:\/\/www.predict.io\/de\/#website\"},\"primaryImageOfPage\":{\"@id\":\"https:\/\/www.predict.io\/de\/referenzen\/#primaryimage\"},\"image\":{\"@id\":\"https:\/\/www.predict.io\/de\/referenzen\/#primaryimage\"},\"thumbnailUrl\":\"https:\/\/www.predict.io\/wp-content\/uploads\/2026\/02\/pfalzwerkepredict.webp\",\"datePublished\":\"2026-01-28T06:46:37+00:00\",\"dateModified\":\"2026-02-23T10:38:09+00:00\",\"breadcrumb\":{\"@id\":\"https:\/\/www.predict.io\/de\/referenzen\/#breadcrumb\"},\"inLanguage\":\"de\",\"potentialAction\":[{\"@type\":\"ReadAction\",\"target\":[\"https:\/\/www.predict.io\/de\/referenzen\/\"]}]},{\"@type\":\"ImageObject\",\"inLanguage\":\"de\",\"@id\":\"https:\/\/www.predict.io\/de\/referenzen\/#primaryimage\",\"url\":\"https:\/\/www.predict.io\/wp-content\/uploads\/2026\/02\/pfalzwerkepredict.webp\",\"contentUrl\":\"https:\/\/www.predict.io\/wp-content\/uploads\/2026\/02\/pfalzwerkepredict.webp\"},{\"@type\":\"BreadcrumbList\",\"@id\":\"https:\/\/www.predict.io\/de\/referenzen\/#breadcrumb\",\"itemListElement\":[{\"@type\":\"ListItem\",\"position\":1,\"name\":\"Startseite\",\"item\":\"https:\/\/www.predict.io\/de\/\"},{\"@type\":\"ListItem\",\"position\":2,\"name\":\"Referenzen\"}]},{\"@type\":\"WebSite\",\"@id\":\"https:\/\/www.predict.io\/de\/#website\",\"url\":\"https:\/\/www.predict.io\/de\/\",\"name\":\"predict.io\",\"description\":\"\",\"publisher\":{\"@id\":\"https:\/\/www.predict.io\/de\/#organization\"},\"potentialAction\":[{\"@type\":\"SearchAction\",\"target\":{\"@type\":\"EntryPoint\",\"urlTemplate\":\"https:\/\/www.predict.io\/de\/?s={search_term_string}\"},\"query-input\":{\"@type\":\"PropertyValueSpecification\",\"valueRequired\":true,\"valueName\":\"search_term_string\"}}],\"inLanguage\":\"de\"},{\"@type\":\"Organization\",\"@id\":\"https:\/\/www.predict.io\/de\/#organization\",\"name\":\"predict.io\",\"url\":\"https:\/\/www.predict.io\/de\/\",\"logo\":{\"@type\":\"ImageObject\",\"inLanguage\":\"de\",\"@id\":\"https:\/\/www.predict.io\/de\/#\/schema\/logo\/image\/\",\"url\":\"https:\/\/www.predict.io\/wp-content\/uploads\/2025\/03\/cropped-android-chrome-512x512-1.png\",\"contentUrl\":\"https:\/\/www.predict.io\/wp-content\/uploads\/2025\/03\/cropped-android-chrome-512x512-1.png\",\"width\":512,\"height\":512,\"caption\":\"predict.io\"},\"image\":{\"@id\":\"https:\/\/www.predict.io\/de\/#\/schema\/logo\/image\/\"}}]}<\/script>\n<!-- \/ Yoast SEO plugin. -->","yoast_head_json":{"title":"Referenzen | predict.io","robots":{"index":"index","follow":"follow","max-snippet":"max-snippet:-1","max-image-preview":"max-image-preview:large","max-video-preview":"max-video-preview:-1"},"canonical":"https:\/\/www.predict.io\/de\/referenzen\/","og_locale":"de_DE","og_type":"article","og_title":"Referenzen | predict.io","og_description":"Referenzen Wir begleiten Unternehmen dabei auf Basis pr\u00e4ziser Verhaltensdaten nahtlose Multi-Channel-Kampagnen zu realisieren. Diese sprechen Kunden digital als auch pers\u00f6nlich am Point of Sale effektiv an und generieren so messbare Erfolge f\u00fcr nachhaltiges Wachstum. Case Studies [...]Weiterlesen\u00a0\u2026 from Referenzen","og_url":"https:\/\/www.predict.io\/de\/referenzen\/","og_site_name":"predict.io","article_modified_time":"2026-02-23T10:38:09+00:00","og_image":[{"width":894,"height":601,"url":"https:\/\/www.predict.io\/wp-content\/uploads\/2026\/02\/pfalzwerkepredict.webp","type":"image\/webp"}],"twitter_card":"summary_large_image","twitter_misc":{"Gesch\u00e4tzte Lesezeit":"1\u00a0Minute"},"schema":{"@context":"https:\/\/schema.org","@graph":[{"@type":"WebPage","@id":"https:\/\/www.predict.io\/de\/referenzen\/","url":"https:\/\/www.predict.io\/de\/referenzen\/","name":"Referenzen | predict.io","isPartOf":{"@id":"https:\/\/www.predict.io\/de\/#website"},"primaryImageOfPage":{"@id":"https:\/\/www.predict.io\/de\/referenzen\/#primaryimage"},"image":{"@id":"https:\/\/www.predict.io\/de\/referenzen\/#primaryimage"},"thumbnailUrl":"https:\/\/www.predict.io\/wp-content\/uploads\/2026\/02\/pfalzwerkepredict.webp","datePublished":"2026-01-28T06:46:37+00:00","dateModified":"2026-02-23T10:38:09+00:00","breadcrumb":{"@id":"https:\/\/www.predict.io\/de\/referenzen\/#breadcrumb"},"inLanguage":"de","potentialAction":[{"@type":"ReadAction","target":["https:\/\/www.predict.io\/de\/referenzen\/"]}]},{"@type":"ImageObject","inLanguage":"de","@id":"https:\/\/www.predict.io\/de\/referenzen\/#primaryimage","url":"https:\/\/www.predict.io\/wp-content\/uploads\/2026\/02\/pfalzwerkepredict.webp","contentUrl":"https:\/\/www.predict.io\/wp-content\/uploads\/2026\/02\/pfalzwerkepredict.webp"},{"@type":"BreadcrumbList","@id":"https:\/\/www.predict.io\/de\/referenzen\/#breadcrumb","itemListElement":[{"@type":"ListItem","position":1,"name":"Startseite","item":"https:\/\/www.predict.io\/de\/"},{"@type":"ListItem","position":2,"name":"Referenzen"}]},{"@type":"WebSite","@id":"https:\/\/www.predict.io\/de\/#website","url":"https:\/\/www.predict.io\/de\/","name":"predict.io","description":"","publisher":{"@id":"https:\/\/www.predict.io\/de\/#organization"},"potentialAction":[{"@type":"SearchAction","target":{"@type":"EntryPoint","urlTemplate":"https:\/\/www.predict.io\/de\/?s={search_term_string}"},"query-input":{"@type":"PropertyValueSpecification","valueRequired":true,"valueName":"search_term_string"}}],"inLanguage":"de"},{"@type":"Organization","@id":"https:\/\/www.predict.io\/de\/#organization","name":"predict.io","url":"https:\/\/www.predict.io\/de\/","logo":{"@type":"ImageObject","inLanguage":"de","@id":"https:\/\/www.predict.io\/de\/#\/schema\/logo\/image\/","url":"https:\/\/www.predict.io\/wp-content\/uploads\/2025\/03\/cropped-android-chrome-512x512-1.png","contentUrl":"https:\/\/www.predict.io\/wp-content\/uploads\/2025\/03\/cropped-android-chrome-512x512-1.png","width":512,"height":512,"caption":"predict.io"},"image":{"@id":"https:\/\/www.predict.io\/de\/#\/schema\/logo\/image\/"}}]}},"_links":{"self":[{"href":"https:\/\/www.predict.io\/de\/wp-json\/wp\/v2\/pages\/878","targetHints":{"allow":["GET"]}}],"collection":[{"href":"https:\/\/www.predict.io\/de\/wp-json\/wp\/v2\/pages"}],"about":[{"href":"https:\/\/www.predict.io\/de\/wp-json\/wp\/v2\/types\/page"}],"author":[{"embeddable":true,"href":"https:\/\/www.predict.io\/de\/wp-json\/wp\/v2\/users\/1"}],"replies":[{"embeddable":true,"href":"https:\/\/www.predict.io\/de\/wp-json\/wp\/v2\/comments?post=878"}],"version-history":[{"count":10,"href":"https:\/\/www.predict.io\/de\/wp-json\/wp\/v2\/pages\/878\/revisions"}],"predecessor-version":[{"id":980,"href":"https:\/\/www.predict.io\/de\/wp-json\/wp\/v2\/pages\/878\/revisions\/980"}],"wp:attachment":[{"href":"https:\/\/www.predict.io\/de\/wp-json\/wp\/v2\/media?parent=878"}],"curies":[{"name":"wp","href":"https:\/\/api.w.org\/{rel}","templated":true}]}}