{"id":880,"date":"2026-01-28T07:47:51","date_gmt":"2026-01-28T06:47:51","guid":{"rendered":"https:\/\/www.predict.io\/?page_id=880"},"modified":"2026-01-28T08:32:44","modified_gmt":"2026-01-28T07:32:44","slug":"pfalzwerke","status":"publish","type":"page","link":"https:\/\/www.predict.io\/de\/referenzen\/pfalzwerke\/","title":{"rendered":"Pfalzwerke"},"content":{"rendered":"\n<div class=\"wp-block-group expanded header-subpage\"><div class=\"wp-block-group__inner-container is-layout-constrained wp-block-group-is-layout-constrained\">\n<div class=\"wp-block-columns container is-layout-flex wp-container-core-columns-is-layout-9d6595d7 wp-block-columns-is-layout-flex\">\n<div class=\"wp-block-column is-vertically-aligned-center text-header is-layout-flow wp-block-column-is-layout-flow\">\n<figure class=\"wp-block-image size-large\"><img loading=\"lazy\" decoding=\"async\" width=\"1024\" height=\"561\" src=\"https:\/\/www.predict.io\/wp-content\/uploads\/2026\/01\/Laptop_Pfalzwerke_1920px-1024x561.png\" alt=\"\" class=\"wp-image-881\" srcset=\"https:\/\/www.predict.io\/wp-content\/uploads\/2026\/01\/Laptop_Pfalzwerke_1920px-1024x561.png 1024w, https:\/\/www.predict.io\/wp-content\/uploads\/2026\/01\/Laptop_Pfalzwerke_1920px-300x164.png 300w, https:\/\/www.predict.io\/wp-content\/uploads\/2026\/01\/Laptop_Pfalzwerke_1920px-768x421.png 768w, https:\/\/www.predict.io\/wp-content\/uploads\/2026\/01\/Laptop_Pfalzwerke_1920px-1536x842.png 1536w, https:\/\/www.predict.io\/wp-content\/uploads\/2026\/01\/Laptop_Pfalzwerke_1920px.png 1920w\" sizes=\"auto, (max-width: 1024px) 100vw, 1024px\" \/><\/figure>\n<\/div>\n<\/div>\n<\/div><\/div>\n\n\n\n<h1 class=\"wp-block-heading\">Erfolgsgeschichte: Pfalzwerke \u2013 Vertriebserfolg mit Predict.io<\/h1>\n\n\n\n<p>Die Pfalzwerke Gruppe steht f\u00fcr innovative Energiel\u00f6sungen in S\u00fcdwestdeutschland. Um die Abschlussquoten bei Photovoltaik und W\u00e4rmepumpen zu steigern, setzte das Unternehmen auf eine datengetriebene Strategie und strukturierte Lead-Qualifizierung. Das Ergebnis: Mehr Effizienz im Vertrieb und eine nachhaltige Umsatzsteigerung<\/p>\n\n\n\n<div style=\"height:50px\" aria-hidden=\"true\" class=\"wp-block-spacer\"><\/div>\n\n\n\n<div class=\"wp-block-group expanded list has-background\" style=\"background-color:#eaebe3\"><div class=\"wp-block-group__inner-container is-layout-constrained wp-block-group-is-layout-constrained\">\n<div class=\"wp-block-columns container is-layout-flex wp-container-core-columns-is-layout-9d6595d7 wp-block-columns-is-layout-flex\">\n<div class=\"wp-block-column is-layout-flow wp-block-column-is-layout-flow\">\n<div class=\"wp-block-media-text is-vertically-aligned-top icon-card\" style=\"grid-template-columns:15% auto\"><figure class=\"wp-block-media-text__media\"><img loading=\"lazy\" decoding=\"async\" width=\"124\" height=\"124\" src=\"https:\/\/www.predict.io\/wp-content\/uploads\/2026\/01\/unternehmen.png\" alt=\"\" class=\"wp-image-900 size-full\"\/><\/figure><div class=\"wp-block-media-text__content\">\n<h3 class=\"wp-block-heading\">Unternehmen<\/h3>\n\n\n\n<p>Pfalzwerke Gruppe<\/p>\n<\/div><\/div>\n<\/div>\n\n\n\n<div class=\"wp-block-column is-layout-flow wp-block-column-is-layout-flow\">\n<div class=\"wp-block-media-text is-vertically-aligned-top icon-card\" style=\"grid-template-columns:15% auto\"><figure class=\"wp-block-media-text__media\"><img loading=\"lazy\" decoding=\"async\" width=\"124\" height=\"124\" src=\"https:\/\/www.predict.io\/wp-content\/uploads\/2026\/01\/kalender.png\" alt=\"\" class=\"wp-image-906 size-full\"\/><\/figure><div class=\"wp-block-media-text__content\">\n<h3 class=\"wp-block-heading\">Kunde seit<\/h3>\n\n\n\n<p>2025<\/p>\n<\/div><\/div>\n<\/div>\n<\/div>\n\n\n\n<div style=\"height:40px\" aria-hidden=\"true\" class=\"wp-block-spacer\"><\/div>\n\n\n\n<div class=\"wp-block-columns container is-layout-flex wp-container-core-columns-is-layout-9d6595d7 wp-block-columns-is-layout-flex\">\n<div class=\"wp-block-column is-layout-flow wp-block-column-is-layout-flow\">\n<div class=\"wp-block-media-text is-vertically-aligned-top icon-card stretch-card\" style=\"grid-template-columns:15% auto\"><figure class=\"wp-block-media-text__media\"><img loading=\"lazy\" decoding=\"async\" width=\"124\" height=\"124\" src=\"https:\/\/www.predict.io\/wp-content\/uploads\/2026\/01\/webseite.png\" alt=\"\" class=\"wp-image-904 size-full\"\/><\/figure><div class=\"wp-block-media-text__content\">\n<h3 class=\"wp-block-heading\">Webseite<\/h3>\n\n\n\n<p><a href=\"https:\/\/www.pfalzwerke.de\/\" target=\"_blank\" rel=\"noreferrer noopener sponsored nofollow\">www.pfalzwerke.de<\/a><\/p>\n<\/div><\/div>\n<\/div>\n\n\n\n<div class=\"wp-block-column is-layout-flow wp-block-column-is-layout-flow\">\n<div class=\"wp-block-media-text is-vertically-aligned-top icon-card\" style=\"grid-template-columns:15% auto\"><figure class=\"wp-block-media-text__media\"><img loading=\"lazy\" decoding=\"async\" width=\"124\" height=\"124\" src=\"https:\/\/www.predict.io\/wp-content\/uploads\/2026\/01\/vorgang.png\" alt=\"\" class=\"wp-image-902 size-full\"\/><\/figure><div class=\"wp-block-media-text__content\">\n<h3 class=\"wp-block-heading\">Unsere L\u00f6sungen<\/h3>\n\n\n\n<p>Strategische Leadgenerierung, Telefonisches Pre-Screening, Vorqualifizierung von Leads<\/p>\n<\/div><\/div>\n<\/div>\n<\/div>\n<\/div><\/div>\n\n\n\n<div style=\"height:50px\" aria-hidden=\"true\" class=\"wp-block-spacer\"><\/div>\n\n\n\n<h3 class=\"wp-block-heading\">Herausforderung<\/h3>\n\n\n\n<p>Die Pfalzwerke verzeichneten zwar ein konstantes Lead-Volumen in den Zielm\u00e4rkten, jedoch fehlte eine tiefere Vorqualifizierung, um die Vertriebskapazit\u00e4ten gezielt auf tats\u00e4chliche Kaufinteressenten auszurichten. Der bisherige Prozess war mit Streuverlusten und langwierigen Vertriebszyklen verbunden.<\/p>\n\n\n\n<div style=\"height:40px\" aria-hidden=\"true\" class=\"wp-block-spacer\"><\/div>\n\n\n\n<div class=\"wp-block-media-text has-media-on-the-right is-stacked-on-mobile\" style=\"grid-template-columns:auto 30%\"><div class=\"wp-block-media-text__content\">\n<h3 class=\"wp-block-heading\">Unsere L\u00f6sung<\/h3>\n\n\n\n<p>Predict.io f\u00fchrte ein telefonisches Pre-Screening mit einer Dauer von 10-15 Minuten pro Lead ein. Hierbei wurden relevante Daten wie Stromverbrauch, technischer Bedarf, Investitionsbereitschaft und weitere Geb\u00e4udedaten erfasst. <\/p>\n\n\n\n<p>Mit klar strukturierten Lead-Sheets erhielt der Au\u00dfendienst belastbare Wirtschaftlichkeitswerte f\u00fcr die sofortige Angebotserstellung.<\/p>\n<\/div><figure class=\"wp-block-media-text__media\"><img loading=\"lazy\" decoding=\"async\" width=\"1024\" height=\"683\" src=\"https:\/\/www.predict.io\/wp-content\/uploads\/2026\/01\/Smartphone_Pfalzwerke-1024x683.png\" alt=\"\" class=\"wp-image-883 size-medium\" srcset=\"https:\/\/www.predict.io\/wp-content\/uploads\/2026\/01\/Smartphone_Pfalzwerke-1024x683.png 1024w, https:\/\/www.predict.io\/wp-content\/uploads\/2026\/01\/Smartphone_Pfalzwerke-300x200.png 300w, https:\/\/www.predict.io\/wp-content\/uploads\/2026\/01\/Smartphone_Pfalzwerke-768x512.png 768w, https:\/\/www.predict.io\/wp-content\/uploads\/2026\/01\/Smartphone_Pfalzwerke.png 1200w\" sizes=\"auto, (max-width: 1024px) 100vw, 1024px\" \/><\/figure><\/div>\n\n\n\n<div style=\"height:20px\" aria-hidden=\"true\" class=\"wp-block-spacer\"><\/div>\n\n\n\n<h3 class=\"wp-block-heading\">Nutzen<\/h3>\n\n\n\n<ul class=\"wp-block-list krick-ul\">\n<li id=\"atv\"><strong>Deutlich h\u00f6here Abschlussquote:<\/strong> <br>Vorqualifizierte Leads erreichen eine Abschlussquote von bis zu 75%.<\/li>\n\n\n\n<li><strong>Verk\u00fcrzte Vertriebszyklen:<\/strong> <br>Dank vorbereiteter Daten konnten Angebote schneller erstellt und Kunden gezielt angesprochen werden.<\/li>\n\n\n\n<li><strong>Mehr Effizienz:<\/strong> <br>Reduzierter Arbeitsaufwand im Au\u00dfendienst und weniger Streuverluste maximieren den ROI.<\/li>\n\n\n\n<li><strong>Wettbewerbsvorteil:<\/strong> <br>Die faktenbasierte Beratung st\u00e4rkt die Kundenbeziehung und hebt die Pfalzwerke von Mitbewerbern ab.<\/li>\n\n\n\n<li><strong>Messbare Umsatzsteigerung:<\/strong> <br>Bei konstantem Marketingbudget stieg der Umsatz signifikant, insbesondere im Photovoltaik-Bereich um 25%<\/li>\n\n\n\n<li><strong>Skalierbares Lead-Management:<\/strong> <br>Die Prozesse erlauben eine langfristige und flexible Skalierung.<\/li>\n<\/ul>\n\n\n\n<div style=\"height:50px\" aria-hidden=\"true\" class=\"wp-block-spacer\"><\/div>\n\n\n\n<div class=\"wp-block-group expanded has-text-color has-background has-link-color wp-elements-575fa22dd09acd13d69b4d4493cb33e6\" style=\"color:#050505;background-color:#edf8f9\"><div class=\"wp-block-group__inner-container is-layout-constrained wp-block-group-is-layout-constrained\">\n<h3 class=\"wp-block-heading has-text-align-left container has-gray-dark-color has-text-color has-link-color wp-elements-f313799bbbb5ea7a466929fa4c96cd85\">Kundenstimme<\/h3>\n\n\n\n<div style=\"height:10px\" aria-hidden=\"true\" class=\"wp-block-spacer\"><\/div>\n\n\n\n<p class=\"has-text-align-left container has-text-color has-link-color wp-elements-378a8f732b676de7e8118702560dcdb3\" style=\"color:#0098a2\">&#8222;Die Zusammenarbeit mit Predict.io hat unseren Vertriebsprozess entscheidend professionalisiert. Es geht nicht mehr nur um die reine Masse an Leads, sondern um die Qualit\u00e4t und die strategische Vorbereitung jedes einzelnen Gespr\u00e4chs. Durch das detaillierte Pre-Screening gewinnen wir wertvolle Zeit und k\u00f6nnen unsere Kunden von der ersten Minute an fachlich fundiert beraten. Predict.io ist f\u00fcr uns kein reiner Dienstleister, sondern ein Partner, der unser Gesch\u00e4ft versteht und uns hilft, Potenziale im Markt wirklich effizient auszusch\u00f6pfen.&#8220;<\/p>\n<\/div><\/div>\n\n\n\n<div style=\"height:40px\" aria-hidden=\"true\" class=\"wp-block-spacer\"><\/div>\n\n\n\n<h3 class=\"wp-block-heading\">Fazit<\/h3>\n\n\n\n<p>Die Pfalzwerke konnten dank Predict.io ihren Vertrieb von einer reaktiven auf eine proaktive Kundenansprache umstellen. Durch die Kombination aus datenbasierter Leadgenerierung und gezielter Vorqualifizierung entstand ein nachhaltiger Wettbewerbsvorteil sowie ein klar messbarer ROI. Als n\u00e4chsten Schritt wird die Webseite gezielt f\u00fcr SEO &amp; GEP optimiert, um die digitale Sichtbarkeit weiter zu erh\u00f6hen.<\/p>\n\n\n\n<div style=\"height:100px\" aria-hidden=\"true\" class=\"wp-block-spacer\"><\/div>\n","protected":false},"excerpt":{"rendered":"<p>Erfolgsgeschichte: Pfalzwerke \u2013 Vertriebserfolg mit Predict.io Die Pfalzwerke Gruppe steht f\u00fcr innovative Energiel\u00f6sungen in S\u00fcdwestdeutschland. Um die Abschlussquoten bei Photovoltaik und W\u00e4rmepumpen zu steigern, setzte das Unternehmen auf eine datengetriebene Strategie und strukturierte Lead-Qualifizierung. Das Ergebnis: Mehr Effizienz im Vertrieb und eine nachhaltige Umsatzsteigerung Unternehmen Pfalzwerke Gruppe Kunde seit 2025 Webseite www.pfalzwerke.de Unsere L\u00f6sungen Strategische [&#8230;]<\/p>\n<p><a class=\"btn btn-secondary understrap-read-more-link\" href=\"https:\/\/www.predict.io\/de\/referenzen\/pfalzwerke\/\">Weiterlesen\u00a0\u2026<span class=\"screen-reader-text\"> from Pfalzwerke<\/span><\/a><\/p>\n","protected":false},"author":1,"featured_media":0,"parent":878,"menu_order":0,"comment_status":"closed","ping_status":"closed","template":"page-templates\/fullwidthpage.php","meta":{"content-type":"","footnotes":""},"class_list":["post-880","page","type-page","status-publish","hentry"],"yoast_head":"<!-- This site is optimized with the Yoast SEO plugin v26.8 - https:\/\/yoast.com\/product\/yoast-seo-wordpress\/ -->\n<title>Pfalzwerke | predict.io<\/title>\n<meta name=\"robots\" content=\"index, follow, max-snippet:-1, max-image-preview:large, max-video-preview:-1\" \/>\n<link rel=\"canonical\" href=\"https:\/\/www.predict.io\/de\/referenzen\/pfalzwerke\/\" \/>\n<meta property=\"og:locale\" content=\"de_DE\" \/>\n<meta property=\"og:type\" content=\"article\" \/>\n<meta property=\"og:title\" content=\"Pfalzwerke | predict.io\" \/>\n<meta property=\"og:description\" content=\"Erfolgsgeschichte: Pfalzwerke \u2013 Vertriebserfolg mit Predict.io Die Pfalzwerke Gruppe steht f\u00fcr innovative Energiel\u00f6sungen in S\u00fcdwestdeutschland. Um die Abschlussquoten bei Photovoltaik und W\u00e4rmepumpen zu steigern, setzte das Unternehmen auf eine datengetriebene Strategie und strukturierte Lead-Qualifizierung. Das Ergebnis: Mehr Effizienz im Vertrieb und eine nachhaltige Umsatzsteigerung Unternehmen Pfalzwerke Gruppe Kunde seit 2025 Webseite www.pfalzwerke.de Unsere L\u00f6sungen Strategische [...]Weiterlesen\u00a0\u2026 from Pfalzwerke\" \/>\n<meta property=\"og:url\" content=\"https:\/\/www.predict.io\/de\/referenzen\/pfalzwerke\/\" \/>\n<meta property=\"og:site_name\" content=\"predict.io\" \/>\n<meta property=\"article:modified_time\" content=\"2026-01-28T07:32:44+00:00\" \/>\n<meta property=\"og:image\" content=\"https:\/\/www.predict.io\/wp-content\/uploads\/2026\/01\/Laptop_Pfalzwerke_1920px.png\" \/>\n\t<meta property=\"og:image:width\" content=\"1920\" \/>\n\t<meta property=\"og:image:height\" content=\"1052\" \/>\n\t<meta property=\"og:image:type\" content=\"image\/png\" \/>\n<meta name=\"twitter:card\" content=\"summary_large_image\" \/>\n<meta name=\"twitter:label1\" content=\"Gesch\u00e4tzte Lesezeit\" \/>\n\t<meta name=\"twitter:data1\" content=\"4\u00a0Minuten\" \/>\n<script type=\"application\/ld+json\" class=\"yoast-schema-graph\">{\"@context\":\"https:\/\/schema.org\",\"@graph\":[{\"@type\":\"WebPage\",\"@id\":\"https:\/\/www.predict.io\/de\/referenzen\/pfalzwerke\/\",\"url\":\"https:\/\/www.predict.io\/de\/referenzen\/pfalzwerke\/\",\"name\":\"Pfalzwerke | predict.io\",\"isPartOf\":{\"@id\":\"https:\/\/www.predict.io\/de\/#website\"},\"primaryImageOfPage\":{\"@id\":\"https:\/\/www.predict.io\/de\/referenzen\/pfalzwerke\/#primaryimage\"},\"image\":{\"@id\":\"https:\/\/www.predict.io\/de\/referenzen\/pfalzwerke\/#primaryimage\"},\"thumbnailUrl\":\"https:\/\/www.predict.io\/wp-content\/uploads\/2026\/01\/Laptop_Pfalzwerke_1920px-1024x561.png\",\"datePublished\":\"2026-01-28T06:47:51+00:00\",\"dateModified\":\"2026-01-28T07:32:44+00:00\",\"breadcrumb\":{\"@id\":\"https:\/\/www.predict.io\/de\/referenzen\/pfalzwerke\/#breadcrumb\"},\"inLanguage\":\"de\",\"potentialAction\":[{\"@type\":\"ReadAction\",\"target\":[\"https:\/\/www.predict.io\/de\/referenzen\/pfalzwerke\/\"]}]},{\"@type\":\"ImageObject\",\"inLanguage\":\"de\",\"@id\":\"https:\/\/www.predict.io\/de\/referenzen\/pfalzwerke\/#primaryimage\",\"url\":\"https:\/\/www.predict.io\/wp-content\/uploads\/2026\/01\/Laptop_Pfalzwerke_1920px-1024x561.png\",\"contentUrl\":\"https:\/\/www.predict.io\/wp-content\/uploads\/2026\/01\/Laptop_Pfalzwerke_1920px-1024x561.png\"},{\"@type\":\"BreadcrumbList\",\"@id\":\"https:\/\/www.predict.io\/de\/referenzen\/pfalzwerke\/#breadcrumb\",\"itemListElement\":[{\"@type\":\"ListItem\",\"position\":1,\"name\":\"Startseite\",\"item\":\"https:\/\/www.predict.io\/de\/\"},{\"@type\":\"ListItem\",\"position\":2,\"name\":\"Referenzen\",\"item\":\"https:\/\/www.predict.io\/de\/referenzen\/\"},{\"@type\":\"ListItem\",\"position\":3,\"name\":\"Pfalzwerke\"}]},{\"@type\":\"WebSite\",\"@id\":\"https:\/\/www.predict.io\/de\/#website\",\"url\":\"https:\/\/www.predict.io\/de\/\",\"name\":\"predict.io\",\"description\":\"\",\"publisher\":{\"@id\":\"https:\/\/www.predict.io\/de\/#organization\"},\"potentialAction\":[{\"@type\":\"SearchAction\",\"target\":{\"@type\":\"EntryPoint\",\"urlTemplate\":\"https:\/\/www.predict.io\/de\/?s={search_term_string}\"},\"query-input\":{\"@type\":\"PropertyValueSpecification\",\"valueRequired\":true,\"valueName\":\"search_term_string\"}}],\"inLanguage\":\"de\"},{\"@type\":\"Organization\",\"@id\":\"https:\/\/www.predict.io\/de\/#organization\",\"name\":\"predict.io\",\"url\":\"https:\/\/www.predict.io\/de\/\",\"logo\":{\"@type\":\"ImageObject\",\"inLanguage\":\"de\",\"@id\":\"https:\/\/www.predict.io\/de\/#\/schema\/logo\/image\/\",\"url\":\"https:\/\/www.predict.io\/wp-content\/uploads\/2025\/03\/cropped-android-chrome-512x512-1.png\",\"contentUrl\":\"https:\/\/www.predict.io\/wp-content\/uploads\/2025\/03\/cropped-android-chrome-512x512-1.png\",\"width\":512,\"height\":512,\"caption\":\"predict.io\"},\"image\":{\"@id\":\"https:\/\/www.predict.io\/de\/#\/schema\/logo\/image\/\"}}]}<\/script>\n<!-- \/ Yoast SEO plugin. -->","yoast_head_json":{"title":"Pfalzwerke | predict.io","robots":{"index":"index","follow":"follow","max-snippet":"max-snippet:-1","max-image-preview":"max-image-preview:large","max-video-preview":"max-video-preview:-1"},"canonical":"https:\/\/www.predict.io\/de\/referenzen\/pfalzwerke\/","og_locale":"de_DE","og_type":"article","og_title":"Pfalzwerke | predict.io","og_description":"Erfolgsgeschichte: Pfalzwerke \u2013 Vertriebserfolg mit Predict.io Die Pfalzwerke Gruppe steht f\u00fcr innovative Energiel\u00f6sungen in S\u00fcdwestdeutschland. Um die Abschlussquoten bei Photovoltaik und W\u00e4rmepumpen zu steigern, setzte das Unternehmen auf eine datengetriebene Strategie und strukturierte Lead-Qualifizierung. Das Ergebnis: Mehr Effizienz im Vertrieb und eine nachhaltige Umsatzsteigerung Unternehmen Pfalzwerke Gruppe Kunde seit 2025 Webseite www.pfalzwerke.de Unsere L\u00f6sungen Strategische [...]Weiterlesen\u00a0\u2026 from Pfalzwerke","og_url":"https:\/\/www.predict.io\/de\/referenzen\/pfalzwerke\/","og_site_name":"predict.io","article_modified_time":"2026-01-28T07:32:44+00:00","og_image":[{"width":1920,"height":1052,"url":"https:\/\/www.predict.io\/wp-content\/uploads\/2026\/01\/Laptop_Pfalzwerke_1920px.png","type":"image\/png"}],"twitter_card":"summary_large_image","twitter_misc":{"Gesch\u00e4tzte Lesezeit":"4\u00a0Minuten"},"schema":{"@context":"https:\/\/schema.org","@graph":[{"@type":"WebPage","@id":"https:\/\/www.predict.io\/de\/referenzen\/pfalzwerke\/","url":"https:\/\/www.predict.io\/de\/referenzen\/pfalzwerke\/","name":"Pfalzwerke | predict.io","isPartOf":{"@id":"https:\/\/www.predict.io\/de\/#website"},"primaryImageOfPage":{"@id":"https:\/\/www.predict.io\/de\/referenzen\/pfalzwerke\/#primaryimage"},"image":{"@id":"https:\/\/www.predict.io\/de\/referenzen\/pfalzwerke\/#primaryimage"},"thumbnailUrl":"https:\/\/www.predict.io\/wp-content\/uploads\/2026\/01\/Laptop_Pfalzwerke_1920px-1024x561.png","datePublished":"2026-01-28T06:47:51+00:00","dateModified":"2026-01-28T07:32:44+00:00","breadcrumb":{"@id":"https:\/\/www.predict.io\/de\/referenzen\/pfalzwerke\/#breadcrumb"},"inLanguage":"de","potentialAction":[{"@type":"ReadAction","target":["https:\/\/www.predict.io\/de\/referenzen\/pfalzwerke\/"]}]},{"@type":"ImageObject","inLanguage":"de","@id":"https:\/\/www.predict.io\/de\/referenzen\/pfalzwerke\/#primaryimage","url":"https:\/\/www.predict.io\/wp-content\/uploads\/2026\/01\/Laptop_Pfalzwerke_1920px-1024x561.png","contentUrl":"https:\/\/www.predict.io\/wp-content\/uploads\/2026\/01\/Laptop_Pfalzwerke_1920px-1024x561.png"},{"@type":"BreadcrumbList","@id":"https:\/\/www.predict.io\/de\/referenzen\/pfalzwerke\/#breadcrumb","itemListElement":[{"@type":"ListItem","position":1,"name":"Startseite","item":"https:\/\/www.predict.io\/de\/"},{"@type":"ListItem","position":2,"name":"Referenzen","item":"https:\/\/www.predict.io\/de\/referenzen\/"},{"@type":"ListItem","position":3,"name":"Pfalzwerke"}]},{"@type":"WebSite","@id":"https:\/\/www.predict.io\/de\/#website","url":"https:\/\/www.predict.io\/de\/","name":"predict.io","description":"","publisher":{"@id":"https:\/\/www.predict.io\/de\/#organization"},"potentialAction":[{"@type":"SearchAction","target":{"@type":"EntryPoint","urlTemplate":"https:\/\/www.predict.io\/de\/?s={search_term_string}"},"query-input":{"@type":"PropertyValueSpecification","valueRequired":true,"valueName":"search_term_string"}}],"inLanguage":"de"},{"@type":"Organization","@id":"https:\/\/www.predict.io\/de\/#organization","name":"predict.io","url":"https:\/\/www.predict.io\/de\/","logo":{"@type":"ImageObject","inLanguage":"de","@id":"https:\/\/www.predict.io\/de\/#\/schema\/logo\/image\/","url":"https:\/\/www.predict.io\/wp-content\/uploads\/2025\/03\/cropped-android-chrome-512x512-1.png","contentUrl":"https:\/\/www.predict.io\/wp-content\/uploads\/2025\/03\/cropped-android-chrome-512x512-1.png","width":512,"height":512,"caption":"predict.io"},"image":{"@id":"https:\/\/www.predict.io\/de\/#\/schema\/logo\/image\/"}}]}},"_links":{"self":[{"href":"https:\/\/www.predict.io\/de\/wp-json\/wp\/v2\/pages\/880","targetHints":{"allow":["GET"]}}],"collection":[{"href":"https:\/\/www.predict.io\/de\/wp-json\/wp\/v2\/pages"}],"about":[{"href":"https:\/\/www.predict.io\/de\/wp-json\/wp\/v2\/types\/page"}],"author":[{"embeddable":true,"href":"https:\/\/www.predict.io\/de\/wp-json\/wp\/v2\/users\/1"}],"replies":[{"embeddable":true,"href":"https:\/\/www.predict.io\/de\/wp-json\/wp\/v2\/comments?post=880"}],"version-history":[{"count":2,"href":"https:\/\/www.predict.io\/de\/wp-json\/wp\/v2\/pages\/880\/revisions"}],"predecessor-version":[{"id":909,"href":"https:\/\/www.predict.io\/de\/wp-json\/wp\/v2\/pages\/880\/revisions\/909"}],"up":[{"embeddable":true,"href":"https:\/\/www.predict.io\/de\/wp-json\/wp\/v2\/pages\/878"}],"wp:attachment":[{"href":"https:\/\/www.predict.io\/de\/wp-json\/wp\/v2\/media?parent=880"}],"curies":[{"name":"wp","href":"https:\/\/api.w.org\/{rel}","templated":true}]}}